{"id":18604,"date":"2025-04-30T02:26:57","date_gmt":"2025-04-30T02:26:57","guid":{"rendered":"https:\/\/lawhiskeria.cr\/?post_type=product&#038;p=18604"},"modified":"2025-10-28T01:51:52","modified_gmt":"2025-10-28T01:51:52","slug":"escondido-ribera-del-duero","status":"publish","type":"product","link":"https:\/\/lawhiskeria.cr\/?product=escondido-ribera-del-duero","title":{"rendered":"Escondido Ribera del Duero"},"content":{"rendered":"","protected":false},"excerpt":{"rendered":"<p><strong>Tipo: Vino Tinto<\/strong><\/p>\n<ul>\n<li><strong> Bodega: Escondido<\/strong><\/li>\n<li><strong> Regi\u00f3n: Ribera del Duero<\/strong><\/li>\n<li><strong> Pa\u00eds: Espa\u00f1a<\/strong><\/li>\n<\/ul>\n<p><strong>Descubra la majestuosidad de &#8216;Escondido Ribera del Duero&#8217;, un vino excepcional que captura la esencia de Espa\u00f1a en cada sorbo. Proveniente de la renombrada regi\u00f3n vin\u00edcola de Ribera del Duero y elaborado por la prestigiosa bodega &#8216;Escondido&#8217;, este Tempranillo es una verdadera joya que no puede dejar de probar.<\/strong><\/p>\n<p><strong>Con su sabor profundo y seductor, este vino revela notas intensas de frutas maduras y especias, envueltas en una estructura elegante y equilibrada. Su aroma embriagador transporta a los sentidos a los vi\u00f1edos soleados de Espa\u00f1a, creando una experiencia sensorial inolvidable.<\/strong><\/p>\n<p><strong>Varietal: El Vino Escondido es un vino elaborado con la variedad de uva 100% tempranillo. Tiene denominaci\u00f3n de origen Ribera del Duero. Es vendimia manual seleccionada. La fermentaci\u00f3n del vino es controlada por debajo de 28\u00b0C.<\/strong><\/p>\n<p><strong>Elaboraci\u00f3n: Maceraci\u00f3n pre-fermentativa en frio 48 horas. Fermentaci\u00f3n controlada\u00a0 por debajo de 28 \u00baC con levaduras aut\u00f3ctonas.<\/strong><\/p>\n<p><strong>Crianza: es de 8 meses en barrica de roble americano de grano fino. <\/strong><\/p>\n<p><strong>Este vino presenta un color rojo. <\/strong><\/p>\n<p><strong>En cuanto a los aromas, posee una nariz muy grata con notas de frutos rojos y negros, moras frambuesas y frutos del bosque. Adicionalmente tiene un toque a cedro, especias asi\u00e1ticas, incienso, un toque de aromas bals\u00e1micos, mineral. <\/strong><\/p>\n<p><strong>En boca tiene entrada suave, fresca y agradable. Paso f\u00e1cil gracias a un tanino muy pulido y sedoso. Longitud y persistencia en el retrogusto.<\/strong><\/p>\n<p><strong>Maride este exquisito vino con platos de carne asada, quesos curados o incluso con una paella tradicional para realzar sus sabores y disfrutar al m\u00e1ximo de cada matiz. Reconocido por su calidad, &#8216;Escondido Ribera del Duero&#8217; ha recibido distinciones que respaldan su excelencia enol\u00f3gica, convirti\u00e9ndolo en una elecci\u00f3n imprescindible para los amantes del buen vino.<\/strong><\/p>\n<p><iframe loading=\"lazy\" title=\"YouTube video player\" src=\"https:\/\/www.youtube.com\/embed\/anqBGPjALK4?si=093JUTn69p7-pSzA&amp;start=2875\" width=\"560\" height=\"315\" frameborder=\"0\" allowfullscreen=\"allowfullscreen\"><\/iframe><\/p>\n","protected":false},"featured_media":18605,"comment_status":"open","ping_status":"closed","template":"","meta":[],"product_brand":[],"product_cat":[420,29],"product_tag":[249,162,149,247],"class_list":{"0":"post-18604","1":"product","2":"type-product","3":"status-publish","4":"has-post-thumbnail","6":"product_cat-tinto","7":"product_cat-vinos","8":"product_tag-ribera-del-duero","9":"product_tag-tempranillo","10":"product_tag-vino-espanol","11":"product_tag-vino-tinto","13":"first","14":"instock","15":"shipping-taxable","16":"purchasable","17":"product-type-simple"},"_links":{"self":[{"href":"https:\/\/lawhiskeria.cr\/index.php?rest_route=\/wp\/v2\/product\/18604","targetHints":{"allow":["GET"]}}],"collection":[{"href":"https:\/\/lawhiskeria.cr\/index.php?rest_route=\/wp\/v2\/product"}],"about":[{"href":"https:\/\/lawhiskeria.cr\/index.php?rest_route=\/wp\/v2\/types\/product"}],"replies":[{"embeddable":true,"href":"https:\/\/lawhiskeria.cr\/index.php?rest_route=%2Fwp%2Fv2%2Fcomments&post=18604"}],"version-history":[{"count":3,"href":"https:\/\/lawhiskeria.cr\/index.php?rest_route=\/wp\/v2\/product\/18604\/revisions"}],"predecessor-version":[{"id":18845,"href":"https:\/\/lawhiskeria.cr\/index.php?rest_route=\/wp\/v2\/product\/18604\/revisions\/18845"}],"wp:featuredmedia":[{"embeddable":true,"href":"https:\/\/lawhiskeria.cr\/index.php?rest_route=\/wp\/v2\/media\/18605"}],"wp:attachment":[{"href":"https:\/\/lawhiskeria.cr\/index.php?rest_route=%2Fwp%2Fv2%2Fmedia&parent=18604"}],"wp:term":[{"taxonomy":"product_brand","embeddable":true,"href":"https:\/\/lawhiskeria.cr\/index.php?rest_route=%2Fwp%2Fv2%2Fproduct_brand&post=18604"},{"taxonomy":"product_cat","embeddable":true,"href":"https:\/\/lawhiskeria.cr\/index.php?rest_route=%2Fwp%2Fv2%2Fproduct_cat&post=18604"},{"taxonomy":"product_tag","embeddable":true,"href":"https:\/\/lawhiskeria.cr\/index.php?rest_route=%2Fwp%2Fv2%2Fproduct_tag&post=18604"}],"curies":[{"name":"wp","href":"https:\/\/api.w.org\/{rel}","templated":true}]}}