{"id":18581,"date":"2025-04-22T17:50:24","date_gmt":"2025-04-22T17:50:24","guid":{"rendered":"https:\/\/lawhiskeria.cr\/?post_type=product&#038;p=18581"},"modified":"2025-10-28T02:21:11","modified_gmt":"2025-10-28T02:21:11","slug":"padrillos-malbec","status":"publish","type":"product","link":"https:\/\/lawhiskeria.cr\/?product=padrillos-malbec","title":{"rendered":"Padrillos Malbec"},"content":{"rendered":"<p>La l\u00ednea Padrillos de Ernesto Catena es uno de los grandes descubrimientos del vino argentino. Este sorprendente Malbec est\u00e1 elaborado para resaltar el lado arom\u00e1tico y elegante de la variedad. Fresco y gastron\u00f3mico, combina notas de violetas, t\u00edpicas del Malbec cultivado en altura, con cautivadoras notas de fruta madura. En boca, es sabroso y f\u00e1cil de disfrutar.<\/p>\n","protected":false},"excerpt":{"rendered":"<p class=\"sub-title-about-wine-product\"><strong>Productor: Tikal (Ernesto Catena).\u00a0<\/strong><\/p>\n<p><strong>Varietal 100% Malbec. A\u00f1o 2023.\u00a0<\/strong><\/p>\n<p><strong>Tiempo en barrica: barriles de 225 lts por 6 meses. 50% franc\u00e9s \/ 50% americano. 40% segundo uso y 3er uso, 50% americano.<\/strong><\/p>\n<p><strong>Locaci\u00f3n de los vi\u00f1edos: Valle de Uco, Mendoza, Argentina.<\/strong><\/p>\n<p><strong>Vino joven con notas florales a violetas y frutales a ciruelas, cerezas, bayas secas y aromas a pimienta blanca en el final. <\/strong><\/p>\n<p><strong>Presencia de fruta roja con un toque de roble e ideal para disfrutar inmediatamente para mantener su vitalidad y frescura.<\/strong><\/p>\n<p><strong>ABV 13,5% &#8211; 750 ml.<\/strong><\/p>\n<p><strong>Az\u00facar residual: 2,2g\/l<\/strong><\/p>\n<p><strong>Ph level: 3,75<\/strong><\/p>\n<p><strong>Aicidez total: 5,5<\/strong><\/p>\n<p class=\"sub-title-about-wine-product\"><strong>Temperatura de servicio: 14 a 16\u00b0C<\/strong><\/p>\n<p class=\"sub-title-about-wine-product\"><strong>Sugerencia de almacenamiento: De 5 a 10 a\u00f1os.<\/strong><\/p>\n<p><iframe loading=\"lazy\" title=\"YouTube video player\" src=\"https:\/\/www.youtube.com\/embed\/Eyny_N5PScE?si=Qnk4BflH0GGr_385&amp;start=2140\" width=\"560\" height=\"315\" frameborder=\"0\" allowfullscreen=\"allowfullscreen\"><\/iframe><\/p>\n","protected":false},"featured_media":18582,"comment_status":"open","ping_status":"closed","template":"","meta":[],"product_brand":[],"product_cat":[420,29],"product_tag":[152,198,309,151],"class_list":{"0":"post-18581","1":"product","2":"type-product","3":"status-publish","4":"has-post-thumbnail","6":"product_cat-tinto","7":"product_cat-vinos","8":"product_tag-malbec","9":"product_tag-tinto","10":"product_tag-valle-de-uco","11":"product_tag-vino-argentino","13":"first","14":"instock","15":"shipping-taxable","16":"purchasable","17":"product-type-simple"},"_links":{"self":[{"href":"https:\/\/lawhiskeria.cr\/index.php?rest_route=\/wp\/v2\/product\/18581","targetHints":{"allow":["GET"]}}],"collection":[{"href":"https:\/\/lawhiskeria.cr\/index.php?rest_route=\/wp\/v2\/product"}],"about":[{"href":"https:\/\/lawhiskeria.cr\/index.php?rest_route=\/wp\/v2\/types\/product"}],"replies":[{"embeddable":true,"href":"https:\/\/lawhiskeria.cr\/index.php?rest_route=%2Fwp%2Fv2%2Fcomments&post=18581"}],"version-history":[{"count":5,"href":"https:\/\/lawhiskeria.cr\/index.php?rest_route=\/wp\/v2\/product\/18581\/revisions"}],"predecessor-version":[{"id":19357,"href":"https:\/\/lawhiskeria.cr\/index.php?rest_route=\/wp\/v2\/product\/18581\/revisions\/19357"}],"wp:featuredmedia":[{"embeddable":true,"href":"https:\/\/lawhiskeria.cr\/index.php?rest_route=\/wp\/v2\/media\/18582"}],"wp:attachment":[{"href":"https:\/\/lawhiskeria.cr\/index.php?rest_route=%2Fwp%2Fv2%2Fmedia&parent=18581"}],"wp:term":[{"taxonomy":"product_brand","embeddable":true,"href":"https:\/\/lawhiskeria.cr\/index.php?rest_route=%2Fwp%2Fv2%2Fproduct_brand&post=18581"},{"taxonomy":"product_cat","embeddable":true,"href":"https:\/\/lawhiskeria.cr\/index.php?rest_route=%2Fwp%2Fv2%2Fproduct_cat&post=18581"},{"taxonomy":"product_tag","embeddable":true,"href":"https:\/\/lawhiskeria.cr\/index.php?rest_route=%2Fwp%2Fv2%2Fproduct_tag&post=18581"}],"curies":[{"name":"wp","href":"https:\/\/api.w.org\/{rel}","templated":true}]}}