{"id":18570,"date":"2025-04-22T01:12:31","date_gmt":"2025-04-22T01:12:31","guid":{"rendered":"https:\/\/lawhiskeria.cr\/?post_type=product&#038;p=18570"},"modified":"2025-08-22T20:11:41","modified_gmt":"2025-08-22T20:11:41","slug":"nikka-black-japanese-blend","status":"publish","type":"product","link":"https:\/\/lawhiskeria.cr\/?product=nikka-black-japanese-blend","title":{"rendered":"Nikka Black Japanese Blend"},"content":{"rendered":"<p><strong>Masataka Taketsuru, fundador de Nikka Whisky Distilling Co., Ltd., ide\u00f3 el primer producto Black Nikka en 1956 con el objetivo de crear una marca l\u00edder en el mercado japon\u00e9s de licores de estilo occidental. Los mezcladores de whisky de Asahi siguen manteniendo la visi\u00f3n de Taketsuru, trabajando para ofrecer un aut\u00e9ntico sabor a whisky a precios asequibles para una mayor variedad de consumidores.<\/strong><\/p>\n<p><strong>La l\u00ednea de Black Nikka ofrece una amplia gama de sabores dise\u00f1ados para atraer a un p\u00fablico m\u00e1s amplio.<\/strong><\/p>\n<p><strong>Los mezcladores de Asahi utilizan diversas variedades de whisky de malta pura para crear mezclas delicadas que, en ocasiones, pueden requerir casi 100 repeticiones para perfeccionarse. Se emplean diversas t\u00e9cnicas para lograr sabores acordes a cada concepto. Por ejemplo, Black Nikka Rich Blend est\u00e1 dise\u00f1ado para un aroma y cuerpo intensos gracias al uso de barricas de jerez con aromas frutales.<\/strong><\/p>\n<p><strong>Este whisky mezclado se elabora con whisky de malta a\u00f1ejado en barricas de jerez y whisky de grano a\u00f1ejado en barricas. Posee un aroma dulce, una textura suave y un regusto delicado, ideal para tomar con hielo. Posee un aroma dulce y suave a barrica y un aroma afrutado y exquisito. Se caracteriza por una textura suave en boca y un sabor intenso y f\u00e1cil de beber, con la malta clave de las barricas de jerez y el Coffey Grain en perfecta armon\u00eda.<\/strong><\/p>\n","protected":false},"excerpt":{"rendered":"<p><strong>Tipo: Whisky blended japon\u00e9s<\/strong><\/p>\n<p><strong>Origen: Jap\u00f3n<\/strong><\/p>\n<p><strong>Destiler\u00edas: Yoichi y Miyagikyo<\/strong><\/p>\n<p><strong>Color: \u00c1mbar brillante <\/strong><\/p>\n<p><strong>Aroma: Aromas frutales y ex\u00f3ticos, con notas de c\u00edtricos, pl\u00e1tano y frambuesa.<\/strong><\/p>\n<p><strong>Sabor: Rico y especiado, con matices de cuero envejecido, caf\u00e9 y lim\u00f3n.\u00a0 <\/strong><\/p>\n<p><strong>Final largo y persistente, con notas de especias y frutas secas, dejando una sensaci\u00f3n elegante y equilibrada. <\/strong><\/p>\n<p><strong>Maduraci\u00f3n: Este whisky combina maltas de las destiler\u00edas Yoichi y Miyagikyo, con componentes clave madurados en barricas de jerez, aportando profundidad y complejidad al perfil.<\/strong><\/p>\n<p><strong>Recomendaciones de consumo: Ideal para disfrutar solo, con hielo o en c\u00f3cteles tipo highball, gracias a su suavidad y equilibrio.<\/strong><\/p>\n<p><strong>Maridaje: Queso Carmembert, nueces, chocolate con leche, macadamia, mango y pi\u00f1a deshidratada. Pistacho con chocolate amargo y avellanas.<\/strong><\/p>\n<p><strong>ABV 40% &#8211; 700 ml.<\/strong><\/p>\n<p><iframe loading=\"lazy\" width=\"560\" height=\"315\" src=\"https:\/\/www.youtube.com\/embed\/avajry0IjjM?si=dd8PEolpPkCQfFdv&amp;start=3698\" title=\"YouTube video player\" frameborder=\"0\" allow=\"accelerometer; autoplay; clipboard-write; encrypted-media; gyroscope; picture-in-picture; web-share\" referrerpolicy=\"strict-origin-when-cross-origin\" allowfullscreen><\/iframe><\/p>\n","protected":false},"featured_media":18720,"comment_status":"open","ping_status":"closed","template":"","meta":[],"product_brand":[],"product_cat":[32,71],"product_tag":[153,257,186],"class_list":{"0":"post-18570","1":"product","2":"type-product","3":"status-publish","4":"has-post-thumbnail","6":"product_cat-whisky","7":"product_cat-blends","8":"product_tag-blend","9":"product_tag-japanese-whisky","10":"product_tag-whisky-japones","12":"first","13":"instock","14":"shipping-taxable","15":"purchasable","16":"product-type-simple"},"_links":{"self":[{"href":"https:\/\/lawhiskeria.cr\/index.php?rest_route=\/wp\/v2\/product\/18570","targetHints":{"allow":["GET"]}}],"collection":[{"href":"https:\/\/lawhiskeria.cr\/index.php?rest_route=\/wp\/v2\/product"}],"about":[{"href":"https:\/\/lawhiskeria.cr\/index.php?rest_route=\/wp\/v2\/types\/product"}],"replies":[{"embeddable":true,"href":"https:\/\/lawhiskeria.cr\/index.php?rest_route=%2Fwp%2Fv2%2Fcomments&post=18570"}],"version-history":[{"count":6,"href":"https:\/\/lawhiskeria.cr\/index.php?rest_route=\/wp\/v2\/product\/18570\/revisions"}],"predecessor-version":[{"id":18796,"href":"https:\/\/lawhiskeria.cr\/index.php?rest_route=\/wp\/v2\/product\/18570\/revisions\/18796"}],"wp:featuredmedia":[{"embeddable":true,"href":"https:\/\/lawhiskeria.cr\/index.php?rest_route=\/wp\/v2\/media\/18720"}],"wp:attachment":[{"href":"https:\/\/lawhiskeria.cr\/index.php?rest_route=%2Fwp%2Fv2%2Fmedia&parent=18570"}],"wp:term":[{"taxonomy":"product_brand","embeddable":true,"href":"https:\/\/lawhiskeria.cr\/index.php?rest_route=%2Fwp%2Fv2%2Fproduct_brand&post=18570"},{"taxonomy":"product_cat","embeddable":true,"href":"https:\/\/lawhiskeria.cr\/index.php?rest_route=%2Fwp%2Fv2%2Fproduct_cat&post=18570"},{"taxonomy":"product_tag","embeddable":true,"href":"https:\/\/lawhiskeria.cr\/index.php?rest_route=%2Fwp%2Fv2%2Fproduct_tag&post=18570"}],"curies":[{"name":"wp","href":"https:\/\/api.w.org\/{rel}","templated":true}]}}