{"id":18567,"date":"2025-04-22T00:25:11","date_gmt":"2025-04-22T00:25:11","guid":{"rendered":"https:\/\/lawhiskeria.cr\/?post_type=product&#038;p=18567"},"modified":"2025-10-28T00:25:00","modified_gmt":"2025-10-28T00:25:00","slug":"del-autor-espumante-moscatel","status":"publish","type":"product","link":"https:\/\/lawhiskeria.cr\/?product=del-autor-espumante-moscatel","title":{"rendered":"Del Autor Espumante Moscatel"},"content":{"rendered":"","protected":false},"excerpt":{"rendered":"<p>Pa\u00eds: Espa\u00f1a.<\/p>\n<p>Regi\u00f3n: Tierra de Castilla.<\/p>\n<p>Bodegas Fernando Castro.<\/p>\n<p>Marca y etiquetas: Costa Rica.<\/p>\n<p>Notas de cata<\/p>\n<p>Color dorado tenue.<\/p>\n<p>Aromas a frutos c\u00edtricos, frutos de \u00e1rbol, melocot\u00f3n y flores blancas.<\/p>\n<p>En boca es fresco, de buena acidez, afrutado y de burbuja suave.<\/p>\n<p>Maridaje: Ensaladas, mariscos, quesos frescos y postres.<\/p>\n<p><iframe loading=\"lazy\" title=\"YouTube video player\" src=\"https:\/\/www.youtube.com\/embed\/JRgdoJ4q1gk?si=6ClCLHLSXf48Veol&amp;start=1674\" width=\"560\" height=\"315\" frameborder=\"0\" allowfullscreen=\"allowfullscreen\"><\/iframe><\/p>\n","protected":false},"featured_media":18568,"comment_status":"open","ping_status":"closed","template":"","meta":[],"product_brand":[],"product_cat":[421,422,29],"product_tag":[329,330,159,149,147],"class_list":{"0":"post-18567","1":"product","2":"type-product","3":"status-publish","4":"has-post-thumbnail","6":"product_cat-blanco-y-rosado","7":"product_cat-espumosos","8":"product_cat-vinos","9":"product_tag-castilla","10":"product_tag-moscatel","11":"product_tag-vino-blanco","12":"product_tag-vino-espanol","13":"product_tag-vino-espumoso","15":"first","16":"instock","17":"shipping-taxable","18":"purchasable","19":"product-type-simple"},"_links":{"self":[{"href":"https:\/\/lawhiskeria.cr\/index.php?rest_route=\/wp\/v2\/product\/18567","targetHints":{"allow":["GET"]}}],"collection":[{"href":"https:\/\/lawhiskeria.cr\/index.php?rest_route=\/wp\/v2\/product"}],"about":[{"href":"https:\/\/lawhiskeria.cr\/index.php?rest_route=\/wp\/v2\/types\/product"}],"replies":[{"embeddable":true,"href":"https:\/\/lawhiskeria.cr\/index.php?rest_route=%2Fwp%2Fv2%2Fcomments&post=18567"}],"version-history":[{"count":3,"href":"https:\/\/lawhiskeria.cr\/index.php?rest_route=\/wp\/v2\/product\/18567\/revisions"}],"predecessor-version":[{"id":19346,"href":"https:\/\/lawhiskeria.cr\/index.php?rest_route=\/wp\/v2\/product\/18567\/revisions\/19346"}],"wp:featuredmedia":[{"embeddable":true,"href":"https:\/\/lawhiskeria.cr\/index.php?rest_route=\/wp\/v2\/media\/18568"}],"wp:attachment":[{"href":"https:\/\/lawhiskeria.cr\/index.php?rest_route=%2Fwp%2Fv2%2Fmedia&parent=18567"}],"wp:term":[{"taxonomy":"product_brand","embeddable":true,"href":"https:\/\/lawhiskeria.cr\/index.php?rest_route=%2Fwp%2Fv2%2Fproduct_brand&post=18567"},{"taxonomy":"product_cat","embeddable":true,"href":"https:\/\/lawhiskeria.cr\/index.php?rest_route=%2Fwp%2Fv2%2Fproduct_cat&post=18567"},{"taxonomy":"product_tag","embeddable":true,"href":"https:\/\/lawhiskeria.cr\/index.php?rest_route=%2Fwp%2Fv2%2Fproduct_tag&post=18567"}],"curies":[{"name":"wp","href":"https:\/\/api.w.org\/{rel}","templated":true}]}}