{"id":18529,"date":"2025-04-10T19:24:08","date_gmt":"2025-04-10T19:24:08","guid":{"rendered":"https:\/\/lawhiskeria.cr\/?post_type=product&#038;p=18529"},"modified":"2025-12-02T15:58:42","modified_gmt":"2025-12-02T15:58:42","slug":"alma-negra-blanco","status":"publish","type":"product","link":"https:\/\/lawhiskeria.cr\/?product=alma-negra-blanco","title":{"rendered":"Alma Negra Blanco"},"content":{"rendered":"","protected":false},"excerpt":{"rendered":"<p><strong>Blanco 2016<\/strong><\/p>\n<p><strong>Varietal: Desconocido<\/strong><\/p>\n<p><strong>Nivel de ph: 3,56<\/strong><\/p>\n<p><strong>Az\u00facar residual: 2,4g\/l<\/strong><\/p>\n<p><strong>Crianza en barrica: Desconocido<\/strong><\/p>\n<p><strong>Locaci\u00f3n de los Vi\u00f1edos: Valle de Uco, Mendoza &#8211; Argentina.<\/strong><\/p>\n<p><strong>Al respirar, un \u00e1rbol de peras y avellanas se sacude sobre un peque\u00f1o jard\u00edn de flores blancas.<\/strong><\/p>\n<p><strong>En vista muestra un amarillo manso con destellos trigue\u00f1os.<\/strong><\/p>\n<p><strong>Su paso por madera y su desenchufada acidez reflejan una potente juventud.<\/strong><\/p>\n<p><strong>ABV 13,2% &#8211; 750 ml.<\/strong><\/p>\n","protected":false},"featured_media":18530,"comment_status":"open","ping_status":"closed","template":"","meta":[],"product_brand":[],"product_cat":[421,29],"product_tag":[310,309,151,159],"class_list":{"0":"post-18529","1":"product","2":"type-product","3":"status-publish","4":"has-post-thumbnail","6":"product_cat-blanco-y-rosado","7":"product_cat-vinos","8":"product_tag-mendoza","9":"product_tag-valle-de-uco","10":"product_tag-vino-argentino","11":"product_tag-vino-blanco","13":"first","14":"instock","15":"shipping-taxable","16":"purchasable","17":"product-type-simple"},"_links":{"self":[{"href":"https:\/\/lawhiskeria.cr\/index.php?rest_route=\/wp\/v2\/product\/18529","targetHints":{"allow":["GET"]}}],"collection":[{"href":"https:\/\/lawhiskeria.cr\/index.php?rest_route=\/wp\/v2\/product"}],"about":[{"href":"https:\/\/lawhiskeria.cr\/index.php?rest_route=\/wp\/v2\/types\/product"}],"replies":[{"embeddable":true,"href":"https:\/\/lawhiskeria.cr\/index.php?rest_route=%2Fwp%2Fv2%2Fcomments&post=18529"}],"version-history":[{"count":1,"href":"https:\/\/lawhiskeria.cr\/index.php?rest_route=\/wp\/v2\/product\/18529\/revisions"}],"predecessor-version":[{"id":18531,"href":"https:\/\/lawhiskeria.cr\/index.php?rest_route=\/wp\/v2\/product\/18529\/revisions\/18531"}],"wp:featuredmedia":[{"embeddable":true,"href":"https:\/\/lawhiskeria.cr\/index.php?rest_route=\/wp\/v2\/media\/18530"}],"wp:attachment":[{"href":"https:\/\/lawhiskeria.cr\/index.php?rest_route=%2Fwp%2Fv2%2Fmedia&parent=18529"}],"wp:term":[{"taxonomy":"product_brand","embeddable":true,"href":"https:\/\/lawhiskeria.cr\/index.php?rest_route=%2Fwp%2Fv2%2Fproduct_brand&post=18529"},{"taxonomy":"product_cat","embeddable":true,"href":"https:\/\/lawhiskeria.cr\/index.php?rest_route=%2Fwp%2Fv2%2Fproduct_cat&post=18529"},{"taxonomy":"product_tag","embeddable":true,"href":"https:\/\/lawhiskeria.cr\/index.php?rest_route=%2Fwp%2Fv2%2Fproduct_tag&post=18529"}],"curies":[{"name":"wp","href":"https:\/\/api.w.org\/{rel}","templated":true}]}}