{"id":18459,"date":"2025-03-20T00:21:08","date_gmt":"2025-03-20T00:21:08","guid":{"rendered":"https:\/\/lawhiskeria.cr\/?post_type=product&#038;p=18459"},"modified":"2025-03-20T00:21:09","modified_gmt":"2025-03-20T00:21:09","slug":"amaretto-mitjans","status":"publish","type":"product","link":"https:\/\/lawhiskeria.cr\/?product=amaretto-mitjans","title":{"rendered":"Amaretto Mitjans"},"content":{"rendered":"<p><strong>En 1910 Don Juan Mitjans fund\u00f3 lo que hoy conocemos como la Casa Licorera de Chile. Este visionario catal\u00e1n, comenz\u00f3 la b\u00fasqueda de la perfecci\u00f3n en sus destilados, inspirado en el esp\u00edritu m\u00e1s tradicional de la destilaci\u00f3n, as\u00ed como tambi\u00e9n contando con vides de primera calidad. Elementos que, al mezclarse con la incesante b\u00fasqueda por la calidad, crearon un producto pensando para que sus consumidores sientan placer al consumirlo.<\/strong><\/p>\n<p><strong>Mitjans, licoristas con tradici\u00f3n, comenz\u00f3 siendo una bodega de vinos, lo cual signific\u00f3 un complemento ideal a la elaboraci\u00f3n de licores, haciendo el negocio transversal y m\u00e1s flexible. La marca comenz\u00f3 a crecer en todo sentido. Crecimiento que no ha parado gracias a la gesti\u00f3n de las nuevas generaciones de Mitjans que han hecho destacar a la marca tanto nacional como internacionalmente.<\/strong><\/p>\n<p><strong>Los licores dulces Mitjans est\u00e1n hechos en base a una receta familiar que se ha ido adaptando con el tiempo y que dentro de sus principales ingredientes est\u00e1n las materias primas de primera calidad y un personal comprometido con la marca.<\/strong><\/p>\n<p><strong>Nuestros licores dulces son elaborados a trav\u00e9s de un proceso de maceraci\u00f3n natural en fudres de madera, en nuestra planta de producci\u00f3n que es parte de la marca desde los a\u00f1os 50\u2019s.<\/strong><\/p>\n<p><strong>Parte del proceso es macerar en alcohol los frutos secos, las hierbas y las semillas, esto, para obtener sabores, aromas y colores de las diferentes materias primas originarias de Chile o el extranjero. Para extraer esta materia prima usamos alcoholes con graduaci\u00f3n superior a 50\u00ba lo que nos entrega una base de alta calidad para las mezclas finales de nuestros licores.<\/strong><\/p>\n","protected":false},"excerpt":{"rendered":"<p><strong>Licor de Amaretto<\/strong><\/p>\n<p><strong>Los licores dulces Mitjans, est\u00e1n hechos en base a una receta familiar que se ha ido adaptando con el tiempo y que, dentro de sus principales ingredientes, est\u00e1n las materias primas de primera calidad y un personal comprometido con la marca.<\/strong><\/p>\n<p><strong>Sabor intenso de la maceraci\u00f3n de almendras seleccionadas.<\/strong><\/p>\n<p><strong>Maceraci\u00f3n: Almendras<\/strong><\/p>\n<p><strong>Origen: Chile<\/strong><\/p>\n<p><strong>Color: Dorado oro vibrante<\/strong><\/p>\n<p><strong>ABV 20% &#8211; 750 ml.<\/strong><\/p>\n","protected":false},"featured_media":18460,"comment_status":"open","ping_status":"closed","template":"","meta":[],"product_brand":[],"product_cat":[20],"product_tag":[319,321],"class_list":{"0":"post-18459","1":"product","2":"type-product","3":"status-publish","4":"has-post-thumbnail","6":"product_cat-lpremium","7":"product_tag-amaretto","8":"product_tag-licor-de-almendras","10":"first","11":"instock","12":"shipping-taxable","13":"purchasable","14":"product-type-simple"},"_links":{"self":[{"href":"https:\/\/lawhiskeria.cr\/index.php?rest_route=\/wp\/v2\/product\/18459","targetHints":{"allow":["GET"]}}],"collection":[{"href":"https:\/\/lawhiskeria.cr\/index.php?rest_route=\/wp\/v2\/product"}],"about":[{"href":"https:\/\/lawhiskeria.cr\/index.php?rest_route=\/wp\/v2\/types\/product"}],"replies":[{"embeddable":true,"href":"https:\/\/lawhiskeria.cr\/index.php?rest_route=%2Fwp%2Fv2%2Fcomments&post=18459"}],"version-history":[{"count":1,"href":"https:\/\/lawhiskeria.cr\/index.php?rest_route=\/wp\/v2\/product\/18459\/revisions"}],"predecessor-version":[{"id":18461,"href":"https:\/\/lawhiskeria.cr\/index.php?rest_route=\/wp\/v2\/product\/18459\/revisions\/18461"}],"wp:featuredmedia":[{"embeddable":true,"href":"https:\/\/lawhiskeria.cr\/index.php?rest_route=\/wp\/v2\/media\/18460"}],"wp:attachment":[{"href":"https:\/\/lawhiskeria.cr\/index.php?rest_route=%2Fwp%2Fv2%2Fmedia&parent=18459"}],"wp:term":[{"taxonomy":"product_brand","embeddable":true,"href":"https:\/\/lawhiskeria.cr\/index.php?rest_route=%2Fwp%2Fv2%2Fproduct_brand&post=18459"},{"taxonomy":"product_cat","embeddable":true,"href":"https:\/\/lawhiskeria.cr\/index.php?rest_route=%2Fwp%2Fv2%2Fproduct_cat&post=18459"},{"taxonomy":"product_tag","embeddable":true,"href":"https:\/\/lawhiskeria.cr\/index.php?rest_route=%2Fwp%2Fv2%2Fproduct_tag&post=18459"}],"curies":[{"name":"wp","href":"https:\/\/api.w.org\/{rel}","templated":true}]}}