{"id":18456,"date":"2025-03-20T00:14:21","date_gmt":"2025-03-20T00:14:21","guid":{"rendered":"https:\/\/lawhiskeria.cr\/?post_type=product&#038;p=18456"},"modified":"2025-12-05T17:49:06","modified_gmt":"2025-12-05T17:49:06","slug":"amaretto-disaronno","status":"publish","type":"product","link":"https:\/\/lawhiskeria.cr\/?product=amaretto-disaronno","title":{"rendered":"Amaretto Disaronno"},"content":{"rendered":"","protected":false},"excerpt":{"rendered":"<p><strong>Disaronno Originale es el licor italiano favorito del mundo. Con un sabor original y un aroma inconfundible, Disaronno Originale es un icono elegante y atemporal de la Dolcevita italiana. Disaronno es un placer para disfrutar tanto con hielo como en sus diversos combinados.<\/strong><\/p>\n<p><strong>Con su color distintivo y su sabor inconfundible, Disaronno Originale es un s\u00edmbolo atemporal del gusto italiano.<\/strong><\/p>\n<p><strong>Fragancia intensa y persistente, de car\u00e1cter dulce y afrutado, complementado con una sensaci\u00f3n de calentamiento.<\/strong><\/p>\n<p><strong>Una historia italiana de elegancia y buen gusto, entre tradici\u00f3n y contemporaneidad. Un icono contempor\u00e1neo gracias a su forma distintiva y su original tap\u00f3n cuadrado.<\/strong><\/p>\n<p><strong>DISARONNO FIZZ: Una bebida baja en alcohol con un car\u00e1cter distintivo. El sabor original y el aroma inconfundible de Disaronno\u00ae se combinan con burbujas de soda y jugo de lim\u00f3n para crear un c\u00f3ctel refrescante que calma la sed. Ingredientes: 45 ml de Disaronno, 150 ml de soda o agua con gas, Jugo de lim\u00f3n fresco.<\/strong><\/p>\n<p><strong>ABV 28% &#8211; 1000 ml.<\/strong><\/p>\n","protected":false},"featured_media":18457,"comment_status":"open","ping_status":"closed","template":"","meta":[],"product_brand":[],"product_cat":[20],"product_tag":[319,320],"class_list":{"0":"post-18456","1":"product","2":"type-product","3":"status-publish","4":"has-post-thumbnail","6":"product_cat-lpremium","7":"product_tag-amaretto","8":"product_tag-licor","10":"first","11":"instock","12":"shipping-taxable","13":"purchasable","14":"product-type-simple"},"_links":{"self":[{"href":"https:\/\/lawhiskeria.cr\/index.php?rest_route=\/wp\/v2\/product\/18456","targetHints":{"allow":["GET"]}}],"collection":[{"href":"https:\/\/lawhiskeria.cr\/index.php?rest_route=\/wp\/v2\/product"}],"about":[{"href":"https:\/\/lawhiskeria.cr\/index.php?rest_route=\/wp\/v2\/types\/product"}],"replies":[{"embeddable":true,"href":"https:\/\/lawhiskeria.cr\/index.php?rest_route=%2Fwp%2Fv2%2Fcomments&post=18456"}],"version-history":[{"count":2,"href":"https:\/\/lawhiskeria.cr\/index.php?rest_route=\/wp\/v2\/product\/18456\/revisions"}],"predecessor-version":[{"id":19540,"href":"https:\/\/lawhiskeria.cr\/index.php?rest_route=\/wp\/v2\/product\/18456\/revisions\/19540"}],"wp:featuredmedia":[{"embeddable":true,"href":"https:\/\/lawhiskeria.cr\/index.php?rest_route=\/wp\/v2\/media\/18457"}],"wp:attachment":[{"href":"https:\/\/lawhiskeria.cr\/index.php?rest_route=%2Fwp%2Fv2%2Fmedia&parent=18456"}],"wp:term":[{"taxonomy":"product_brand","embeddable":true,"href":"https:\/\/lawhiskeria.cr\/index.php?rest_route=%2Fwp%2Fv2%2Fproduct_brand&post=18456"},{"taxonomy":"product_cat","embeddable":true,"href":"https:\/\/lawhiskeria.cr\/index.php?rest_route=%2Fwp%2Fv2%2Fproduct_cat&post=18456"},{"taxonomy":"product_tag","embeddable":true,"href":"https:\/\/lawhiskeria.cr\/index.php?rest_route=%2Fwp%2Fv2%2Fproduct_tag&post=18456"}],"curies":[{"name":"wp","href":"https:\/\/api.w.org\/{rel}","templated":true}]}}