{"id":18427,"date":"2025-03-16T02:35:58","date_gmt":"2025-03-16T02:35:58","guid":{"rendered":"https:\/\/lawhiskeria.cr\/?post_type=product&#038;p=18427"},"modified":"2025-10-28T02:35:58","modified_gmt":"2025-10-28T02:35:58","slug":"quinta-do-vale-meao-porto-tawny-de-10-anos","status":"publish","type":"product","link":"https:\/\/lawhiskeria.cr\/?product=quinta-do-vale-meao-porto-tawny-de-10-anos","title":{"rendered":"Quinta do Vale Me\u00e3o Porto Tawny de 10 a\u00f1os"},"content":{"rendered":"<p><strong>En 1877, Ant\u00f3nia Adelaide Ferreira, que ya era propietaria de la mayor finca vitivin\u00edcola del Duero, compr\u00f3 en subasta p\u00fablica 300 hect\u00e1reas de tierra virgen al municipio de Vila Nova de Foz C\u00f4a. Su sue\u00f1o era construir un vi\u00f1edo modelo desde cero, llevando a buen t\u00e9rmino la vasta experiencia que hab\u00eda acumulado a lo largo de su vida como empresaria del Duero. Su esp\u00edritu pionero en el Duero Superior fue el resultado de la convicci\u00f3n de que aqu\u00ed se pod\u00edan producir vinos de Oporto de excelente calidad.<\/strong><\/p>\n<p><strong>Las uvas de la Quinta estaban en la base de algunos de los mejores vinos de Oporto enviados desde Gaia.<\/strong><\/p>\n<p><strong>La Quinta sigue siendo propiedad de sus descendientes y en las \u00faltimas dos d\u00e9cadas han estado seleccionando mezclas de vino de Oporto con miras a lanzar Tawnies A\u00f1ejos. Para ello, han equipado una de las dos bodegas que su antepasado construy\u00f3 en la Quinta con tinas de madera, barricas y pipas para la crianza de estos Oportos, que proceden exclusivamente de los vi\u00f1edos de la propiedad.<\/strong><\/p>\n<p><strong>Es con justificado orgullo que la quinta y sexta generaci\u00f3n recuperan la tradici\u00f3n familiar despu\u00e9s de esperar pacientemente el momento adecuado para presentar estos vinos al mundo.<\/strong><\/p>\n","protected":false},"excerpt":{"rendered":"<p><strong>Oporto Tawny de 10 a\u00f1os<\/strong><\/p>\n<p><strong>WINEMAKER: Francisco Olazabal<\/strong><\/p>\n<p><strong>NOTA DE CATA<\/strong><\/p>\n<p><strong>Color \u00e1mbar Tawny. <\/strong><\/p>\n<p><strong>En nariz muestra un perfil tostado de frutos secos, caf\u00e9 y Chocolate cubierto con toques de c\u00e1scara de naranja, todo combinado por maderas finas de maduraci\u00f3n. <\/strong><\/p>\n<p><strong>Rico y suave en paladar lleno de sabores a fruta madura que persisten en un final largo y elegante.<\/strong><\/p>\n<p><strong>ALMACENAMIENTO Y SERVICIO<\/strong><\/p>\n<p><strong>Servir ligeramente fr\u00edo, entre 12 \u00baC a 14 \u00baC. <\/strong><\/p>\n<p><strong>Marida muy bien con postres hechos a base de frutos rojos, chocolate o frutos secos. Los pasteles a base de huevo y el queso tambi\u00e9n son armoniosas combinaciones.<\/strong><\/p>\n","protected":false},"featured_media":18428,"comment_status":"open","ping_status":"closed","template":"","meta":[],"product_brand":[],"product_cat":[423,29],"product_tag":[218,278,318,317,216],"class_list":{"0":"post-18427","1":"product","2":"type-product","3":"status-publish","4":"has-post-thumbnail","6":"product_cat-fortificado","7":"product_cat-vinos","8":"product_tag-oporto","9":"product_tag-tawny","10":"product_tag-vino-fortificado","11":"product_tag-vino-porto","12":"product_tag-vino-portugues","14":"first","15":"instock","16":"shipping-taxable","17":"purchasable","18":"product-type-simple"},"_links":{"self":[{"href":"https:\/\/lawhiskeria.cr\/index.php?rest_route=\/wp\/v2\/product\/18427","targetHints":{"allow":["GET"]}}],"collection":[{"href":"https:\/\/lawhiskeria.cr\/index.php?rest_route=\/wp\/v2\/product"}],"about":[{"href":"https:\/\/lawhiskeria.cr\/index.php?rest_route=\/wp\/v2\/types\/product"}],"replies":[{"embeddable":true,"href":"https:\/\/lawhiskeria.cr\/index.php?rest_route=%2Fwp%2Fv2%2Fcomments&post=18427"}],"version-history":[{"count":1,"href":"https:\/\/lawhiskeria.cr\/index.php?rest_route=\/wp\/v2\/product\/18427\/revisions"}],"predecessor-version":[{"id":18429,"href":"https:\/\/lawhiskeria.cr\/index.php?rest_route=\/wp\/v2\/product\/18427\/revisions\/18429"}],"wp:featuredmedia":[{"embeddable":true,"href":"https:\/\/lawhiskeria.cr\/index.php?rest_route=\/wp\/v2\/media\/18428"}],"wp:attachment":[{"href":"https:\/\/lawhiskeria.cr\/index.php?rest_route=%2Fwp%2Fv2%2Fmedia&parent=18427"}],"wp:term":[{"taxonomy":"product_brand","embeddable":true,"href":"https:\/\/lawhiskeria.cr\/index.php?rest_route=%2Fwp%2Fv2%2Fproduct_brand&post=18427"},{"taxonomy":"product_cat","embeddable":true,"href":"https:\/\/lawhiskeria.cr\/index.php?rest_route=%2Fwp%2Fv2%2Fproduct_cat&post=18427"},{"taxonomy":"product_tag","embeddable":true,"href":"https:\/\/lawhiskeria.cr\/index.php?rest_route=%2Fwp%2Fv2%2Fproduct_tag&post=18427"}],"curies":[{"name":"wp","href":"https:\/\/api.w.org\/{rel}","templated":true}]}}