{"id":18424,"date":"2025-03-15T03:13:26","date_gmt":"2025-03-15T03:13:26","guid":{"rendered":"https:\/\/lawhiskeria.cr\/?post_type=product&#038;p=18424"},"modified":"2026-03-24T04:15:05","modified_gmt":"2026-03-24T04:15:05","slug":"protos-seleccion-finca-el-grajo-viejo","status":"publish","type":"product","link":"https:\/\/lawhiskeria.cr\/?product=protos-seleccion-finca-el-grajo-viejo","title":{"rendered":"Protos Selecci\u00f3n Finca El Grajo Viejo"},"content":{"rendered":"<p><iframe loading=\"lazy\" title=\"YouTube video player\" src=\"https:\/\/www.youtube.com\/embed\/hHp7zjzK8Ck?si=xukz31abck6U2C4U&amp;start=1891\" width=\"560\" height=\"315\" frameborder=\"0\" allowfullscreen=\"allowfullscreen\"><\/iframe><\/p>\n","protected":false},"excerpt":{"rendered":"<p><strong>Procedencia: Ribera del Duero, Espa\u00f1a <\/strong><\/p>\n<p><strong>Variedad(es):\u00a0 Tinta del Pa\u00eds 100% <\/strong><\/p>\n<p><strong>Crianza:\u00a0 M\u00ednimo 18 meses en barricas francesas. Al menos 12 meses en botella.<\/strong><\/p>\n<p><strong>Color: Profundo color rojo cereza con matices viol\u00e1ceos. <\/strong><\/p>\n<p><strong>Nariz: Vino elegante, con un buen abanico arom\u00e1tico y una gran complejidad, donde una exclusiva madera de roble franc\u00e9s se ensambla perfectamente con una fruta negra de excelente maduraci\u00f3n. <\/strong><\/p>\n<p><strong>Boca: Sabroso, amplio, potente, pero con un tanino fino y elegante, muy expresivo, con el nervio que le da la acidez de estas vi\u00f1as cultivadas en terrenos muy pobres. <\/strong><\/p>\n<p><strong>Final largo, agradable y persistente donde sobresale el toque tostado. Va a tener una larga vida por su estructura y buen equilibrio tanino noble-acidez. <\/strong><\/p>\n<p><strong>Maridaje: Cerdo asado, carnes rojas, chorizos, quesos muy maduros. <\/strong><\/p>\n<p><strong>Comentarios del Sommelier o Aspectos relevantes: Protos Selecci\u00f3n El Grajo Viejo es el vino m\u00e1s exclusivo de Protos, pura expresi\u00f3n del Terroir de un solo Vi\u00f1edo el Grajo es un ave parecida a un cuervo ave muy vista en la zona. Vendimia manual. Fermentaci\u00f3n alcoh\u00f3lica y maceraci\u00f3n en barricas nuevas de roble franc\u00e9s de 500 litros. Maceraciones largas de 3-4 semanas. Del descube pas\u00f3 a barrica bordelesa nueva de roble franc\u00e9s de tres toneler\u00edas diferentes, donde se realiz\u00f3 la fermentaci\u00f3n malol\u00e1ctica.<\/strong><\/p>\n","protected":false},"featured_media":18425,"comment_status":"open","ping_status":"closed","template":"","meta":[],"product_brand":[],"product_cat":[420,29],"product_tag":[249,162,316],"class_list":{"0":"post-18424","1":"product","2":"type-product","3":"status-publish","4":"has-post-thumbnail","6":"product_cat-tinto","7":"product_cat-vinos","8":"product_tag-ribera-del-duero","9":"product_tag-tempranillo","10":"product_tag-tinta-pais","12":"first","13":"instock","14":"shipping-taxable","15":"purchasable","16":"product-type-simple"},"_links":{"self":[{"href":"https:\/\/lawhiskeria.cr\/index.php?rest_route=\/wp\/v2\/product\/18424","targetHints":{"allow":["GET"]}}],"collection":[{"href":"https:\/\/lawhiskeria.cr\/index.php?rest_route=\/wp\/v2\/product"}],"about":[{"href":"https:\/\/lawhiskeria.cr\/index.php?rest_route=\/wp\/v2\/types\/product"}],"replies":[{"embeddable":true,"href":"https:\/\/lawhiskeria.cr\/index.php?rest_route=%2Fwp%2Fv2%2Fcomments&post=18424"}],"version-history":[{"count":4,"href":"https:\/\/lawhiskeria.cr\/index.php?rest_route=\/wp\/v2\/product\/18424\/revisions"}],"predecessor-version":[{"id":19862,"href":"https:\/\/lawhiskeria.cr\/index.php?rest_route=\/wp\/v2\/product\/18424\/revisions\/19862"}],"wp:featuredmedia":[{"embeddable":true,"href":"https:\/\/lawhiskeria.cr\/index.php?rest_route=\/wp\/v2\/media\/18425"}],"wp:attachment":[{"href":"https:\/\/lawhiskeria.cr\/index.php?rest_route=%2Fwp%2Fv2%2Fmedia&parent=18424"}],"wp:term":[{"taxonomy":"product_brand","embeddable":true,"href":"https:\/\/lawhiskeria.cr\/index.php?rest_route=%2Fwp%2Fv2%2Fproduct_brand&post=18424"},{"taxonomy":"product_cat","embeddable":true,"href":"https:\/\/lawhiskeria.cr\/index.php?rest_route=%2Fwp%2Fv2%2Fproduct_cat&post=18424"},{"taxonomy":"product_tag","embeddable":true,"href":"https:\/\/lawhiskeria.cr\/index.php?rest_route=%2Fwp%2Fv2%2Fproduct_tag&post=18424"}],"curies":[{"name":"wp","href":"https:\/\/api.w.org\/{rel}","templated":true}]}}