{"id":18415,"date":"2025-03-15T02:43:03","date_gmt":"2025-03-15T02:43:03","guid":{"rendered":"https:\/\/lawhiskeria.cr\/?post_type=product&#038;p=18415"},"modified":"2025-11-30T20:52:48","modified_gmt":"2025-11-30T20:52:48","slug":"protos-blanco-verdejo","status":"publish","type":"product","link":"https:\/\/lawhiskeria.cr\/?product=protos-blanco-verdejo","title":{"rendered":"Protos Blanco Verdejo"},"content":{"rendered":"<p><iframe loading=\"lazy\" title=\"YouTube video player\" src=\"https:\/\/www.youtube.com\/embed\/hHp7zjzK8Ck?si=nsFz20KaiwlUpJZ5&amp;start=1484\" width=\"560\" height=\"315\" frameborder=\"0\" allowfullscreen=\"allowfullscreen\"><\/iframe><\/p>\n","protected":false},"excerpt":{"rendered":"<p><strong>Procedencia: D.O Rueda, Espa\u00f1a <\/strong><\/p>\n<p><strong>Variedad(es): Verdejo 100% <\/strong><\/p>\n<p><strong>Crianza:\u00a0 3 meses en tanques de acero inoxidable <\/strong><\/p>\n<p><strong>Color: Color amarillo pajizo con matices verdosos que indican juventud. Muy limpio y brillante. <\/strong><\/p>\n<p><strong>Nariz: Aroma de intensidad media-alta y complejo. Destacan los tropicales frescos como la pi\u00f1a y aromas c\u00edtricos, junto a fruta blanca (manzana), y los herb\u00e1ceos (boj e hinojo), t\u00edpicos de la variedad Verdejo. <\/strong><\/p>\n<p><strong>Boca: Vino seco, con una entrada que sorprende por unir la frescura y acidez natural moderada y equilibrada con la redondez, cuerpo y estructura que aporta la crianza sobre l\u00edas finas. Ligeramente amargo, caracter\u00edstico del Verdejo y con una larga persistencia que deja un grato recuerdo del vino en la boca. <\/strong><\/p>\n<p><strong>Maridaje: Pescados blancos, at\u00fan, sushi, arroces con mariscos, paella, pasta, comida asi\u00e1tica, pollo, quesos frescos o azules. <\/strong><\/p>\n<p><strong>Comentarios del Sommelier o Aspectos relevantes: Plantados hace m\u00e1s de 15 a\u00f1os. Secano con suelos cascajosos. Altura entre 700 y 800m s.n.m. Rendimientos de 7,500kg\/ha. Vendimia mec\u00e1nica nocturna. Maceraci\u00f3n durante 4\/5 horas a 10\u00baC. Prensado en atm\u00f3sfera inerte y des fangado est\u00e1tico a 10\u00baC. Fermentaci\u00f3n controlada a 13,5\u00baC. Crianza sobre l\u00edas de aprox. 3 meses (se decide por cata dep\u00f3sito a dep\u00f3sito).<\/strong><\/p>\n","protected":false},"featured_media":18416,"comment_status":"open","ping_status":"closed","template":"","meta":[],"product_brand":[],"product_cat":[421,29],"product_tag":[315,269,159,149],"class_list":{"0":"post-18415","1":"product","2":"type-product","3":"status-publish","4":"has-post-thumbnail","6":"product_cat-blanco-y-rosado","7":"product_cat-vinos","8":"product_tag-d-o-rueda","9":"product_tag-verdejo","10":"product_tag-vino-blanco","11":"product_tag-vino-espanol","13":"first","14":"instock","15":"shipping-taxable","16":"purchasable","17":"product-type-simple"},"_links":{"self":[{"href":"https:\/\/lawhiskeria.cr\/index.php?rest_route=\/wp\/v2\/product\/18415","targetHints":{"allow":["GET"]}}],"collection":[{"href":"https:\/\/lawhiskeria.cr\/index.php?rest_route=\/wp\/v2\/product"}],"about":[{"href":"https:\/\/lawhiskeria.cr\/index.php?rest_route=\/wp\/v2\/types\/product"}],"replies":[{"embeddable":true,"href":"https:\/\/lawhiskeria.cr\/index.php?rest_route=%2Fwp%2Fv2%2Fcomments&post=18415"}],"version-history":[{"count":3,"href":"https:\/\/lawhiskeria.cr\/index.php?rest_route=\/wp\/v2\/product\/18415\/revisions"}],"predecessor-version":[{"id":19445,"href":"https:\/\/lawhiskeria.cr\/index.php?rest_route=\/wp\/v2\/product\/18415\/revisions\/19445"}],"wp:featuredmedia":[{"embeddable":true,"href":"https:\/\/lawhiskeria.cr\/index.php?rest_route=\/wp\/v2\/media\/18416"}],"wp:attachment":[{"href":"https:\/\/lawhiskeria.cr\/index.php?rest_route=%2Fwp%2Fv2%2Fmedia&parent=18415"}],"wp:term":[{"taxonomy":"product_brand","embeddable":true,"href":"https:\/\/lawhiskeria.cr\/index.php?rest_route=%2Fwp%2Fv2%2Fproduct_brand&post=18415"},{"taxonomy":"product_cat","embeddable":true,"href":"https:\/\/lawhiskeria.cr\/index.php?rest_route=%2Fwp%2Fv2%2Fproduct_cat&post=18415"},{"taxonomy":"product_tag","embeddable":true,"href":"https:\/\/lawhiskeria.cr\/index.php?rest_route=%2Fwp%2Fv2%2Fproduct_tag&post=18415"}],"curies":[{"name":"wp","href":"https:\/\/api.w.org\/{rel}","templated":true}]}}