{"id":18412,"date":"2025-03-15T02:42:42","date_gmt":"2025-03-15T02:42:42","guid":{"rendered":"https:\/\/lawhiskeria.cr\/?post_type=product&#038;p=18412"},"modified":"2025-11-06T03:41:56","modified_gmt":"2025-11-06T03:41:56","slug":"protos-aire-rose","status":"publish","type":"product","link":"https:\/\/lawhiskeria.cr\/?product=protos-aire-rose","title":{"rendered":"Protos Aire Ros\u00e9"},"content":{"rendered":"<p><iframe loading=\"lazy\" width=\"560\" height=\"315\" src=\"https:\/\/www.youtube.com\/embed\/hHp7zjzK8Ck?si=JuriZlciQx1-7f_-&amp;start=1503\" title=\"YouTube video player\" frameborder=\"0\" allow=\"accelerometer; autoplay; clipboard-write; encrypted-media; gyroscope; picture-in-picture; web-share\" referrerpolicy=\"strict-origin-when-cross-origin\" allowfullscreen><\/iframe><\/p>\n","protected":false},"excerpt":{"rendered":"<p><strong>Procedencia: Ribera del Duero, Espa\u00f1a <\/strong><\/p>\n<p><strong>Variedad(es): Tempranillo 40%, Garnacha tinta 32%, Albillo 13%, Verdejo 7%, Viura 8% y Sauvignon blanc. <\/strong><\/p>\n<p><strong>Crianza:\u00a0 fermentaci\u00f3n en acero inoxidable, a unos 15 \u00baC. Posterior crianza sobre l\u00edas finas con agitaci\u00f3n regular de estas l\u00edas durante 2-3 meses. <\/strong><\/p>\n<p><strong>Color: Aspecto brillante y limpio. Color rosa p\u00e1lido muy bonito, recuerda al color amaranto, incluso se aprecian matices fucsia claro. <\/strong><\/p>\n<p><strong>Nariz: Intensidad media con notable complejidad. Conjunto delicado y sugerente, destaca la fruta blanca de hueso, como el melocot\u00f3n, con recuerdos de c\u00edtricos y frutos frutos rojos. <\/strong><\/p>\n<p><strong>Boca: Fresco y sedoso, su elegante acidez se equilibra con un complejo recuerdo frutal, y cierta untuosidad debido a la crianza sobre l\u00edas. Muy agradable de beber. <\/strong><\/p>\n<p><strong>Maridaje: Perfecto para combinar con comidas ligeras como ensaladas y gazpacho, platos asi\u00e1ticos (sushi, dim sum, rollos vietnamitas) comidas \u00e1rabes (cusc\u00fas, mezze humus), tambi\u00e9n excelente con at\u00fan, anchoas, langostinos, risotto y pasta. <\/strong><\/p>\n<p><strong>Comentarios del Sommelier o Aspectos relevantes: Nunca imaginaste que fermentando uva seleccionada y vigilando su temperatura se obtendr\u00eda un vino as\u00ed.<\/strong><\/p>\n","protected":false},"featured_media":18413,"comment_status":"open","ping_status":"closed","template":"","meta":[],"product_brand":[],"product_cat":[421,29],"product_tag":[314,235,249,170,162,269,149,196,244],"class_list":{"0":"post-18412","1":"product","2":"type-product","3":"status-publish","4":"has-post-thumbnail","6":"product_cat-blanco-y-rosado","7":"product_cat-vinos","8":"product_tag-albillo","9":"product_tag-garnacha-tinta","10":"product_tag-ribera-del-duero","11":"product_tag-sauvignon-blanc","12":"product_tag-tempranillo","13":"product_tag-verdejo","14":"product_tag-vino-espanol","15":"product_tag-vino-rosado","16":"product_tag-viura","18":"first","19":"instock","20":"shipping-taxable","21":"purchasable","22":"product-type-simple"},"_links":{"self":[{"href":"https:\/\/lawhiskeria.cr\/index.php?rest_route=\/wp\/v2\/product\/18412","targetHints":{"allow":["GET"]}}],"collection":[{"href":"https:\/\/lawhiskeria.cr\/index.php?rest_route=\/wp\/v2\/product"}],"about":[{"href":"https:\/\/lawhiskeria.cr\/index.php?rest_route=\/wp\/v2\/types\/product"}],"replies":[{"embeddable":true,"href":"https:\/\/lawhiskeria.cr\/index.php?rest_route=%2Fwp%2Fv2%2Fcomments&post=18412"}],"version-history":[{"count":2,"href":"https:\/\/lawhiskeria.cr\/index.php?rest_route=\/wp\/v2\/product\/18412\/revisions"}],"predecessor-version":[{"id":19409,"href":"https:\/\/lawhiskeria.cr\/index.php?rest_route=\/wp\/v2\/product\/18412\/revisions\/19409"}],"wp:featuredmedia":[{"embeddable":true,"href":"https:\/\/lawhiskeria.cr\/index.php?rest_route=\/wp\/v2\/media\/18413"}],"wp:attachment":[{"href":"https:\/\/lawhiskeria.cr\/index.php?rest_route=%2Fwp%2Fv2%2Fmedia&parent=18412"}],"wp:term":[{"taxonomy":"product_brand","embeddable":true,"href":"https:\/\/lawhiskeria.cr\/index.php?rest_route=%2Fwp%2Fv2%2Fproduct_brand&post=18412"},{"taxonomy":"product_cat","embeddable":true,"href":"https:\/\/lawhiskeria.cr\/index.php?rest_route=%2Fwp%2Fv2%2Fproduct_cat&post=18412"},{"taxonomy":"product_tag","embeddable":true,"href":"https:\/\/lawhiskeria.cr\/index.php?rest_route=%2Fwp%2Fv2%2Fproduct_tag&post=18412"}],"curies":[{"name":"wp","href":"https:\/\/api.w.org\/{rel}","templated":true}]}}