{"id":18407,"date":"2025-03-11T21:39:12","date_gmt":"2025-03-11T21:39:12","guid":{"rendered":"https:\/\/lawhiskeria.cr\/?post_type=product&#038;p=18407"},"modified":"2026-01-27T04:29:13","modified_gmt":"2026-01-27T04:29:13","slug":"dubliner-irish-whiskey","status":"publish","type":"product","link":"https:\/\/lawhiskeria.cr\/?product=dubliner-irish-whiskey","title":{"rendered":"Dubliner Irish Whiskey"},"content":{"rendered":"<p><strong>La esencia: Este whisky irland\u00e9s c\u00e1lido y vers\u00e1til fue a\u00f1ejado en barricas de bourbon, lo que lo hace m\u00e1s suave que un lago al amanecer.<\/strong><\/p>\n<p><strong>El sabor: Los labios se llenan de un hormigueo con toques de vainilla y frutas del huerto. Poco despu\u00e9s aparecen notas de miel y caramelo, que se suman a un ligero toque de pimienta para aumentar el volumen en el fondo.<\/strong><\/p>\n<p><strong>El terreno de juego: Tan rico en car\u00e1cter como cualquier whisky, est\u00e1s a punto de abrir un whisky irland\u00e9s suave, sabroso y vers\u00e1til. Fuerte, animado y querido, como la ciudad que llamamos hogar.<\/strong><\/p>\n","protected":false},"excerpt":{"rendered":"<p><strong>El Dubliner Irish Whiskey Bourbon Cask es un whisky irland\u00e9s joven, vibrante y sumamente accesible, envejecido en barricas de ex-bourbon que le aportan un car\u00e1cter dulce, especiado y muy f\u00e1cil de disfrutar. Producido en Irlanda, combina maltas y granos cuidadosamente seleccionados, logrando un blend suave y moderno, ideal tanto para bebedores experimentados como para quienes se inician en el mundo del Irish whiskey.<\/strong><\/p>\n<p><strong>Notas de cata<\/strong><br \/>\n<strong>Color: Oro brillante.<\/strong><br \/>\n<strong>Nariz: Aromas dulces y c\u00e1lidos a miel, vainilla, caramelo y frutas maduras.<\/strong><br \/>\n<strong>Paladar: Suave, cremoso y equilibrado. Destacan notas de toffee, vainilla natural, malta dulce y ligeros matices especiados del bourbon.<\/strong><br \/>\n<strong>Final: Medio, agradable y ligeramente dulce, con recuerdos de vainilla y roble tostado.<\/strong><\/p>\n<p><strong>Nuestra gama de whiskies y licores irlandeses tiene en com\u00fan que fueron creados y destilados en Dubl\u00edn 8, sin escatimar en gastos ni hacer concesiones en su cuidado.<\/strong><\/p>\n<p><strong>ABV 40% &#8211; 700 ml.<\/strong><\/p>\n<p><iframe loading=\"lazy\" title=\"YouTube video player\" src=\"https:\/\/www.youtube.com\/embed\/VHurJDaWZcY?si=eW2erIDsha-2kpog&amp;start=1614\" width=\"560\" height=\"315\" frameborder=\"0\" allowfullscreen=\"allowfullscreen\"><\/iframe><\/p>\n","protected":false},"featured_media":18408,"comment_status":"open","ping_status":"closed","template":"","meta":[],"product_brand":[],"product_cat":[32,71],"product_tag":[172,115,187],"class_list":{"0":"post-18407","1":"product","2":"type-product","3":"status-publish","4":"has-post-thumbnail","6":"product_cat-whisky","7":"product_cat-blends","8":"product_tag-bourbon-barrel","9":"product_tag-irish-whiskey","10":"product_tag-whiskey-irlandes","12":"first","13":"instock","14":"shipping-taxable","15":"purchasable","16":"product-type-simple"},"_links":{"self":[{"href":"https:\/\/lawhiskeria.cr\/index.php?rest_route=\/wp\/v2\/product\/18407","targetHints":{"allow":["GET"]}}],"collection":[{"href":"https:\/\/lawhiskeria.cr\/index.php?rest_route=\/wp\/v2\/product"}],"about":[{"href":"https:\/\/lawhiskeria.cr\/index.php?rest_route=\/wp\/v2\/types\/product"}],"replies":[{"embeddable":true,"href":"https:\/\/lawhiskeria.cr\/index.php?rest_route=%2Fwp%2Fv2%2Fcomments&post=18407"}],"version-history":[{"count":4,"href":"https:\/\/lawhiskeria.cr\/index.php?rest_route=\/wp\/v2\/product\/18407\/revisions"}],"predecessor-version":[{"id":19681,"href":"https:\/\/lawhiskeria.cr\/index.php?rest_route=\/wp\/v2\/product\/18407\/revisions\/19681"}],"wp:featuredmedia":[{"embeddable":true,"href":"https:\/\/lawhiskeria.cr\/index.php?rest_route=\/wp\/v2\/media\/18408"}],"wp:attachment":[{"href":"https:\/\/lawhiskeria.cr\/index.php?rest_route=%2Fwp%2Fv2%2Fmedia&parent=18407"}],"wp:term":[{"taxonomy":"product_brand","embeddable":true,"href":"https:\/\/lawhiskeria.cr\/index.php?rest_route=%2Fwp%2Fv2%2Fproduct_brand&post=18407"},{"taxonomy":"product_cat","embeddable":true,"href":"https:\/\/lawhiskeria.cr\/index.php?rest_route=%2Fwp%2Fv2%2Fproduct_cat&post=18407"},{"taxonomy":"product_tag","embeddable":true,"href":"https:\/\/lawhiskeria.cr\/index.php?rest_route=%2Fwp%2Fv2%2Fproduct_tag&post=18407"}],"curies":[{"name":"wp","href":"https:\/\/api.w.org\/{rel}","templated":true}]}}