{"id":18381,"date":"2025-03-06T23:10:12","date_gmt":"2025-03-06T23:10:12","guid":{"rendered":"https:\/\/lawhiskeria.cr\/?post_type=product&#038;p=18381"},"modified":"2025-10-28T02:14:44","modified_gmt":"2025-10-28T02:14:44","slug":"montecastrillo-rosado","status":"publish","type":"product","link":"https:\/\/lawhiskeria.cr\/?product=montecastrillo-rosado","title":{"rendered":"Montecastrillo Rosado"},"content":{"rendered":"<p><strong>ELABORACI\u00d3N: Vi\u00f1edos en espaldera, de edad media superior a los 25 a\u00f1os y a una altitud comprendida entre los 800 y 900 metros. Vendimia manual y seleccionada. La obtenci\u00f3n del mosto y de su color proviene de un prensado directo de la uva tinta. Uva sin desgranar. Prensado directo. Decantaci\u00f3n est\u00e1tica de 24 horas. Fermentaci\u00f3n a baja temperatura en dep\u00f3sito de acero inoxidable con levaduras propias de la uva y de la cosecha. Crianza en barricas de 225 litros de nuestra propia toneler\u00eda en bodega. Vino certificado ecol\u00f3gico y biodin\u00e1mico. Apto para veganos. <\/strong><\/p>\n","protected":false},"excerpt":{"rendered":"<p><strong>Finca Torremilanos, Aranda de Duero (Burgos) Espa\u00f1a.<\/strong><\/p>\n<p><strong>VARIEDADES DE UVA: Tempranillo (95%) y Garnacha (5%), todas de nuestros propios vi\u00f1edos.<\/strong><\/p>\n<p><strong>VENDIMIA: Manual y seleccionada 2022.<\/strong><\/p>\n<p><strong>COLOR: Rosado Guinda. <\/strong><\/p>\n<p><strong>NAR\u00cdZ: Regaliz, frutas rojas c\u00f3mo la fresa y la cereza, aromas de grafito y laurel junto con un ligero matiz dulce que corresponde con el calor de la a\u00f1ada 2022.<\/strong><\/p>\n<p><strong>GUSTO: Fresco y agradable con una gran intensidad de sabor a uva, guinda, fresas silvestres y regaliz junto con notas minerales que a\u00f1aden frescura y complejidad.<\/strong><\/p>\n<p><strong>GASTRONOM\u00cdA: Verduras, pescado, marisco, pasta, arroces y platos especiados y\/o picantes, pero ante todo buena compa\u00f1\u00eda.<\/strong><\/p>\n<p><strong>TIEMPO DE CONSERVACI\u00d3N: 3 a\u00f1os, en perfectas condiciones de temperatura (14\u00baC) y humedad (75-80%) constante.<\/strong><\/p>\n<p><strong>TEMPERATURA DE CONSUMO: Entre 6 -10 \u00ba C. dependiendo de tiempo y lugar.<\/strong><\/p>\n<p><strong>ABV 13.5% &#8211; 750 ml.<\/strong><\/p>\n","protected":false},"featured_media":18382,"comment_status":"open","ping_status":"closed","template":"","meta":[],"product_brand":[],"product_cat":[421,29],"product_tag":[232,249,162,149,196],"class_list":{"0":"post-18381","1":"product","2":"type-product","3":"status-publish","4":"has-post-thumbnail","6":"product_cat-blanco-y-rosado","7":"product_cat-vinos","8":"product_tag-garnacha","9":"product_tag-ribera-del-duero","10":"product_tag-tempranillo","11":"product_tag-vino-espanol","12":"product_tag-vino-rosado","14":"first","15":"instock","16":"shipping-taxable","17":"purchasable","18":"product-type-simple"},"_links":{"self":[{"href":"https:\/\/lawhiskeria.cr\/index.php?rest_route=\/wp\/v2\/product\/18381","targetHints":{"allow":["GET"]}}],"collection":[{"href":"https:\/\/lawhiskeria.cr\/index.php?rest_route=\/wp\/v2\/product"}],"about":[{"href":"https:\/\/lawhiskeria.cr\/index.php?rest_route=\/wp\/v2\/types\/product"}],"replies":[{"embeddable":true,"href":"https:\/\/lawhiskeria.cr\/index.php?rest_route=%2Fwp%2Fv2%2Fcomments&post=18381"}],"version-history":[{"count":1,"href":"https:\/\/lawhiskeria.cr\/index.php?rest_route=\/wp\/v2\/product\/18381\/revisions"}],"predecessor-version":[{"id":18383,"href":"https:\/\/lawhiskeria.cr\/index.php?rest_route=\/wp\/v2\/product\/18381\/revisions\/18383"}],"wp:featuredmedia":[{"embeddable":true,"href":"https:\/\/lawhiskeria.cr\/index.php?rest_route=\/wp\/v2\/media\/18382"}],"wp:attachment":[{"href":"https:\/\/lawhiskeria.cr\/index.php?rest_route=%2Fwp%2Fv2%2Fmedia&parent=18381"}],"wp:term":[{"taxonomy":"product_brand","embeddable":true,"href":"https:\/\/lawhiskeria.cr\/index.php?rest_route=%2Fwp%2Fv2%2Fproduct_brand&post=18381"},{"taxonomy":"product_cat","embeddable":true,"href":"https:\/\/lawhiskeria.cr\/index.php?rest_route=%2Fwp%2Fv2%2Fproduct_cat&post=18381"},{"taxonomy":"product_tag","embeddable":true,"href":"https:\/\/lawhiskeria.cr\/index.php?rest_route=%2Fwp%2Fv2%2Fproduct_tag&post=18381"}],"curies":[{"name":"wp","href":"https:\/\/api.w.org\/{rel}","templated":true}]}}