{"id":18378,"date":"2025-03-06T23:09:45","date_gmt":"2025-03-06T23:09:45","guid":{"rendered":"https:\/\/lawhiskeria.cr\/?post_type=product&#038;p=18378"},"modified":"2025-10-28T02:15:15","modified_gmt":"2025-10-28T02:15:15","slug":"montecastrillo-tinto","status":"publish","type":"product","link":"https:\/\/lawhiskeria.cr\/?product=montecastrillo-tinto","title":{"rendered":"Montecastrillo Tinto"},"content":{"rendered":"<p><strong>ELABORACI\u00d3N: Vi\u00f1edos en espaldera, de edad media superior a los 25 a\u00f1os y a una altitud comprendida entre los 800 &#8211; 900 metros. Vendimia manual y seleccionada. Vino elaborado en ausencia de sulfuroso. Uva desgranada. Maceraci\u00f3n de 5 a 7 d\u00edas. Fermentaci\u00f3n a temperatura controlada en dep\u00f3sitos de acero inoxidable con levaduras propias de la uva y de la cosecha. Tras la fermentaci\u00f3n malol\u00e1ctica en dep\u00f3sitos de acero inoxidable, se realiza el \u00a8coupage\u00a8 final. Crianza de 4 meses en barricas de 225 litros de roble franc\u00e9s y americano de nuestra propia toneler\u00eda en bodega (20% barricas de primer y segundo uso). <\/strong><\/p>\n","protected":false},"excerpt":{"rendered":"<p><strong>Finca Torremilanos, Aranda de Duero (Burgos) Espa\u00f1a.<\/strong><\/p>\n<p><strong>VARIEDADES DE UVA: Tempranillo (90 %), otras variedades de la finca (10%), todas de nuestros propios vi\u00f1edos.<\/strong><\/p>\n<p><strong>VENDIMIA: Manual y seleccionada 2021.<\/strong><\/p>\n<p><strong>COLOR: Notas rojas y p\u00farpuras.<\/strong><\/p>\n<p><strong>NAR\u00cdZ: Fresco y ligero aroma a regaliz con textura consistente y aroma persistente. <\/strong><\/p>\n<p><strong>GUSTO: Ligero, su paso en boca es suave y frutal con sensaciones de uva y delicadas notas minerales<\/strong><\/p>\n<p><strong>GASTRONOM\u00cdA: Carnes poco maridadas, pasta, pizza, guisos y legumbres, pero ante todo buena compa\u00f1\u00eda.<\/strong><\/p>\n<p><strong>TIEMPO DE CONSERVACI\u00d3N: 5 a\u00f1os y m\u00e1s, en perfectas condiciones de temperatura (14\u00baC) y humedad (75-80%) constante.<\/strong><\/p>\n<p><strong>\u00a0TEMPERATURA DE CONSUMO: Entre 18\u00ba y 20\u00ba C. dependiendo de tiempo y lugar.<\/strong><\/p>\n<p><strong>ABV 14.5% &#8211; 750 ml.<\/strong><\/p>\n","protected":false},"featured_media":18379,"comment_status":"open","ping_status":"closed","template":"","meta":[],"product_brand":[],"product_cat":[420,29],"product_tag":[249,162,149,247],"class_list":{"0":"post-18378","1":"product","2":"type-product","3":"status-publish","4":"has-post-thumbnail","6":"product_cat-tinto","7":"product_cat-vinos","8":"product_tag-ribera-del-duero","9":"product_tag-tempranillo","10":"product_tag-vino-espanol","11":"product_tag-vino-tinto","13":"first","14":"instock","15":"shipping-taxable","16":"purchasable","17":"product-type-simple"},"_links":{"self":[{"href":"https:\/\/lawhiskeria.cr\/index.php?rest_route=\/wp\/v2\/product\/18378","targetHints":{"allow":["GET"]}}],"collection":[{"href":"https:\/\/lawhiskeria.cr\/index.php?rest_route=\/wp\/v2\/product"}],"about":[{"href":"https:\/\/lawhiskeria.cr\/index.php?rest_route=\/wp\/v2\/types\/product"}],"replies":[{"embeddable":true,"href":"https:\/\/lawhiskeria.cr\/index.php?rest_route=%2Fwp%2Fv2%2Fcomments&post=18378"}],"version-history":[{"count":1,"href":"https:\/\/lawhiskeria.cr\/index.php?rest_route=\/wp\/v2\/product\/18378\/revisions"}],"predecessor-version":[{"id":18380,"href":"https:\/\/lawhiskeria.cr\/index.php?rest_route=\/wp\/v2\/product\/18378\/revisions\/18380"}],"wp:featuredmedia":[{"embeddable":true,"href":"https:\/\/lawhiskeria.cr\/index.php?rest_route=\/wp\/v2\/media\/18379"}],"wp:attachment":[{"href":"https:\/\/lawhiskeria.cr\/index.php?rest_route=%2Fwp%2Fv2%2Fmedia&parent=18378"}],"wp:term":[{"taxonomy":"product_brand","embeddable":true,"href":"https:\/\/lawhiskeria.cr\/index.php?rest_route=%2Fwp%2Fv2%2Fproduct_brand&post=18378"},{"taxonomy":"product_cat","embeddable":true,"href":"https:\/\/lawhiskeria.cr\/index.php?rest_route=%2Fwp%2Fv2%2Fproduct_cat&post=18378"},{"taxonomy":"product_tag","embeddable":true,"href":"https:\/\/lawhiskeria.cr\/index.php?rest_route=%2Fwp%2Fv2%2Fproduct_tag&post=18378"}],"curies":[{"name":"wp","href":"https:\/\/api.w.org\/{rel}","templated":true}]}}