{"id":18375,"date":"2025-03-06T23:00:45","date_gmt":"2025-03-06T23:00:45","guid":{"rendered":"https:\/\/lawhiskeria.cr\/?post_type=product&#038;p=18375"},"modified":"2025-12-02T16:06:06","modified_gmt":"2025-12-02T16:06:06","slug":"dehesa-de-los-canonigos","status":"publish","type":"product","link":"https:\/\/lawhiskeria.cr\/?product=dehesa-de-los-canonigos","title":{"rendered":"Dehesa de los Can\u00f3nigos"},"content":{"rendered":"<p><strong>A\u00d1ADA CLIM\u00c1TICA: C\u00e1lida y seca son los dos adjetivos que definen a la a\u00f1ada 2022. El invierno y la primavera se caracterizaron por la falta de agua, el verano empez\u00f3 muy temprano y hubo una ola de calor constante. Una peque\u00f1a irrigaci\u00f3n y el adecuado manejo de la vegetaci\u00f3n fueron claves para mantener los racimos protegidos frente a la fuerte insolaci\u00f3n. En las semanas previas a la vendimia, que empez\u00f3 el 19 de septiembre, la amplitud t\u00e9rmica ayud\u00f3 a preservar la acidez y los aromas primarios en las bayas.<\/strong><\/p>\n","protected":false},"excerpt":{"rendered":"<p><strong>Ribera del Duero, Espa\u00f1a.<\/strong><\/p>\n<p><strong>Vi\u00f1edo Propio: Agricultura ecol\u00f3gica La Sagra Nueva, el Cotarro, Palomar y Cabernet.<\/strong><\/p>\n<p><strong>Vendimia manual: 85% Tempranillo y 15% Merlot.<\/strong><\/p>\n<p><strong>Crianza: 15 meses en roble americano.<\/strong><\/p>\n<p><strong>NOTA DE CATA: <\/strong><\/p>\n<p><strong>Color rojo picota oscuro, capa media-alta.<\/strong><\/p>\n<p><strong>Nariz de aromas frescos, a frutos rojos y negros, como la grosella, mora, cereza, ciruela y zarzamora; acompa\u00f1ados de aromas de regaliz y eucalipto. Se aprecian agradables notas propias de la crianza, como la nuez moscada y la avellana. <\/strong><\/p>\n<p><strong>La entrada en boca es fresca y amable, con muy buena acidez. Aparecen en retronasal los aromas frutos del bosque, hoja de zarzamora y tostados. Grato recuerdo. <\/strong><\/p>\n<p><strong>ABV 15% &#8211; 750 ml.<\/strong><\/p>\n","protected":false},"featured_media":18376,"comment_status":"open","ping_status":"closed","template":"","meta":[],"product_brand":[],"product_cat":[420,29],"product_tag":[168,249,162,198,149],"class_list":{"0":"post-18375","1":"product","2":"type-product","3":"status-publish","4":"has-post-thumbnail","6":"product_cat-tinto","7":"product_cat-vinos","8":"product_tag-merlot","9":"product_tag-ribera-del-duero","10":"product_tag-tempranillo","11":"product_tag-tinto","12":"product_tag-vino-espanol","14":"first","15":"instock","16":"shipping-taxable","17":"purchasable","18":"product-type-simple"},"_links":{"self":[{"href":"https:\/\/lawhiskeria.cr\/index.php?rest_route=\/wp\/v2\/product\/18375","targetHints":{"allow":["GET"]}}],"collection":[{"href":"https:\/\/lawhiskeria.cr\/index.php?rest_route=\/wp\/v2\/product"}],"about":[{"href":"https:\/\/lawhiskeria.cr\/index.php?rest_route=\/wp\/v2\/types\/product"}],"replies":[{"embeddable":true,"href":"https:\/\/lawhiskeria.cr\/index.php?rest_route=%2Fwp%2Fv2%2Fcomments&post=18375"}],"version-history":[{"count":1,"href":"https:\/\/lawhiskeria.cr\/index.php?rest_route=\/wp\/v2\/product\/18375\/revisions"}],"predecessor-version":[{"id":18377,"href":"https:\/\/lawhiskeria.cr\/index.php?rest_route=\/wp\/v2\/product\/18375\/revisions\/18377"}],"wp:featuredmedia":[{"embeddable":true,"href":"https:\/\/lawhiskeria.cr\/index.php?rest_route=\/wp\/v2\/media\/18376"}],"wp:attachment":[{"href":"https:\/\/lawhiskeria.cr\/index.php?rest_route=%2Fwp%2Fv2%2Fmedia&parent=18375"}],"wp:term":[{"taxonomy":"product_brand","embeddable":true,"href":"https:\/\/lawhiskeria.cr\/index.php?rest_route=%2Fwp%2Fv2%2Fproduct_brand&post=18375"},{"taxonomy":"product_cat","embeddable":true,"href":"https:\/\/lawhiskeria.cr\/index.php?rest_route=%2Fwp%2Fv2%2Fproduct_cat&post=18375"},{"taxonomy":"product_tag","embeddable":true,"href":"https:\/\/lawhiskeria.cr\/index.php?rest_route=%2Fwp%2Fv2%2Fproduct_tag&post=18375"}],"curies":[{"name":"wp","href":"https:\/\/api.w.org\/{rel}","templated":true}]}}