{"id":18354,"date":"2025-02-28T04:15:59","date_gmt":"2025-02-28T04:15:59","guid":{"rendered":"https:\/\/lawhiskeria.cr\/?post_type=product&#038;p=18354"},"modified":"2025-12-17T22:24:34","modified_gmt":"2025-12-17T22:24:34","slug":"alma-negra-misterio","status":"publish","type":"product","link":"https:\/\/lawhiskeria.cr\/?product=alma-negra-misterio","title":{"rendered":"Alma Negra Misterio"},"content":{"rendered":"","protected":false},"excerpt":{"rendered":"<p><strong>Tinto 2020<\/strong><\/p>\n<p><strong>Corte: Desconocido<\/strong><\/p>\n<p><strong>Crianza en barrica: 16 meses en barricas de roble Franc\u00e9s 40% nuevas.<\/strong><\/p>\n<p><strong>Predominan tintas como la Malbec.<\/strong><\/p>\n<p><strong>Locaci\u00f3n de los Vi\u00f1edos: Valle de Uco, Mendoza &#8211; Argentina<\/strong><\/p>\n<p><strong>Una puerta abierta a los bosques de frutas rojas. Un pasadizo m\u00e1gico sobre colchones de cerezas, moras y registros ahumados que flotan en el aire.<\/strong><\/p>\n<p><strong>Un vino con cuerpo y alma, de color intenso y el\u00e9ctrica compa\u00f1\u00eda. En boca maravillosos destellos de madera y un final herb\u00e1ceo y memorable. Una fotograf\u00eda inquietante e indestructible de todo lo que est\u00e1 bien en un vino.<\/strong><\/p>\n<p><strong>Color: Violeta Oscuro y Profundo.<\/strong><br \/>\n<strong>Nariz: cerezas, moras, notas ahumadas.<\/strong><br \/>\n<strong>Boca: Madera con final herb\u00e1ceo y memorable.<\/strong><\/p>\n<p><strong>Nivel de ph: 3.74<\/strong><\/p>\n<p><strong>Az\u00facar residual: 2.4 g\/l<\/strong><\/p>\n<p><strong>Maridaje: Chorizo, Carnes a la Parrilla, Quesos Maduros, Jamones Curados.<\/strong><\/p>\n<p><strong>ABV 13.5% &#8211; 750 ml.<\/strong><\/p>\n","protected":false},"featured_media":18355,"comment_status":"open","ping_status":"closed","template":"","meta":[],"product_brand":[],"product_cat":[420,29],"product_tag":[310,309,151,247],"class_list":{"0":"post-18354","1":"product","2":"type-product","3":"status-publish","4":"has-post-thumbnail","6":"product_cat-tinto","7":"product_cat-vinos","8":"product_tag-mendoza","9":"product_tag-valle-de-uco","10":"product_tag-vino-argentino","11":"product_tag-vino-tinto","13":"first","14":"instock","15":"shipping-taxable","16":"purchasable","17":"product-type-simple"},"_links":{"self":[{"href":"https:\/\/lawhiskeria.cr\/index.php?rest_route=\/wp\/v2\/product\/18354","targetHints":{"allow":["GET"]}}],"collection":[{"href":"https:\/\/lawhiskeria.cr\/index.php?rest_route=\/wp\/v2\/product"}],"about":[{"href":"https:\/\/lawhiskeria.cr\/index.php?rest_route=\/wp\/v2\/types\/product"}],"replies":[{"embeddable":true,"href":"https:\/\/lawhiskeria.cr\/index.php?rest_route=%2Fwp%2Fv2%2Fcomments&post=18354"}],"version-history":[{"count":4,"href":"https:\/\/lawhiskeria.cr\/index.php?rest_route=\/wp\/v2\/product\/18354\/revisions"}],"predecessor-version":[{"id":18410,"href":"https:\/\/lawhiskeria.cr\/index.php?rest_route=\/wp\/v2\/product\/18354\/revisions\/18410"}],"wp:featuredmedia":[{"embeddable":true,"href":"https:\/\/lawhiskeria.cr\/index.php?rest_route=\/wp\/v2\/media\/18355"}],"wp:attachment":[{"href":"https:\/\/lawhiskeria.cr\/index.php?rest_route=%2Fwp%2Fv2%2Fmedia&parent=18354"}],"wp:term":[{"taxonomy":"product_brand","embeddable":true,"href":"https:\/\/lawhiskeria.cr\/index.php?rest_route=%2Fwp%2Fv2%2Fproduct_brand&post=18354"},{"taxonomy":"product_cat","embeddable":true,"href":"https:\/\/lawhiskeria.cr\/index.php?rest_route=%2Fwp%2Fv2%2Fproduct_cat&post=18354"},{"taxonomy":"product_tag","embeddable":true,"href":"https:\/\/lawhiskeria.cr\/index.php?rest_route=%2Fwp%2Fv2%2Fproduct_tag&post=18354"}],"curies":[{"name":"wp","href":"https:\/\/api.w.org\/{rel}","templated":true}]}}