{"id":18344,"date":"2025-02-25T00:00:25","date_gmt":"2025-02-25T00:00:25","guid":{"rendered":"https:\/\/lawhiskeria.cr\/?post_type=product&#038;p=18344"},"modified":"2026-02-10T20:03:39","modified_gmt":"2026-02-10T20:03:39","slug":"michters-us1-toasted-barrel-finish-bourbon","status":"publish","type":"product","link":"https:\/\/lawhiskeria.cr\/?product=michters-us1-toasted-barrel-finish-bourbon","title":{"rendered":"Michter&#8217;s US*1 Toasted Barrel Finish Bourbon"},"content":{"rendered":"","protected":false},"excerpt":{"rendered":"<p><strong>El Michter&#8217;s US 1 Toasted Barrel Finish Bourbon, que se present\u00f3 por primera vez con gran \u00e9xito en el oto\u00f1o de 2014, es una expresi\u00f3n de whisky innovadora. Se elabora tomando el Michter&#8217;s US 1 Kentucky Straight Bourbon y luego a\u00f1ej\u00e1ndolo durante un periodo adicional en un segundo barril hecho a la medida. Este segundo barril se ensambla a partir de madera secada al aire durante 18 meses y luego se tuesta, pero no se carboniza. El sabor verdaderamente \u00fanico y delicioso del Michter&#8217;s US 1 Toasted Barrel Finish Bourbon representa un logro notable dado que es un Kentucky Straight Bourbon sin nada adicional agregado, excepto el almacenamiento en un segundo barril tostado.<\/strong><\/p>\n<p><strong>PRODUCCIO\u0301N: Lote peque\u00f1o &#8211; Cantidades limitadas.<\/strong><\/p>\n<p><strong>TONELAJE: Primera barrica: roble blanco americano nuevo carbonizado al fuego. <\/strong><\/p>\n<p><strong>Segunda barrica: barrica tostada de madera secada al aire durante 18 meses.<\/strong><\/p>\n<p><strong>NOTAS DE CATA: Fogata y canela, con nueces pecanas y frutas confitadas. Final persistente de peras horneadas, vainilla y malvavisco.<\/strong><\/p>\n<p><strong>The Tasting Panel 100 PUNTOS. <\/strong><\/p>\n<p><strong>Whisky Magazine \u2013 Editor\u00b4s Choice.<\/strong><\/p>\n<p><strong>45,7 % ABV \u2013 750 ml.<\/strong><\/p>\n","protected":false},"featured_media":18345,"comment_status":"open","ping_status":"closed","template":"","meta":[],"product_brand":[],"product_cat":[32,70],"product_tag":[78,95],"class_list":{"0":"post-18344","1":"product","2":"type-product","3":"status-publish","4":"has-post-thumbnail","6":"product_cat-whisky","7":"product_cat-bourbon-american-whiskey","8":"product_tag-bourbon","9":"product_tag-straight-bourbon","11":"first","12":"outofstock","13":"shipping-taxable","14":"purchasable","15":"product-type-simple"},"_links":{"self":[{"href":"https:\/\/lawhiskeria.cr\/index.php?rest_route=\/wp\/v2\/product\/18344","targetHints":{"allow":["GET"]}}],"collection":[{"href":"https:\/\/lawhiskeria.cr\/index.php?rest_route=\/wp\/v2\/product"}],"about":[{"href":"https:\/\/lawhiskeria.cr\/index.php?rest_route=\/wp\/v2\/types\/product"}],"replies":[{"embeddable":true,"href":"https:\/\/lawhiskeria.cr\/index.php?rest_route=%2Fwp%2Fv2%2Fcomments&post=18344"}],"version-history":[{"count":1,"href":"https:\/\/lawhiskeria.cr\/index.php?rest_route=\/wp\/v2\/product\/18344\/revisions"}],"predecessor-version":[{"id":18346,"href":"https:\/\/lawhiskeria.cr\/index.php?rest_route=\/wp\/v2\/product\/18344\/revisions\/18346"}],"wp:featuredmedia":[{"embeddable":true,"href":"https:\/\/lawhiskeria.cr\/index.php?rest_route=\/wp\/v2\/media\/18345"}],"wp:attachment":[{"href":"https:\/\/lawhiskeria.cr\/index.php?rest_route=%2Fwp%2Fv2%2Fmedia&parent=18344"}],"wp:term":[{"taxonomy":"product_brand","embeddable":true,"href":"https:\/\/lawhiskeria.cr\/index.php?rest_route=%2Fwp%2Fv2%2Fproduct_brand&post=18344"},{"taxonomy":"product_cat","embeddable":true,"href":"https:\/\/lawhiskeria.cr\/index.php?rest_route=%2Fwp%2Fv2%2Fproduct_cat&post=18344"},{"taxonomy":"product_tag","embeddable":true,"href":"https:\/\/lawhiskeria.cr\/index.php?rest_route=%2Fwp%2Fv2%2Fproduct_tag&post=18344"}],"curies":[{"name":"wp","href":"https:\/\/api.w.org\/{rel}","templated":true}]}}