{"id":18234,"date":"2025-01-30T02:21:22","date_gmt":"2025-01-30T02:21:22","guid":{"rendered":"https:\/\/lawhiskeria.cr\/?post_type=product&#038;p=18234"},"modified":"2025-10-28T01:47:59","modified_gmt":"2025-10-28T01:47:59","slug":"errazuriz-max-carmenere-2020","status":"publish","type":"product","link":"https:\/\/lawhiskeria.cr\/?product=errazuriz-max-carmenere-2020","title":{"rendered":"Err\u00e1zuriz MAX Carmenere 2020"},"content":{"rendered":"<p><strong>VI\u00d1EDOS: Las uvas para elaborar MAX Carmenere provienen principalmente de nuestros vi\u00f1edos MAX en el Valle de Aconcagua. Ubicado en el interior del valle, los suelos del vi\u00f1edo tienen predominantemente una textura franca a franco arcillosa y son principalmente de origen coluvial. Las especiales condiciones de nutrici\u00f3n y drenaje de los distintos suelos ayudan a controlar el vigor de las plantas, lo que produce una carga equilibrada de frutas, con racimos y bayas peque\u00f1as.<\/strong><\/p>\n<p><strong>NOTAS DE VENDIMIA: Sin dudas una temporada 2020 compleja y desafiante, con el invierno m\u00e1s seco de los \u00faltimos 50 a\u00f1os, nuestros vi\u00f1edos del Valle de Aconcagua tuvieron que soportar una verdadera marat\u00f3n h\u00eddrica para poder llegar a plena madurez. La temporada fue c\u00e1lida, sobre todo en la primavera, terminando con un marzo y abril levemente m\u00e1s fr\u00edos. Rendimientos moderados y riego abundante en verano, conservaron el frescor y calidad de las uvas.<\/strong><\/p>\n<p><strong>NOTAS ENOL\u00d3GICAS: Las uvas fueron cosechadas a mano en la ma\u00f1ana, luego inspeccionadas en una mesa de doble selecci\u00f3n, molidas y depositadas en tanques de acero inoxidable para su fermentaci\u00f3n. El tiempo total de maceraci\u00f3n fue de 15 a 25 d\u00edas. Luego, el vino tuvo una guarda de 12 meses en barricas de roble franc\u00e9s, 25% nuevas.<\/strong><\/p>\n","protected":false},"excerpt":{"rendered":"<p><strong>APELACI\u00d3N: Valle de Aconcagua<\/strong><\/p>\n<p><strong>NOTAS DE CATA<\/strong><\/p>\n<p><strong>MAX Carmenere 2020 presenta un intenso color p\u00farpura con tonos violeta. <\/strong><\/p>\n<p><strong>En nariz despliega aromas a frutas rojas y negras con notas especiadas que recuerdan paprika y pimienta negra, todo enmarcado por suaves toques a chocolate amargo. <\/strong><\/p>\n<p><strong>En boca presenta notas a cereza y frutilla, pimienta negra y un toque a t\u00e9 negro. Es un vino con boca fresca, redonda y suave con taninos elegantes que le entregan una textura sedosa.<\/strong><\/p>\n<p><strong>INFORMACI\u00d3N T\u00c9CNICA<\/strong><\/p>\n<p><strong>ALCOHOL: 13,5%<\/strong><\/p>\n<p><strong>PH: 3,53<\/strong><\/p>\n<p><strong>ACIDEZ TOTAL: 5,69 g\/L (en \u00e1cido tart\u00e1rico)<\/strong><\/p>\n<p><strong>AZ\u00daCAR RESIDUAL: 1,93 g\/L<\/strong><\/p>\n<p><strong>GUARDA: 12 meses en barricas de roble franc\u00e9s, 25% nuevas.<\/strong><\/p>\n<p><iframe loading=\"lazy\" title=\"YouTube video player\" src=\"https:\/\/www.youtube.com\/embed\/XnqBCUaYZYg?si=5eash8rf2wz_KTVI&amp;start=4012\" width=\"560\" height=\"315\" frameborder=\"0\" allowfullscreen=\"allowfullscreen\"><\/iframe><\/p>\n","protected":false},"featured_media":18235,"comment_status":"open","ping_status":"closed","template":"","meta":[],"product_brand":[],"product_cat":[420,29],"product_tag":[157,156,303,247],"class_list":{"0":"post-18234","1":"product","2":"type-product","3":"status-publish","4":"has-post-thumbnail","6":"product_cat-tinto","7":"product_cat-vinos","8":"product_tag-carmenere","9":"product_tag-vino-chileno","10":"product_tag-vino-reserva","11":"product_tag-vino-tinto","13":"first","14":"instock","15":"shipping-taxable","16":"purchasable","17":"product-type-simple"},"_links":{"self":[{"href":"https:\/\/lawhiskeria.cr\/index.php?rest_route=\/wp\/v2\/product\/18234","targetHints":{"allow":["GET"]}}],"collection":[{"href":"https:\/\/lawhiskeria.cr\/index.php?rest_route=\/wp\/v2\/product"}],"about":[{"href":"https:\/\/lawhiskeria.cr\/index.php?rest_route=\/wp\/v2\/types\/product"}],"replies":[{"embeddable":true,"href":"https:\/\/lawhiskeria.cr\/index.php?rest_route=%2Fwp%2Fv2%2Fcomments&post=18234"}],"version-history":[{"count":3,"href":"https:\/\/lawhiskeria.cr\/index.php?rest_route=\/wp\/v2\/product\/18234\/revisions"}],"predecessor-version":[{"id":19354,"href":"https:\/\/lawhiskeria.cr\/index.php?rest_route=\/wp\/v2\/product\/18234\/revisions\/19354"}],"wp:featuredmedia":[{"embeddable":true,"href":"https:\/\/lawhiskeria.cr\/index.php?rest_route=\/wp\/v2\/media\/18235"}],"wp:attachment":[{"href":"https:\/\/lawhiskeria.cr\/index.php?rest_route=%2Fwp%2Fv2%2Fmedia&parent=18234"}],"wp:term":[{"taxonomy":"product_brand","embeddable":true,"href":"https:\/\/lawhiskeria.cr\/index.php?rest_route=%2Fwp%2Fv2%2Fproduct_brand&post=18234"},{"taxonomy":"product_cat","embeddable":true,"href":"https:\/\/lawhiskeria.cr\/index.php?rest_route=%2Fwp%2Fv2%2Fproduct_cat&post=18234"},{"taxonomy":"product_tag","embeddable":true,"href":"https:\/\/lawhiskeria.cr\/index.php?rest_route=%2Fwp%2Fv2%2Fproduct_tag&post=18234"}],"curies":[{"name":"wp","href":"https:\/\/api.w.org\/{rel}","templated":true}]}}