{"id":18228,"date":"2025-01-30T02:13:54","date_gmt":"2025-01-30T02:13:54","guid":{"rendered":"https:\/\/lawhiskeria.cr\/?post_type=product&#038;p=18228"},"modified":"2025-10-28T01:49:11","modified_gmt":"2025-10-28T01:49:11","slug":"errazuriz-max-merlot-2020","status":"publish","type":"product","link":"https:\/\/lawhiskeria.cr\/?product=errazuriz-max-merlot-2020","title":{"rendered":"Err\u00e1zuriz MAX Merlot 2020"},"content":{"rendered":"<p><strong>VI\u00d1EDOS: Las uvas para este Merlot provienen del Valle del Maipo, con vi\u00f1edos plantados en terrazas de suelos aluviales que permiten un buen balance de crecimiento vegetativo y productivo, de vigor medio. Dada la altitud y cercan\u00eda a la Cordillera de los Andes, el periodo estival presenta temperaturas moderadas que permiten un buen desarrollo de aromas y sabores.<\/strong><\/p>\n<p><strong>NOTAS ENOL\u00d3GICAS: Las uvas fueron cosechadas a mano en la ma\u00f1ana, luego inspeccionadas en una mesa de doble selecci\u00f3n, molidas y depositadas en tanques de acero inoxidable para su fermentaci\u00f3n. El tiempo total de maceraci\u00f3n fue de 15 a 25 d\u00edas. Luego, el vino tuvo una guarda de 12 meses en barricas de roble franc\u00e9s, 25% nuevas.<\/strong><\/p>\n","protected":false},"excerpt":{"rendered":"<p><strong>APELACI\u00d3N: Valle del Maipo<\/strong><\/p>\n<p><strong>NOTAS DE CATA<\/strong><\/p>\n<p><strong>MAX Merlot 2020 presenta un color rojo rub\u00ed profundo y brillante. <\/strong><\/p>\n<p><strong>En nariz muestra aromas a cereza fresca, frambuesa y grosella, acompa\u00f1ados por notas bals\u00e1micas que recuerdan eneldo y romero, enmarcados por tonos a vainilla, reposter\u00eda y algo de incienso. <\/strong><\/p>\n<p><strong>En boca despliega notas a frutos rojos, especias, t\u00e9 negro y un suave toque a reposter\u00eda. Es un vino fresco, jugoso con taninos tizosos de grano fino de excelente recorrido en boca.<\/strong><\/p>\n<p><strong>INFORMACI\u00d3N T\u00c9CNICA<\/strong><\/p>\n<p><strong>Alcohol: 13,5%<\/strong><\/p>\n<p><strong>Ph: 3,56<\/strong><\/p>\n<p><strong>Acidez total: 5,40 g\/L (en \u00e1cido tart\u00e1rico)<\/strong><\/p>\n<p><strong>Az\u00facar residual: 2,04 g\/L<\/strong><\/p>\n<p><strong>Guarda: 12 meses en barricas de roble franc\u00e9s, 25% nuevas.<\/strong><\/p>\n<p><iframe loading=\"lazy\" title=\"YouTube video player\" src=\"https:\/\/www.youtube.com\/embed\/XnqBCUaYZYg?si=HZtELZZ3AsSM4isQ&amp;start=4299\" width=\"560\" height=\"315\" frameborder=\"0\" allowfullscreen=\"allowfullscreen\"><\/iframe><\/p>\n","protected":false},"featured_media":18229,"comment_status":"open","ping_status":"closed","template":"","meta":[],"product_brand":[],"product_cat":[420,29],"product_tag":[168,156,303,247],"class_list":{"0":"post-18228","1":"product","2":"type-product","3":"status-publish","4":"has-post-thumbnail","6":"product_cat-tinto","7":"product_cat-vinos","8":"product_tag-merlot","9":"product_tag-vino-chileno","10":"product_tag-vino-reserva","11":"product_tag-vino-tinto","13":"first","14":"instock","15":"shipping-taxable","16":"purchasable","17":"product-type-simple"},"_links":{"self":[{"href":"https:\/\/lawhiskeria.cr\/index.php?rest_route=\/wp\/v2\/product\/18228","targetHints":{"allow":["GET"]}}],"collection":[{"href":"https:\/\/lawhiskeria.cr\/index.php?rest_route=\/wp\/v2\/product"}],"about":[{"href":"https:\/\/lawhiskeria.cr\/index.php?rest_route=\/wp\/v2\/types\/product"}],"replies":[{"embeddable":true,"href":"https:\/\/lawhiskeria.cr\/index.php?rest_route=%2Fwp%2Fv2%2Fcomments&post=18228"}],"version-history":[{"count":3,"href":"https:\/\/lawhiskeria.cr\/index.php?rest_route=\/wp\/v2\/product\/18228\/revisions"}],"predecessor-version":[{"id":19356,"href":"https:\/\/lawhiskeria.cr\/index.php?rest_route=\/wp\/v2\/product\/18228\/revisions\/19356"}],"wp:featuredmedia":[{"embeddable":true,"href":"https:\/\/lawhiskeria.cr\/index.php?rest_route=\/wp\/v2\/media\/18229"}],"wp:attachment":[{"href":"https:\/\/lawhiskeria.cr\/index.php?rest_route=%2Fwp%2Fv2%2Fmedia&parent=18228"}],"wp:term":[{"taxonomy":"product_brand","embeddable":true,"href":"https:\/\/lawhiskeria.cr\/index.php?rest_route=%2Fwp%2Fv2%2Fproduct_brand&post=18228"},{"taxonomy":"product_cat","embeddable":true,"href":"https:\/\/lawhiskeria.cr\/index.php?rest_route=%2Fwp%2Fv2%2Fproduct_cat&post=18228"},{"taxonomy":"product_tag","embeddable":true,"href":"https:\/\/lawhiskeria.cr\/index.php?rest_route=%2Fwp%2Fv2%2Fproduct_tag&post=18228"}],"curies":[{"name":"wp","href":"https:\/\/api.w.org\/{rel}","templated":true}]}}