{"id":18201,"date":"2025-01-25T03:56:51","date_gmt":"2025-01-25T03:56:51","guid":{"rendered":"https:\/\/lawhiskeria.cr\/?post_type=product&#038;p=18201"},"modified":"2025-01-25T03:56:51","modified_gmt":"2025-01-25T03:56:51","slug":"vermut-esencia-tabira","status":"publish","type":"product","link":"https:\/\/lawhiskeria.cr\/?product=vermut-esencia-tabira","title":{"rendered":"Vermut Esencia Tabira"},"content":{"rendered":"","protected":false},"excerpt":{"rendered":"<p><strong>Vermut Premium<\/strong><\/p>\n<p><strong>Prieto Picudo &amp; Especies\u00a0<\/strong><\/p>\n<p><strong>PRIMER VERMUT PRIETO PRICUDO, \u00fanico y fant\u00e1stico producto elaborado con vino Prieto picudo de Le\u00f3n (Espa\u00f1a) y especies vegetales TABIRA (F\u00f3rmula Magistral de 1927).<\/strong><\/p>\n<p><strong>ESENCIA TABIRA, es un Vermut Premium con una producci\u00f3n muy limitada, resultado de un largo periodo de pruebas tanto con el Prieto Picudo como con las especies vegetales Tabira.<\/strong><\/p>\n<p><strong>ABV 15% &#8211; 1000 ml.<\/strong><\/p>\n","protected":false},"featured_media":18202,"comment_status":"open","ping_status":"closed","template":"","meta":[],"product_brand":[],"product_cat":[20],"product_tag":[302,296,301],"class_list":{"0":"post-18201","1":"product","2":"type-product","3":"status-publish","4":"has-post-thumbnail","6":"product_cat-lpremium","7":"product_tag-espana","8":"product_tag-prieto-picudo","9":"product_tag-vermut","11":"first","12":"instock","13":"shipping-taxable","14":"purchasable","15":"product-type-simple"},"_links":{"self":[{"href":"https:\/\/lawhiskeria.cr\/index.php?rest_route=\/wp\/v2\/product\/18201","targetHints":{"allow":["GET"]}}],"collection":[{"href":"https:\/\/lawhiskeria.cr\/index.php?rest_route=\/wp\/v2\/product"}],"about":[{"href":"https:\/\/lawhiskeria.cr\/index.php?rest_route=\/wp\/v2\/types\/product"}],"replies":[{"embeddable":true,"href":"https:\/\/lawhiskeria.cr\/index.php?rest_route=%2Fwp%2Fv2%2Fcomments&post=18201"}],"version-history":[{"count":1,"href":"https:\/\/lawhiskeria.cr\/index.php?rest_route=\/wp\/v2\/product\/18201\/revisions"}],"predecessor-version":[{"id":18203,"href":"https:\/\/lawhiskeria.cr\/index.php?rest_route=\/wp\/v2\/product\/18201\/revisions\/18203"}],"wp:featuredmedia":[{"embeddable":true,"href":"https:\/\/lawhiskeria.cr\/index.php?rest_route=\/wp\/v2\/media\/18202"}],"wp:attachment":[{"href":"https:\/\/lawhiskeria.cr\/index.php?rest_route=%2Fwp%2Fv2%2Fmedia&parent=18201"}],"wp:term":[{"taxonomy":"product_brand","embeddable":true,"href":"https:\/\/lawhiskeria.cr\/index.php?rest_route=%2Fwp%2Fv2%2Fproduct_brand&post=18201"},{"taxonomy":"product_cat","embeddable":true,"href":"https:\/\/lawhiskeria.cr\/index.php?rest_route=%2Fwp%2Fv2%2Fproduct_cat&post=18201"},{"taxonomy":"product_tag","embeddable":true,"href":"https:\/\/lawhiskeria.cr\/index.php?rest_route=%2Fwp%2Fv2%2Fproduct_tag&post=18201"}],"curies":[{"name":"wp","href":"https:\/\/api.w.org\/{rel}","templated":true}]}}