{"id":18198,"date":"2025-01-25T03:46:12","date_gmt":"2025-01-25T03:46:12","guid":{"rendered":"https:\/\/lawhiskeria.cr\/?post_type=product&#038;p=18198"},"modified":"2025-10-28T00:31:58","modified_gmt":"2025-10-28T00:31:58","slug":"el-castanal-mencia","status":"publish","type":"product","link":"https:\/\/lawhiskeria.cr\/?product=el-castanal-mencia","title":{"rendered":"El Casta\u00f1al Menc\u00eda"},"content":{"rendered":"","protected":false},"excerpt":{"rendered":"<p><strong>Vino Tinto 2022 &#8211; D.O. BIERZO (Espa\u00f1a)<\/strong><\/p>\n<p><strong>100% Menc\u00eda\u00a0\u00a0<\/strong><\/p>\n<p><strong>CASAR DE BURBIA El Casta\u00f1al 2022 es un vino parcelario de gran complejidad y alta mineralidad, que toma su nombre de una de nuestras vi\u00f1as m\u00e1s singulares, El Casta\u00f1al. Solo las 0,3 hect\u00e1reas de su parte m\u00e1s alta son responsables de este exclusivo vino.<\/strong><\/p>\n<p><strong>Vino completamente artesanal, desde la vendimia hasta el despalillado grano a grano.<\/strong><\/p>\n<p><strong>Vino ECOL\u00d3GICO certificado.<\/strong><\/p>\n<p><strong>Unidades muy limitadas.<\/strong><\/p>\n<p><strong>Estuche de madera<\/strong><\/p>\n<p><strong>ABV 14% &#8211; 750 ml.<\/strong><\/p>\n","protected":false},"featured_media":18199,"comment_status":"open","ping_status":"closed","template":"","meta":[],"product_brand":[],"product_cat":[420,29],"product_tag":[299,149,247],"class_list":{"0":"post-18198","1":"product","2":"type-product","3":"status-publish","4":"has-post-thumbnail","6":"product_cat-tinto","7":"product_cat-vinos","8":"product_tag-mencia","9":"product_tag-vino-espanol","10":"product_tag-vino-tinto","12":"first","13":"instock","14":"shipping-taxable","15":"purchasable","16":"product-type-simple"},"_links":{"self":[{"href":"https:\/\/lawhiskeria.cr\/index.php?rest_route=\/wp\/v2\/product\/18198","targetHints":{"allow":["GET"]}}],"collection":[{"href":"https:\/\/lawhiskeria.cr\/index.php?rest_route=\/wp\/v2\/product"}],"about":[{"href":"https:\/\/lawhiskeria.cr\/index.php?rest_route=\/wp\/v2\/types\/product"}],"replies":[{"embeddable":true,"href":"https:\/\/lawhiskeria.cr\/index.php?rest_route=%2Fwp%2Fv2%2Fcomments&post=18198"}],"version-history":[{"count":1,"href":"https:\/\/lawhiskeria.cr\/index.php?rest_route=\/wp\/v2\/product\/18198\/revisions"}],"predecessor-version":[{"id":18200,"href":"https:\/\/lawhiskeria.cr\/index.php?rest_route=\/wp\/v2\/product\/18198\/revisions\/18200"}],"wp:featuredmedia":[{"embeddable":true,"href":"https:\/\/lawhiskeria.cr\/index.php?rest_route=\/wp\/v2\/media\/18199"}],"wp:attachment":[{"href":"https:\/\/lawhiskeria.cr\/index.php?rest_route=%2Fwp%2Fv2%2Fmedia&parent=18198"}],"wp:term":[{"taxonomy":"product_brand","embeddable":true,"href":"https:\/\/lawhiskeria.cr\/index.php?rest_route=%2Fwp%2Fv2%2Fproduct_brand&post=18198"},{"taxonomy":"product_cat","embeddable":true,"href":"https:\/\/lawhiskeria.cr\/index.php?rest_route=%2Fwp%2Fv2%2Fproduct_cat&post=18198"},{"taxonomy":"product_tag","embeddable":true,"href":"https:\/\/lawhiskeria.cr\/index.php?rest_route=%2Fwp%2Fv2%2Fproduct_tag&post=18198"}],"curies":[{"name":"wp","href":"https:\/\/api.w.org\/{rel}","templated":true}]}}