{"id":18195,"date":"2025-01-25T03:37:57","date_gmt":"2025-01-25T03:37:57","guid":{"rendered":"https:\/\/lawhiskeria.cr\/?post_type=product&#038;p=18195"},"modified":"2025-10-28T02:01:18","modified_gmt":"2025-10-28T02:01:18","slug":"hombros-mencia","status":"publish","type":"product","link":"https:\/\/lawhiskeria.cr\/?product=hombros-mencia","title":{"rendered":"Hombros Menc\u00eda"},"content":{"rendered":"","protected":false},"excerpt":{"rendered":"<p><strong>Vino Tinto 2021 &#8211; D.O. BIERZO (Espa\u00f1a)<\/strong><\/p>\n<p><strong>100% Menc\u00eda\u00a0<\/strong><\/p>\n<p><strong>Es el vino m\u00e1s representativo de CASAR DE BURBIA y un vino de referencia en El Bierzo. <\/strong><\/p>\n<p><strong>Un vino largo y complejo, pues busca no s\u00f3lo expresar el car\u00e1cter de la Menc\u00eda sino, adem\u00e1s, representar el entorno donde crece, el Paraje de Valdaiga, en Valtuille de Arriba, con cepas con edades entre los 50 y los 100 a\u00f1os, que aportan una producci\u00f3n controlada y una maduraci\u00f3n lenta y pausada.<\/strong><\/p>\n<p><strong>Vino ECOL\u00d3GICO certificado.<\/strong><\/p>\n<p><strong>ABV 14% &#8211; 750 ml.<\/strong><\/p>\n","protected":false},"featured_media":18196,"comment_status":"open","ping_status":"closed","template":"","meta":[],"product_brand":[],"product_cat":[420,29],"product_tag":[299,149,247],"class_list":{"0":"post-18195","1":"product","2":"type-product","3":"status-publish","4":"has-post-thumbnail","6":"product_cat-tinto","7":"product_cat-vinos","8":"product_tag-mencia","9":"product_tag-vino-espanol","10":"product_tag-vino-tinto","12":"first","13":"instock","14":"shipping-taxable","15":"purchasable","16":"product-type-simple"},"_links":{"self":[{"href":"https:\/\/lawhiskeria.cr\/index.php?rest_route=\/wp\/v2\/product\/18195","targetHints":{"allow":["GET"]}}],"collection":[{"href":"https:\/\/lawhiskeria.cr\/index.php?rest_route=\/wp\/v2\/product"}],"about":[{"href":"https:\/\/lawhiskeria.cr\/index.php?rest_route=\/wp\/v2\/types\/product"}],"replies":[{"embeddable":true,"href":"https:\/\/lawhiskeria.cr\/index.php?rest_route=%2Fwp%2Fv2%2Fcomments&post=18195"}],"version-history":[{"count":1,"href":"https:\/\/lawhiskeria.cr\/index.php?rest_route=\/wp\/v2\/product\/18195\/revisions"}],"predecessor-version":[{"id":18197,"href":"https:\/\/lawhiskeria.cr\/index.php?rest_route=\/wp\/v2\/product\/18195\/revisions\/18197"}],"wp:featuredmedia":[{"embeddable":true,"href":"https:\/\/lawhiskeria.cr\/index.php?rest_route=\/wp\/v2\/media\/18196"}],"wp:attachment":[{"href":"https:\/\/lawhiskeria.cr\/index.php?rest_route=%2Fwp%2Fv2%2Fmedia&parent=18195"}],"wp:term":[{"taxonomy":"product_brand","embeddable":true,"href":"https:\/\/lawhiskeria.cr\/index.php?rest_route=%2Fwp%2Fv2%2Fproduct_brand&post=18195"},{"taxonomy":"product_cat","embeddable":true,"href":"https:\/\/lawhiskeria.cr\/index.php?rest_route=%2Fwp%2Fv2%2Fproduct_cat&post=18195"},{"taxonomy":"product_tag","embeddable":true,"href":"https:\/\/lawhiskeria.cr\/index.php?rest_route=%2Fwp%2Fv2%2Fproduct_tag&post=18195"}],"curies":[{"name":"wp","href":"https:\/\/api.w.org\/{rel}","templated":true}]}}