{"id":18191,"date":"2025-01-25T03:19:12","date_gmt":"2025-01-25T03:19:12","guid":{"rendered":"https:\/\/lawhiskeria.cr\/?post_type=product&#038;p=18191"},"modified":"2025-10-28T00:06:27","modified_gmt":"2025-10-28T00:06:27","slug":"casar-de-burbia-godello","status":"publish","type":"product","link":"https:\/\/lawhiskeria.cr\/?product=casar-de-burbia-godello","title":{"rendered":"Casar de Burbia Godello"},"content":{"rendered":"","protected":false},"excerpt":{"rendered":"<p><strong>Vino Blanco 2022 &#8211; D.O. BIERZO (Espa\u00f1a)<\/strong><\/p>\n<p><strong>100% Godello\u00a0<\/strong><\/p>\n<p><strong>Es un vino amplio, sedoso y carnoso con aromas audaces a c\u00edtricos, frutas de hueso y flores blancas.<\/strong><\/p>\n<p><strong>Tras pre macerar el mosto en fr\u00edo, lo fermentamos a baja temperatura en dep\u00f3sitos de acero inoxidable durante unos 45 d\u00edas. Posteriormente realizamos una crianza larga con sus l\u00edas finas durante ocho o nueve meses, lo que le permite ganar en aroma y en boca.<\/strong><\/p>\n<p><strong>Vino ECOL\u00d3GICO certificado.<\/strong><\/p>\n<p><strong>ABV 13% &#8211; 750 ml.<\/strong><\/p>\n","protected":false},"featured_media":18192,"comment_status":"open","ping_status":"closed","template":"","meta":[],"product_brand":[],"product_cat":[421,29],"product_tag":[300,159,149],"class_list":{"0":"post-18191","1":"product","2":"type-product","3":"status-publish","4":"has-post-thumbnail","6":"product_cat-blanco-y-rosado","7":"product_cat-vinos","8":"product_tag-godello","9":"product_tag-vino-blanco","10":"product_tag-vino-espanol","12":"first","13":"instock","14":"shipping-taxable","15":"purchasable","16":"product-type-simple"},"_links":{"self":[{"href":"https:\/\/lawhiskeria.cr\/index.php?rest_route=\/wp\/v2\/product\/18191","targetHints":{"allow":["GET"]}}],"collection":[{"href":"https:\/\/lawhiskeria.cr\/index.php?rest_route=\/wp\/v2\/product"}],"about":[{"href":"https:\/\/lawhiskeria.cr\/index.php?rest_route=\/wp\/v2\/types\/product"}],"replies":[{"embeddable":true,"href":"https:\/\/lawhiskeria.cr\/index.php?rest_route=%2Fwp%2Fv2%2Fcomments&post=18191"}],"version-history":[{"count":1,"href":"https:\/\/lawhiskeria.cr\/index.php?rest_route=\/wp\/v2\/product\/18191\/revisions"}],"predecessor-version":[{"id":18193,"href":"https:\/\/lawhiskeria.cr\/index.php?rest_route=\/wp\/v2\/product\/18191\/revisions\/18193"}],"wp:featuredmedia":[{"embeddable":true,"href":"https:\/\/lawhiskeria.cr\/index.php?rest_route=\/wp\/v2\/media\/18192"}],"wp:attachment":[{"href":"https:\/\/lawhiskeria.cr\/index.php?rest_route=%2Fwp%2Fv2%2Fmedia&parent=18191"}],"wp:term":[{"taxonomy":"product_brand","embeddable":true,"href":"https:\/\/lawhiskeria.cr\/index.php?rest_route=%2Fwp%2Fv2%2Fproduct_brand&post=18191"},{"taxonomy":"product_cat","embeddable":true,"href":"https:\/\/lawhiskeria.cr\/index.php?rest_route=%2Fwp%2Fv2%2Fproduct_cat&post=18191"},{"taxonomy":"product_tag","embeddable":true,"href":"https:\/\/lawhiskeria.cr\/index.php?rest_route=%2Fwp%2Fv2%2Fproduct_tag&post=18191"}],"curies":[{"name":"wp","href":"https:\/\/api.w.org\/{rel}","templated":true}]}}