{"id":18188,"date":"2025-01-25T03:16:42","date_gmt":"2025-01-25T03:16:42","guid":{"rendered":"https:\/\/lawhiskeria.cr\/?post_type=product&#038;p=18188"},"modified":"2025-10-28T00:07:04","modified_gmt":"2025-10-28T00:07:04","slug":"casar-de-burbia-mencia","status":"publish","type":"product","link":"https:\/\/lawhiskeria.cr\/?product=casar-de-burbia-mencia","title":{"rendered":"Casar de Burbia Mencia"},"content":{"rendered":"","protected":false},"excerpt":{"rendered":"<p><strong>Vino Tinto 2020 &#8211; D.O. BIERZO (Espa\u00f1a)<\/strong><\/p>\n<p><strong>100% Mec\u00eda\u00a0<\/strong><\/p>\n<p><strong>Un tinto vibrante y sedoso, rebosante de aromas a cereza, ar\u00e1ndano y flores. Con taninos bien pulidos, acidez equilibrada y un final mineral, largo y brillante, es un vino fant\u00e1stico para acercarse al Bierzo m\u00e1s aut\u00e9ntico y comenzar a disfrutar de CASAR DE BURBIA, sus vinos y su filosof\u00eda de trabajo.<\/strong><\/p>\n<p><strong>El vino se cr\u00eda durante varios meses en sus propias l\u00edas y pieles. Posteriormente se realiza una crianza en barrica de roble franc\u00e9s de segundo y tercer a\u00f1o.<\/strong><\/p>\n<p><strong>Vino ECOL\u00d3GICO certificado.<\/strong><\/p>\n<p><strong>ABV 14% &#8211; 750 ml.<\/strong><\/p>\n","protected":false},"featured_media":18189,"comment_status":"open","ping_status":"closed","template":"","meta":[],"product_brand":[],"product_cat":[420,29],"product_tag":[299,149,247],"class_list":{"0":"post-18188","1":"product","2":"type-product","3":"status-publish","4":"has-post-thumbnail","6":"product_cat-tinto","7":"product_cat-vinos","8":"product_tag-mencia","9":"product_tag-vino-espanol","10":"product_tag-vino-tinto","12":"first","13":"instock","14":"shipping-taxable","15":"purchasable","16":"product-type-simple"},"_links":{"self":[{"href":"https:\/\/lawhiskeria.cr\/index.php?rest_route=\/wp\/v2\/product\/18188","targetHints":{"allow":["GET"]}}],"collection":[{"href":"https:\/\/lawhiskeria.cr\/index.php?rest_route=\/wp\/v2\/product"}],"about":[{"href":"https:\/\/lawhiskeria.cr\/index.php?rest_route=\/wp\/v2\/types\/product"}],"replies":[{"embeddable":true,"href":"https:\/\/lawhiskeria.cr\/index.php?rest_route=%2Fwp%2Fv2%2Fcomments&post=18188"}],"version-history":[{"count":1,"href":"https:\/\/lawhiskeria.cr\/index.php?rest_route=\/wp\/v2\/product\/18188\/revisions"}],"predecessor-version":[{"id":18190,"href":"https:\/\/lawhiskeria.cr\/index.php?rest_route=\/wp\/v2\/product\/18188\/revisions\/18190"}],"wp:featuredmedia":[{"embeddable":true,"href":"https:\/\/lawhiskeria.cr\/index.php?rest_route=\/wp\/v2\/media\/18189"}],"wp:attachment":[{"href":"https:\/\/lawhiskeria.cr\/index.php?rest_route=%2Fwp%2Fv2%2Fmedia&parent=18188"}],"wp:term":[{"taxonomy":"product_brand","embeddable":true,"href":"https:\/\/lawhiskeria.cr\/index.php?rest_route=%2Fwp%2Fv2%2Fproduct_brand&post=18188"},{"taxonomy":"product_cat","embeddable":true,"href":"https:\/\/lawhiskeria.cr\/index.php?rest_route=%2Fwp%2Fv2%2Fproduct_cat&post=18188"},{"taxonomy":"product_tag","embeddable":true,"href":"https:\/\/lawhiskeria.cr\/index.php?rest_route=%2Fwp%2Fv2%2Fproduct_tag&post=18188"}],"curies":[{"name":"wp","href":"https:\/\/api.w.org\/{rel}","templated":true}]}}