{"id":18134,"date":"2025-01-09T01:33:14","date_gmt":"2025-01-09T01:33:14","guid":{"rendered":"https:\/\/lawhiskeria.cr\/?post_type=product&#038;p=18134"},"modified":"2025-10-28T00:42:31","modified_gmt":"2025-10-28T00:42:31","slug":"elixio-pinot-grigio","status":"publish","type":"product","link":"https:\/\/lawhiskeria.cr\/?product=elixio-pinot-grigio","title":{"rendered":"Elixio Pinot Grigio"},"content":{"rendered":"","protected":false},"excerpt":{"rendered":"<p><strong>100% Pinot Grigio. Argentina 2022.<\/strong><\/p>\n<p><strong>Vinificaci\u00f3n cl\u00e1sica: Fermentaci\u00f3n en tanques de acero inoxidable con temperatura controlada: 20 d\u00edas a 14\u00b0C. Despu\u00e9s de la fermentaci\u00f3n alcoh\u00f3lica, el vino es envejecido sobre sus l\u00edas durante 3 meses.<\/strong><\/p>\n<p><strong>Notas de cata <\/strong><\/p>\n<p><strong>Este vino muestra un intenso color amarillo dorado. En nariz, presenta suaves aromas afrutados como la pi\u00f1a y el melocot\u00f3n blanco. En boca, este PINOT GRIGIO es armonioso con un final elegante.<\/strong><\/p>\n<p><strong>Maridaje: Perfecto para combinar con mariscos, pollo a la parrilla y pasta.<\/strong><\/p>\n<p><strong>Temperatura para servir: 8\u00b0-10\u00b0 C.<\/strong><\/p>\n<p><strong>Datos anal\u00edticos<\/strong><\/p>\n<p><strong>Az\u00facar residual g\/l: 2,2<\/strong><\/p>\n<p><strong>PH: 3,40<\/strong><\/p>\n<p><strong>Acidez g\/l: 5,60<\/strong><\/p>\n<p><strong>ABV 13% &#8211; 750 ml.<\/strong><\/p>\n<p><iframe loading=\"lazy\" title=\"YouTube video player\" src=\"https:\/\/www.youtube.com\/embed\/NdSbfD1qLF0?si=J0vMU7b9sGqz4Sw8&amp;start=3607\" width=\"560\" height=\"315\" frameborder=\"0\" allowfullscreen=\"allowfullscreen\"><\/iframe><\/p>\n","protected":false},"featured_media":18135,"comment_status":"open","ping_status":"closed","template":"","meta":[],"product_brand":[],"product_cat":[421,29],"product_tag":[246,198,151],"class_list":{"0":"post-18134","1":"product","2":"type-product","3":"status-publish","4":"has-post-thumbnail","6":"product_cat-blanco-y-rosado","7":"product_cat-vinos","8":"product_tag-pinot-grigio","9":"product_tag-tinto","10":"product_tag-vino-argentino","12":"first","13":"instock","14":"shipping-taxable","15":"purchasable","16":"product-type-simple"},"_links":{"self":[{"href":"https:\/\/lawhiskeria.cr\/index.php?rest_route=\/wp\/v2\/product\/18134","targetHints":{"allow":["GET"]}}],"collection":[{"href":"https:\/\/lawhiskeria.cr\/index.php?rest_route=\/wp\/v2\/product"}],"about":[{"href":"https:\/\/lawhiskeria.cr\/index.php?rest_route=\/wp\/v2\/types\/product"}],"replies":[{"embeddable":true,"href":"https:\/\/lawhiskeria.cr\/index.php?rest_route=%2Fwp%2Fv2%2Fcomments&post=18134"}],"version-history":[{"count":3,"href":"https:\/\/lawhiskeria.cr\/index.php?rest_route=\/wp\/v2\/product\/18134\/revisions"}],"predecessor-version":[{"id":19352,"href":"https:\/\/lawhiskeria.cr\/index.php?rest_route=\/wp\/v2\/product\/18134\/revisions\/19352"}],"wp:featuredmedia":[{"embeddable":true,"href":"https:\/\/lawhiskeria.cr\/index.php?rest_route=\/wp\/v2\/media\/18135"}],"wp:attachment":[{"href":"https:\/\/lawhiskeria.cr\/index.php?rest_route=%2Fwp%2Fv2%2Fmedia&parent=18134"}],"wp:term":[{"taxonomy":"product_brand","embeddable":true,"href":"https:\/\/lawhiskeria.cr\/index.php?rest_route=%2Fwp%2Fv2%2Fproduct_brand&post=18134"},{"taxonomy":"product_cat","embeddable":true,"href":"https:\/\/lawhiskeria.cr\/index.php?rest_route=%2Fwp%2Fv2%2Fproduct_cat&post=18134"},{"taxonomy":"product_tag","embeddable":true,"href":"https:\/\/lawhiskeria.cr\/index.php?rest_route=%2Fwp%2Fv2%2Fproduct_tag&post=18134"}],"curies":[{"name":"wp","href":"https:\/\/api.w.org\/{rel}","templated":true}]}}