{"id":18131,"date":"2025-01-09T01:29:38","date_gmt":"2025-01-09T01:29:38","guid":{"rendered":"https:\/\/lawhiskeria.cr\/?post_type=product&#038;p=18131"},"modified":"2025-10-28T00:42:02","modified_gmt":"2025-10-28T00:42:02","slug":"elixio-malbec","status":"publish","type":"product","link":"https:\/\/lawhiskeria.cr\/?product=elixio-malbec","title":{"rendered":"Elixio Malbec"},"content":{"rendered":"","protected":false},"excerpt":{"rendered":"<p><strong>90% Malbec &#8211; 10% Bonarda. Argentina 2022.<\/strong><\/p>\n<p><strong>Vinificaci\u00f3n Cl\u00e1sica: Fermentaci\u00f3n en tanques con temperatura controlada: 7 d\u00edas a 24\u00b0C. Maceraci\u00f3n total: 10 d\u00edas. 100% Fermentaci\u00f3n Malol\u00e1ctica. 30% del vino estuvo en contacto con roble por 3 meses.<\/strong><\/p>\n<p><strong>Notas de Cata<\/strong><\/p>\n<p><strong>Impresionante color p\u00farpura. Su aroma es intenso, rico en grosellas negras, vainilla y especias. En el paladar, las frutas maduras, suaves y suculentas, se suceden con una delicadeza sorprendente. Los taninos son sedosos, se presentan sutilmente en primer plano y ofrecen un final persistente.<\/strong><\/p>\n<p><strong>Maridaje: Es un vino para acompa\u00f1ar pizzas, quesos y pasta con salsas de tomate.<\/strong><\/p>\n<p><strong>Temperatura para servir: 16\u00b0-18\u00b0 C.<\/strong><\/p>\n<p><strong>Datos anal\u00edticos<\/strong><\/p>\n<p><strong>Az\u00facar residual g\/l: 6,00<\/strong><\/p>\n<p><strong>PH: 3,70<\/strong><\/p>\n<p><strong>Acidez g\/l: 5,30<\/strong><\/p>\n<p><strong>ABV 13% &#8211; 750 ml.<\/strong><\/p>\n<p><iframe loading=\"lazy\" title=\"YouTube video player\" src=\"https:\/\/www.youtube.com\/embed\/NdSbfD1qLF0?si=O59i6lBdUujasYRy&amp;start=3326\" width=\"560\" height=\"315\" frameborder=\"0\" allowfullscreen=\"allowfullscreen\"><\/iframe><\/p>\n","protected":false},"featured_media":18132,"comment_status":"open","ping_status":"closed","template":"","meta":[],"product_brand":[],"product_cat":[420,29],"product_tag":[152,198,151],"class_list":{"0":"post-18131","1":"product","2":"type-product","3":"status-publish","4":"has-post-thumbnail","6":"product_cat-tinto","7":"product_cat-vinos","8":"product_tag-malbec","9":"product_tag-tinto","10":"product_tag-vino-argentino","12":"first","13":"instock","14":"shipping-taxable","15":"purchasable","16":"product-type-simple"},"_links":{"self":[{"href":"https:\/\/lawhiskeria.cr\/index.php?rest_route=\/wp\/v2\/product\/18131","targetHints":{"allow":["GET"]}}],"collection":[{"href":"https:\/\/lawhiskeria.cr\/index.php?rest_route=\/wp\/v2\/product"}],"about":[{"href":"https:\/\/lawhiskeria.cr\/index.php?rest_route=\/wp\/v2\/types\/product"}],"replies":[{"embeddable":true,"href":"https:\/\/lawhiskeria.cr\/index.php?rest_route=%2Fwp%2Fv2%2Fcomments&post=18131"}],"version-history":[{"count":3,"href":"https:\/\/lawhiskeria.cr\/index.php?rest_route=\/wp\/v2\/product\/18131\/revisions"}],"predecessor-version":[{"id":19351,"href":"https:\/\/lawhiskeria.cr\/index.php?rest_route=\/wp\/v2\/product\/18131\/revisions\/19351"}],"wp:featuredmedia":[{"embeddable":true,"href":"https:\/\/lawhiskeria.cr\/index.php?rest_route=\/wp\/v2\/media\/18132"}],"wp:attachment":[{"href":"https:\/\/lawhiskeria.cr\/index.php?rest_route=%2Fwp%2Fv2%2Fmedia&parent=18131"}],"wp:term":[{"taxonomy":"product_brand","embeddable":true,"href":"https:\/\/lawhiskeria.cr\/index.php?rest_route=%2Fwp%2Fv2%2Fproduct_brand&post=18131"},{"taxonomy":"product_cat","embeddable":true,"href":"https:\/\/lawhiskeria.cr\/index.php?rest_route=%2Fwp%2Fv2%2Fproduct_cat&post=18131"},{"taxonomy":"product_tag","embeddable":true,"href":"https:\/\/lawhiskeria.cr\/index.php?rest_route=%2Fwp%2Fv2%2Fproduct_tag&post=18131"}],"curies":[{"name":"wp","href":"https:\/\/api.w.org\/{rel}","templated":true}]}}