{"id":18128,"date":"2025-01-09T01:28:49","date_gmt":"2025-01-09T01:28:49","guid":{"rendered":"https:\/\/lawhiskeria.cr\/?post_type=product&#038;p=18128"},"modified":"2025-10-28T00:33:11","modified_gmt":"2025-10-28T00:33:11","slug":"elixio-cabernet-sauvignon","status":"publish","type":"product","link":"https:\/\/lawhiskeria.cr\/?product=elixio-cabernet-sauvignon","title":{"rendered":"Elixio Cabernet Sauvignon"},"content":{"rendered":"","protected":false},"excerpt":{"rendered":"<p><strong>100% Cabernet Sauvignon. <\/strong><strong>Argentina 2022.<\/strong><\/p>\n<p><strong>Vinificaci\u00f3n Cl\u00e1sica: Fermentaci\u00f3n en tanques con temperatura controlada: 7 d\u00edas a 24\u00b0C. Maceraci\u00f3n total: 10 d\u00edas. 100% Fermentaci\u00f3n Malol\u00e1ctica. 30% del vino estuvo en contacto con roble por 3 meses.<\/strong><\/p>\n<p><strong>Notas de cata:<\/strong><\/p>\n<p><strong>Presenta un intenso color rojo rub\u00ed con cerezas y ciruelas maduras. Su agradable sabor y su largo final lo convierten en un vino agradable y f\u00e1cil de beber.<\/strong><\/p>\n<p><strong>Maridaje: Ideal para carnes a la parrilla y quesos intensos.<\/strong><\/p>\n<p><strong>Temperatura para servir: 16\u00b0-18\u00b0 C<\/strong><\/p>\n<p><strong>Datos anal\u00edticos<\/strong><\/p>\n<p><strong>Az\u00facar residual g\/l: 6,0<\/strong><\/p>\n<p><strong>PH: 3,7<\/strong><\/p>\n<p><strong>Acidez g\/l: 5,20<\/strong><\/p>\n<p><strong>ABV 13% &#8211; 750 ml.<\/strong><\/p>\n<p><iframe loading=\"lazy\" title=\"YouTube video player\" src=\"https:\/\/www.youtube.com\/embed\/NdSbfD1qLF0?si=KNo8QlhQd58bfErT&amp;start=3548\" width=\"560\" height=\"315\" frameborder=\"0\" allowfullscreen=\"allowfullscreen\"><\/iframe><\/p>\n","protected":false},"featured_media":18129,"comment_status":"open","ping_status":"closed","template":"","meta":[],"product_brand":[],"product_cat":[420,29],"product_tag":[158,198,151],"class_list":{"0":"post-18128","1":"product","2":"type-product","3":"status-publish","4":"has-post-thumbnail","6":"product_cat-tinto","7":"product_cat-vinos","8":"product_tag-cabernet-sauvignon","9":"product_tag-tinto","10":"product_tag-vino-argentino","12":"first","13":"instock","14":"shipping-taxable","15":"purchasable","16":"product-type-simple"},"_links":{"self":[{"href":"https:\/\/lawhiskeria.cr\/index.php?rest_route=\/wp\/v2\/product\/18128","targetHints":{"allow":["GET"]}}],"collection":[{"href":"https:\/\/lawhiskeria.cr\/index.php?rest_route=\/wp\/v2\/product"}],"about":[{"href":"https:\/\/lawhiskeria.cr\/index.php?rest_route=\/wp\/v2\/types\/product"}],"replies":[{"embeddable":true,"href":"https:\/\/lawhiskeria.cr\/index.php?rest_route=%2Fwp%2Fv2%2Fcomments&post=18128"}],"version-history":[{"count":3,"href":"https:\/\/lawhiskeria.cr\/index.php?rest_route=\/wp\/v2\/product\/18128\/revisions"}],"predecessor-version":[{"id":19350,"href":"https:\/\/lawhiskeria.cr\/index.php?rest_route=\/wp\/v2\/product\/18128\/revisions\/19350"}],"wp:featuredmedia":[{"embeddable":true,"href":"https:\/\/lawhiskeria.cr\/index.php?rest_route=\/wp\/v2\/media\/18129"}],"wp:attachment":[{"href":"https:\/\/lawhiskeria.cr\/index.php?rest_route=%2Fwp%2Fv2%2Fmedia&parent=18128"}],"wp:term":[{"taxonomy":"product_brand","embeddable":true,"href":"https:\/\/lawhiskeria.cr\/index.php?rest_route=%2Fwp%2Fv2%2Fproduct_brand&post=18128"},{"taxonomy":"product_cat","embeddable":true,"href":"https:\/\/lawhiskeria.cr\/index.php?rest_route=%2Fwp%2Fv2%2Fproduct_cat&post=18128"},{"taxonomy":"product_tag","embeddable":true,"href":"https:\/\/lawhiskeria.cr\/index.php?rest_route=%2Fwp%2Fv2%2Fproduct_tag&post=18128"}],"curies":[{"name":"wp","href":"https:\/\/api.w.org\/{rel}","templated":true}]}}