{"id":18124,"date":"2025-01-08T21:48:06","date_gmt":"2025-01-08T21:48:06","guid":{"rendered":"https:\/\/lawhiskeria.cr\/?post_type=product&#038;p=18124"},"modified":"2026-01-02T00:28:51","modified_gmt":"2026-01-02T00:28:51","slug":"the-glenturret-12-anos-2023","status":"publish","type":"product","link":"https:\/\/lawhiskeria.cr\/?product=the-glenturret-12-anos-2023","title":{"rendered":"The Glenturret 12 a\u00f1os 2023"},"content":{"rendered":"","protected":false},"excerpt":{"rendered":"<p><strong>Desde 1763, la destiler\u00eda en funcionamiento m\u00e1s antigua de Escocia se alza orgullosa en el coraz\u00f3n de la rica y f\u00e9rtil regi\u00f3n productora de whisky de Escocia.<\/strong><\/p>\n<p><strong>El verdadero coraz\u00f3n y alma de nuestra gama de whiskies. Elaborado con el m\u00e1ximo cuidado y experiencia, este extraordinario licor encarna la esencia de la tradici\u00f3n y el refinamiento. Al menos sesenta barricas cuidadosamente seleccionadas se unen para crear The Glenturret 12 a\u00f1os, elaborado a mano y que forma el coraz\u00f3n de nuestra gama. <\/strong><\/p>\n<p><strong>Las barricas de roble americano aportan la dulzura del caramelo salado, mientras que el roble europeo a\u00f1ade capas de frutos secos y especias que dan lugar a un whisky de malta puro, rico y completo.<\/strong><\/p>\n<p><strong>Notas de cata<\/strong><\/p>\n<p><strong>Pasas y pasta de sultanas abren, le siguen la vainilla y la canela. El jengibre y los toques de nuez moscada calientan el ambiente. Las frutas de seto y el roble en maduraci\u00f3n cierran.<\/strong><\/p>\n<p><strong>Maridaje recomendado:<\/strong><\/p>\n<ul>\n<li><strong>Chocolate Negro (resalta notas dulces).<\/strong><\/li>\n<li><strong>Tarta de Manzana con Canela (armoniza con las notas de fruta y especias).<\/strong><\/li>\n<li><strong>Queso Brie (realza la untuosidad del whisky).<\/strong><\/li>\n<li><strong>Carne de cerdo glaseada con miel y especias (complementa los matices de la barrica).<\/strong><\/li>\n<li><strong>Salm\u00f3n ahumado (el toque ahumado se complementa).<\/strong><\/li>\n<\/ul>\n<p><strong>ABV 46,4% &#8211; 700 ml.<\/strong><\/p>\n<p><iframe loading=\"lazy\" title=\"YouTube video player\" src=\"https:\/\/www.youtube.com\/embed\/xwKx4u1C_gQ?si=_Mwq_-HdJUs2Wu8k&amp;start=2435\" width=\"560\" height=\"315\" frameborder=\"0\" allowfullscreen=\"allowfullscreen\"><\/iframe><\/p>\n","protected":false},"featured_media":18125,"comment_status":"open","ping_status":"closed","template":"","meta":[],"product_brand":[],"product_cat":[32,72],"product_tag":[108,110],"class_list":{"0":"post-18124","1":"product","2":"type-product","3":"status-publish","4":"has-post-thumbnail","6":"product_cat-whisky","7":"product_cat-single-malt","8":"product_tag-single-malt","9":"product_tag-whisky-escoces","11":"first","12":"instock","13":"shipping-taxable","14":"purchasable","15":"product-type-simple"},"_links":{"self":[{"href":"https:\/\/lawhiskeria.cr\/index.php?rest_route=\/wp\/v2\/product\/18124","targetHints":{"allow":["GET"]}}],"collection":[{"href":"https:\/\/lawhiskeria.cr\/index.php?rest_route=\/wp\/v2\/product"}],"about":[{"href":"https:\/\/lawhiskeria.cr\/index.php?rest_route=\/wp\/v2\/types\/product"}],"replies":[{"embeddable":true,"href":"https:\/\/lawhiskeria.cr\/index.php?rest_route=%2Fwp%2Fv2%2Fcomments&post=18124"}],"version-history":[{"count":5,"href":"https:\/\/lawhiskeria.cr\/index.php?rest_route=\/wp\/v2\/product\/18124\/revisions"}],"predecessor-version":[{"id":18703,"href":"https:\/\/lawhiskeria.cr\/index.php?rest_route=\/wp\/v2\/product\/18124\/revisions\/18703"}],"wp:featuredmedia":[{"embeddable":true,"href":"https:\/\/lawhiskeria.cr\/index.php?rest_route=\/wp\/v2\/media\/18125"}],"wp:attachment":[{"href":"https:\/\/lawhiskeria.cr\/index.php?rest_route=%2Fwp%2Fv2%2Fmedia&parent=18124"}],"wp:term":[{"taxonomy":"product_brand","embeddable":true,"href":"https:\/\/lawhiskeria.cr\/index.php?rest_route=%2Fwp%2Fv2%2Fproduct_brand&post=18124"},{"taxonomy":"product_cat","embeddable":true,"href":"https:\/\/lawhiskeria.cr\/index.php?rest_route=%2Fwp%2Fv2%2Fproduct_cat&post=18124"},{"taxonomy":"product_tag","embeddable":true,"href":"https:\/\/lawhiskeria.cr\/index.php?rest_route=%2Fwp%2Fv2%2Fproduct_tag&post=18124"}],"curies":[{"name":"wp","href":"https:\/\/api.w.org\/{rel}","templated":true}]}}