{"id":18121,"date":"2025-01-08T21:37:27","date_gmt":"2025-01-08T21:37:27","guid":{"rendered":"https:\/\/lawhiskeria.cr\/?post_type=product&#038;p=18121"},"modified":"2025-12-02T16:15:35","modified_gmt":"2025-12-02T16:15:35","slug":"the-glenturret-triple-wood-2023","status":"publish","type":"product","link":"https:\/\/lawhiskeria.cr\/?product=the-glenturret-triple-wood-2023","title":{"rendered":"The Glenturret Triple Wood 2023"},"content":{"rendered":"","protected":false},"excerpt":{"rendered":"<p><strong>Desde 1763, la destiler\u00eda en funcionamiento m\u00e1s antigua de Escocia se alza orgullosa en el coraz\u00f3n de la rica y f\u00e9rtil regi\u00f3n productora de whisky de Escocia.<\/strong><\/p>\n<p><strong>The Glenturret Triple Wood es un whisky dulce y especiado, pero suave, que se basa en los sabores frutales distintivos de nuestra nueva bebida espirituosa. <\/strong><\/p>\n<p><strong>Madurado en barricas de roble americano y europeo sazonadas con jerez junto con barricas de bourbon. Los tres estilos de barrica diferentes se han combinado cuidadosamente para crear un whisky con un atractivo color dorado y un car\u00e1cter sutil y delicioso. <\/strong><\/p>\n<p><strong>Notas de cata: <\/strong><strong>Manzana de Toffee, C\u00edtricos y roble reci\u00e9n cortado. Especias suaves de madera&#8230; Jengibre con vainilla que dan lugar a un final suave, ligero y afrutado.<\/strong><\/p>\n<p><strong>Maridajes: Cortes de res y cerdo a la parrilla, carnes ahumadas; quesos maduros (Gouda), cremosos (Camembert) y azules.\u00a0Chocolate negro (&gt;75%). Tartaleta de chocolate y caramelo. Strudels y frutos secos.<\/strong><\/p>\n<p><strong>ABV 43% &#8211; 700 ml.<\/strong><\/p>\n<p><iframe loading=\"lazy\" title=\"YouTube video player\" src=\"https:\/\/www.youtube.com\/embed\/ykZgv4avAZY?si=e7YffIGQaiPcrO4D&amp;start=2823\" width=\"560\" height=\"315\" frameborder=\"0\" allowfullscreen=\"allowfullscreen\"><\/iframe><\/p>\n","protected":false},"featured_media":18122,"comment_status":"open","ping_status":"closed","template":"","meta":[],"product_brand":[],"product_cat":[32,72],"product_tag":[108,295,110],"class_list":{"0":"post-18121","1":"product","2":"type-product","3":"status-publish","4":"has-post-thumbnail","6":"product_cat-whisky","7":"product_cat-single-malt","8":"product_tag-single-malt","9":"product_tag-triple-barrica","10":"product_tag-whisky-escoces","12":"first","13":"instock","14":"shipping-taxable","15":"purchasable","16":"product-type-simple"},"_links":{"self":[{"href":"https:\/\/lawhiskeria.cr\/index.php?rest_route=\/wp\/v2\/product\/18121","targetHints":{"allow":["GET"]}}],"collection":[{"href":"https:\/\/lawhiskeria.cr\/index.php?rest_route=\/wp\/v2\/product"}],"about":[{"href":"https:\/\/lawhiskeria.cr\/index.php?rest_route=\/wp\/v2\/types\/product"}],"replies":[{"embeddable":true,"href":"https:\/\/lawhiskeria.cr\/index.php?rest_route=%2Fwp%2Fv2%2Fcomments&post=18121"}],"version-history":[{"count":4,"href":"https:\/\/lawhiskeria.cr\/index.php?rest_route=\/wp\/v2\/product\/18121\/revisions"}],"predecessor-version":[{"id":18543,"href":"https:\/\/lawhiskeria.cr\/index.php?rest_route=\/wp\/v2\/product\/18121\/revisions\/18543"}],"wp:featuredmedia":[{"embeddable":true,"href":"https:\/\/lawhiskeria.cr\/index.php?rest_route=\/wp\/v2\/media\/18122"}],"wp:attachment":[{"href":"https:\/\/lawhiskeria.cr\/index.php?rest_route=%2Fwp%2Fv2%2Fmedia&parent=18121"}],"wp:term":[{"taxonomy":"product_brand","embeddable":true,"href":"https:\/\/lawhiskeria.cr\/index.php?rest_route=%2Fwp%2Fv2%2Fproduct_brand&post=18121"},{"taxonomy":"product_cat","embeddable":true,"href":"https:\/\/lawhiskeria.cr\/index.php?rest_route=%2Fwp%2Fv2%2Fproduct_cat&post=18121"},{"taxonomy":"product_tag","embeddable":true,"href":"https:\/\/lawhiskeria.cr\/index.php?rest_route=%2Fwp%2Fv2%2Fproduct_tag&post=18121"}],"curies":[{"name":"wp","href":"https:\/\/api.w.org\/{rel}","templated":true}]}}