{"id":18117,"date":"2025-01-08T21:23:06","date_gmt":"2025-01-08T21:23:06","guid":{"rendered":"https:\/\/lawhiskeria.cr\/?post_type=product&#038;p=18117"},"modified":"2025-10-28T02:08:47","modified_gmt":"2025-10-28T02:08:47","slug":"las-perdices-bag-in-box-malbec","status":"publish","type":"product","link":"https:\/\/lawhiskeria.cr\/?product=las-perdices-bag-in-box-malbec","title":{"rendered":"Las Perdices Bag in Box Malbec"},"content":{"rendered":"<p><strong>CARACTER\u00cdSTICAS DEL ENVASE:<\/strong><\/p>\n<p><strong>El BIB es una caja con un dosificador y una bolsa con barreras anti-ox\u00edgeno que contiene el vino al vac\u00edo. De esta manera, sin aire que lo haga evolucionar, el vino mantiene todas las propiedades organol\u00e9pticas de manera \u00f3ptima. En otras palabras, garantiza la calidad del vino desde la primera hasta la \u00faltima copa. El BIB sin abrir, garantiza la calidad el producto durante 6-8 meses posteriores a la fecha de fraccionamiento. Una vez abierto el vino se mantiene en perfectas condiciones organol\u00e9pticas durante al menos 3 semanas. Por todo esto vemos en este envase una funcionalidad muy interesante para la gastronom\u00eda en la modalidad vino por copa.<\/strong><\/p>\n","protected":false},"excerpt":{"rendered":"<p><strong>Cepa: Malbec.<\/strong><\/p>\n<p><strong>Pa\u00eds: Argentina.<\/strong><\/p>\n<p><strong>Regi\u00f3n: Agrelo, Luj\u00e1n de Cuyo.<\/strong><\/p>\n<p><strong>CRIANZA: 12 meses de paso por Madera. 50% Roble Franc\u00e9s- 50% Roble Americano.<\/strong><\/p>\n<p><strong>NOTAS DE CATA:<\/strong><\/p>\n<p><strong>Color rojo viol\u00e1ceo intenso. De complejos aromas a frutas rojas, acompa\u00f1ado con toques de vainilla y caf\u00e9 aportados por la crianza en roble. En boca es suave, equilibrado, con notas de ciruelas, chocolate y caf\u00e9. Ideal para acompa\u00f1ar carnes rojas, pastas o pescados y carnes blancas con salsas especiales.<\/strong><\/p>\n<p><strong>Temperatura de servicio: 16 a 18 grados.<\/strong><\/p>\n<p><strong>Capacidad de guarda: 8-10 meses posteriores a la fecha de Fraccionado\/Envasado.<\/strong><\/p>\n<p><strong>3000 ml. (4 botellas 750 ml)<\/strong><\/p>\n","protected":false},"featured_media":18118,"comment_status":"open","ping_status":"closed","template":"","meta":[],"product_brand":[],"product_cat":[420,29],"product_tag":[152,151,247],"class_list":{"0":"post-18117","1":"product","2":"type-product","3":"status-publish","4":"has-post-thumbnail","6":"product_cat-tinto","7":"product_cat-vinos","8":"product_tag-malbec","9":"product_tag-vino-argentino","10":"product_tag-vino-tinto","12":"first","13":"instock","14":"shipping-taxable","15":"purchasable","16":"product-type-simple"},"_links":{"self":[{"href":"https:\/\/lawhiskeria.cr\/index.php?rest_route=\/wp\/v2\/product\/18117","targetHints":{"allow":["GET"]}}],"collection":[{"href":"https:\/\/lawhiskeria.cr\/index.php?rest_route=\/wp\/v2\/product"}],"about":[{"href":"https:\/\/lawhiskeria.cr\/index.php?rest_route=\/wp\/v2\/types\/product"}],"replies":[{"embeddable":true,"href":"https:\/\/lawhiskeria.cr\/index.php?rest_route=%2Fwp%2Fv2%2Fcomments&post=18117"}],"version-history":[{"count":2,"href":"https:\/\/lawhiskeria.cr\/index.php?rest_route=\/wp\/v2\/product\/18117\/revisions"}],"predecessor-version":[{"id":18120,"href":"https:\/\/lawhiskeria.cr\/index.php?rest_route=\/wp\/v2\/product\/18117\/revisions\/18120"}],"wp:featuredmedia":[{"embeddable":true,"href":"https:\/\/lawhiskeria.cr\/index.php?rest_route=\/wp\/v2\/media\/18118"}],"wp:attachment":[{"href":"https:\/\/lawhiskeria.cr\/index.php?rest_route=%2Fwp%2Fv2%2Fmedia&parent=18117"}],"wp:term":[{"taxonomy":"product_brand","embeddable":true,"href":"https:\/\/lawhiskeria.cr\/index.php?rest_route=%2Fwp%2Fv2%2Fproduct_brand&post=18117"},{"taxonomy":"product_cat","embeddable":true,"href":"https:\/\/lawhiskeria.cr\/index.php?rest_route=%2Fwp%2Fv2%2Fproduct_cat&post=18117"},{"taxonomy":"product_tag","embeddable":true,"href":"https:\/\/lawhiskeria.cr\/index.php?rest_route=%2Fwp%2Fv2%2Fproduct_tag&post=18117"}],"curies":[{"name":"wp","href":"https:\/\/api.w.org\/{rel}","templated":true}]}}