{"id":18099,"date":"2025-01-02T18:21:59","date_gmt":"2025-01-02T18:21:59","guid":{"rendered":"https:\/\/lawhiskeria.cr\/?post_type=product&#038;p=18099"},"modified":"2026-02-04T03:34:22","modified_gmt":"2026-02-04T03:34:22","slug":"glenfiddich-ipa","status":"publish","type":"product","link":"https:\/\/lawhiskeria.cr\/?product=glenfiddich-ipa","title":{"rendered":"Glenfiddich IPA"},"content":{"rendered":"","protected":false},"excerpt":{"rendered":"<p><strong>UNA COMBINACI\u00d3N DE L\u00daPULO<\/strong><\/p>\n<p><strong>LA PRIMERA MALTA \u00daNICA TERMINADA EN BARRILES DE CERVEZA ARTESANAL DE INDIA PALE ALE (IPA).<\/strong><\/p>\n<p><strong>Para elaborar India Pale Ale Cask, nos asociamos con una micro cervecer\u00eda artesanal de Speyside para elaborar la cerveza perfecta con la que sazonamos nuestros barriles de roble americano<\/strong><\/p>\n<p><strong>Glenfiddich India Pale Ale Cask es el primer lanzamiento de la serie Glenfiddich Experimental, dise\u00f1ado para superar los l\u00edmites del whisky y desafiar las tradiciones<\/strong><\/p>\n<p><strong>NOTAS DE CATA<\/strong><\/p>\n<p><strong>Vista: Dorado profundo.<\/strong><\/p>\n<p><strong>Nariz: Un equilibrio maravillosamente delicado de manzana verde madura, pera y flores primaverales. El l\u00fapulo arom\u00e1tico y las hierbas frescas complementan el sabor afrutado caracter\u00edstico de Glenfiddich y el dulce sabor a vainilla<\/strong><\/p>\n<p><strong>Sabor: Vibrante con una nota c\u00edtrica picante seguida de una suave vainilla dulce y un toque de l\u00fapulo fresco.<\/strong><\/p>\n<p><strong>Final: Dulzura duradera con sutiles notas de l\u00fapulo verde.<\/strong><\/p>\n<p><strong>ABV 43% &#8211; 700 ml.<\/strong><\/p>\n","protected":false},"featured_media":18100,"comment_status":"open","ping_status":"closed","template":"","meta":[],"product_brand":[],"product_cat":[32,72],"product_tag":[288,108,110],"class_list":{"0":"post-18099","1":"product","2":"type-product","3":"status-publish","4":"has-post-thumbnail","6":"product_cat-whisky","7":"product_cat-single-malt","8":"product_tag-ipa","9":"product_tag-single-malt","10":"product_tag-whisky-escoces","12":"first","13":"instock","14":"shipping-taxable","15":"purchasable","16":"product-type-simple"},"_links":{"self":[{"href":"https:\/\/lawhiskeria.cr\/index.php?rest_route=\/wp\/v2\/product\/18099","targetHints":{"allow":["GET"]}}],"collection":[{"href":"https:\/\/lawhiskeria.cr\/index.php?rest_route=\/wp\/v2\/product"}],"about":[{"href":"https:\/\/lawhiskeria.cr\/index.php?rest_route=\/wp\/v2\/types\/product"}],"replies":[{"embeddable":true,"href":"https:\/\/lawhiskeria.cr\/index.php?rest_route=%2Fwp%2Fv2%2Fcomments&post=18099"}],"version-history":[{"count":1,"href":"https:\/\/lawhiskeria.cr\/index.php?rest_route=\/wp\/v2\/product\/18099\/revisions"}],"predecessor-version":[{"id":18101,"href":"https:\/\/lawhiskeria.cr\/index.php?rest_route=\/wp\/v2\/product\/18099\/revisions\/18101"}],"wp:featuredmedia":[{"embeddable":true,"href":"https:\/\/lawhiskeria.cr\/index.php?rest_route=\/wp\/v2\/media\/18100"}],"wp:attachment":[{"href":"https:\/\/lawhiskeria.cr\/index.php?rest_route=%2Fwp%2Fv2%2Fmedia&parent=18099"}],"wp:term":[{"taxonomy":"product_brand","embeddable":true,"href":"https:\/\/lawhiskeria.cr\/index.php?rest_route=%2Fwp%2Fv2%2Fproduct_brand&post=18099"},{"taxonomy":"product_cat","embeddable":true,"href":"https:\/\/lawhiskeria.cr\/index.php?rest_route=%2Fwp%2Fv2%2Fproduct_cat&post=18099"},{"taxonomy":"product_tag","embeddable":true,"href":"https:\/\/lawhiskeria.cr\/index.php?rest_route=%2Fwp%2Fv2%2Fproduct_tag&post=18099"}],"curies":[{"name":"wp","href":"https:\/\/api.w.org\/{rel}","templated":true}]}}