{"id":18075,"date":"2024-12-25T18:44:28","date_gmt":"2024-12-25T18:44:28","guid":{"rendered":"https:\/\/lawhiskeria.cr\/?post_type=product&#038;p=18075"},"modified":"2026-04-01T00:47:54","modified_gmt":"2026-04-01T00:47:54","slug":"glasgow-1770-the-original","status":"publish","type":"product","link":"https:\/\/lawhiskeria.cr\/?product=glasgow-1770-the-original","title":{"rendered":"Glasgow 1770 The Original"},"content":{"rendered":"<p><strong>Glasgow 1770 Single Malt Scotch Whisky, The Original, es el whisky con el que empez\u00f3 todo. Nuestra primera expresi\u00f3n, The Original, es un whisky de malta fresco y afrutado que combina la mejor cebada malteada con el agua escocesa m\u00e1s pura del lago Katrine.<\/strong><\/p>\n<p><strong>Un m\u00ednimo de 72 horas de fermentaci\u00f3n combinado con una destilaci\u00f3n extremadamente lenta da como resultado un destilado nuevo, afrutado y deliciosamente dulce, que luego se madura en barricas ex-bourbon de primer llenado antes de un per\u00edodo de acabado en barricas de roble americano virgen. <\/strong><\/p>\n<p><strong>Embotellado al 46% ABV, sin filtrar en fr\u00edo y de color natural, The Original es una verdadera representaci\u00f3n del whisky que producimos en The Glasgow Distillery, mostrando nuestra filosof\u00eda de producci\u00f3n y dedicaci\u00f3n a la calidad.<\/strong><\/p>\n","protected":false},"excerpt":{"rendered":"<p><strong>Notas de cata &#8211; Fresco y afrutado<\/strong><\/p>\n<p><strong>Color natural, sin filtrado en fr\u00edo.<\/strong><\/p>\n<p><strong>Nariz: Frutos oscuros secos con matices tropicales en nariz, seguidos de notas de galleta, roble y hierba reci\u00e9n cortada.<\/strong><\/p>\n<p><strong>Paladar: Dulce caramelo con un toque de cr\u00e8me br\u00fbl\u00e9e carbonizado en el paladar. Notas de pera reci\u00e9n cortada, higos secos, d\u00e1tiles y pasas con notas de almendras dulces, miel y galletas cremosas.<\/strong><\/p>\n<p><strong>Finalizar: Un final largo de mermelada de naranja espesa, notas de nuez moscada respaldadas por una madera compleja y un toque especiado.<\/strong><\/p>\n<p><strong>ABV 46% &#8211; 700 ml.<\/strong><\/p>\n<p><strong>Maridar con: Salm\u00f3n escoc\u00e9s, tortas de avena, galletas de mantequilla.<\/strong><\/p>\n<p><strong>Premios: Concurso Internacional de Vinos y Licores 2023: ORO, Premios Scotch Whisky 2020: ORO, Concurso Internacional de Whisky 2019: Medalla de ORO, International Spirits Challenge 2019: ORO, San Francisco World Spirits Competition 2019: ORO.<\/strong><\/p>\n<p><iframe loading=\"lazy\" title=\"YouTube video player\" src=\"https:\/\/www.youtube.com\/embed\/jiG4IycsbSw?si=XuHr0WAZiPz3fJva&amp;start=4094\" width=\"560\" height=\"315\" frameborder=\"0\" allowfullscreen=\"allowfullscreen\"><\/iframe><\/p>\n","protected":false},"featured_media":18295,"comment_status":"open","ping_status":"closed","template":"","meta":[],"product_brand":[],"product_cat":[32,72],"product_tag":[108,110],"class_list":{"0":"post-18075","1":"product","2":"type-product","3":"status-publish","4":"has-post-thumbnail","6":"product_cat-whisky","7":"product_cat-single-malt","8":"product_tag-single-malt","9":"product_tag-whisky-escoces","11":"first","12":"instock","13":"shipping-taxable","14":"purchasable","15":"product-type-simple"},"_links":{"self":[{"href":"https:\/\/lawhiskeria.cr\/index.php?rest_route=\/wp\/v2\/product\/18075","targetHints":{"allow":["GET"]}}],"collection":[{"href":"https:\/\/lawhiskeria.cr\/index.php?rest_route=\/wp\/v2\/product"}],"about":[{"href":"https:\/\/lawhiskeria.cr\/index.php?rest_route=\/wp\/v2\/types\/product"}],"replies":[{"embeddable":true,"href":"https:\/\/lawhiskeria.cr\/index.php?rest_route=%2Fwp%2Fv2%2Fcomments&post=18075"}],"version-history":[{"count":5,"href":"https:\/\/lawhiskeria.cr\/index.php?rest_route=\/wp\/v2\/product\/18075\/revisions"}],"predecessor-version":[{"id":18467,"href":"https:\/\/lawhiskeria.cr\/index.php?rest_route=\/wp\/v2\/product\/18075\/revisions\/18467"}],"wp:featuredmedia":[{"embeddable":true,"href":"https:\/\/lawhiskeria.cr\/index.php?rest_route=\/wp\/v2\/media\/18295"}],"wp:attachment":[{"href":"https:\/\/lawhiskeria.cr\/index.php?rest_route=%2Fwp%2Fv2%2Fmedia&parent=18075"}],"wp:term":[{"taxonomy":"product_brand","embeddable":true,"href":"https:\/\/lawhiskeria.cr\/index.php?rest_route=%2Fwp%2Fv2%2Fproduct_brand&post=18075"},{"taxonomy":"product_cat","embeddable":true,"href":"https:\/\/lawhiskeria.cr\/index.php?rest_route=%2Fwp%2Fv2%2Fproduct_cat&post=18075"},{"taxonomy":"product_tag","embeddable":true,"href":"https:\/\/lawhiskeria.cr\/index.php?rest_route=%2Fwp%2Fv2%2Fproduct_tag&post=18075"}],"curies":[{"name":"wp","href":"https:\/\/api.w.org\/{rel}","templated":true}]}}