{"id":18062,"date":"2024-12-21T03:03:51","date_gmt":"2024-12-21T03:03:51","guid":{"rendered":"https:\/\/lawhiskeria.cr\/?post_type=product&#038;p=18062"},"modified":"2025-05-01T19:46:36","modified_gmt":"2025-05-01T19:46:36","slug":"nomad-single-malt","status":"publish","type":"product","link":"https:\/\/lawhiskeria.cr\/?product=nomad-single-malt","title":{"rendered":"Nomad Single Malt"},"content":{"rendered":"<p><strong>Nomad es el \u00fanico Outland Whisky\u00ae que comienza su andadura en la cuna del whisky como es Irlanda, para terminar, envejeciendo en Jerez de la Frontera, en barricas de Jerez de las centenarias bodegas Gonz\u00e1lez Byass, para poder ir m\u00e1s all\u00e1 de las normas. Destilado en The Great Northern Distillery en Dundalk (Irlanda) y envejecido en barricas de Jerez que previamente han contenido Oloroso Alfonso.<\/strong><\/p>\n<p><strong>En Irlanda, el whisky se envejece en barricas que previamente han contenido Bourbon durante 3 a\u00f1os y luego viaja a Jerez, donde envejece durante 1 a\u00f1o en barricas de jerez seleccionadas de nuestro emblem\u00e1tico Oloroso Alfonso.<\/strong><\/p>\n<p><strong>La diferencia de las condiciones clim\u00e1ticas de Jerez (Angel\u2019s Share: Escocia\/Irlanda 1,5% vs Jerez 5%) y las mejores botas de sherry, hace que Nomad Outland Whisky\u00ae tenga propiedades excepcionales y sea \u00fanico en su especie.<\/strong><\/p>\n","protected":false},"excerpt":{"rendered":"<p><strong>Nacido en Irlanda y madurado en Jerez.<\/strong><\/p>\n<p><strong>Nomad es el \u00fanico Outland Whisky\u00ae que comienza su andadura en la cuna del whisky, Irlanda; para terminar, envejeciendo en Jerez de la Frontera, en barricas de Jerez de las centenarias bodegas Gonz\u00e1lez Byass, para poder ir m\u00e1s all\u00e1 de las normas. Destilado en The Great Northern Distillery en Dundalk (Irlanda) y envejecido en barricas de Jerez que previamente han contenido Oloroso Alfonso.<\/strong><\/p>\n<p><strong>Color: \u00e1mbar con reflejos dorados brillantes.\u200b<\/strong><\/p>\n<p><strong>En nariz presenta mucha complejidad, con notas de vainilla, especias y nueces en presencia de aromas de malta de calidad.<\/strong><\/p>\n<p><strong>Presenta un car\u00e1cter vinoso debido a su envejecimiento en Oloroso Sherry Cask haciendo que en boca sea intenso y agradable, con notas de frutos secos y un toque de roble. El doble envejecimiento en botas de Bourbon y Oloroso le confiere una marcada suavidad en boca con un retrogusto largo y elegante.<\/strong><\/p>\n<p><strong>Este Single Malt Triple Distilled ha sido creado para continuar el viaje del Nomad hacia nuevas aventuras. Un comienzo perfecto para explorar nuevos destinos, ganar car\u00e1cter \u00fanico y vivir momentos diversos.<\/strong><\/p>\n<p><strong>ABV 41.3% &#8211; 700 ml.<\/strong><\/p>\n<p><strong>Maridaje: Quesos fuertes y azules. Mariscos ahumados, Carnes a la parrilla y Chocolate negro<\/strong><\/p>\n<p><iframe loading=\"lazy\" title=\"YouTube video player\" src=\"https:\/\/www.youtube.com\/embed\/3t-BEJCyQFU?si=ZYhKRQ1a7C2zbNXR&amp;start=4058\" width=\"560\" height=\"315\" frameborder=\"0\" allowfullscreen=\"allowfullscreen\"><\/iframe><\/p>\n","protected":false},"featured_media":18063,"comment_status":"open","ping_status":"closed","template":"","meta":[],"product_brand":[],"product_cat":[72],"product_tag":[256,115,187],"class_list":{"0":"post-18062","1":"product","2":"type-product","3":"status-publish","4":"has-post-thumbnail","6":"product_cat-single-malt","7":"product_tag-barricas-ex-jerez","8":"product_tag-irish-whiskey","9":"product_tag-whiskey-irlandes","11":"first","12":"instock","13":"shipping-taxable","14":"purchasable","15":"product-type-simple"},"_links":{"self":[{"href":"https:\/\/lawhiskeria.cr\/index.php?rest_route=\/wp\/v2\/product\/18062","targetHints":{"allow":["GET"]}}],"collection":[{"href":"https:\/\/lawhiskeria.cr\/index.php?rest_route=\/wp\/v2\/product"}],"about":[{"href":"https:\/\/lawhiskeria.cr\/index.php?rest_route=\/wp\/v2\/types\/product"}],"replies":[{"embeddable":true,"href":"https:\/\/lawhiskeria.cr\/index.php?rest_route=%2Fwp%2Fv2%2Fcomments&post=18062"}],"version-history":[{"count":4,"href":"https:\/\/lawhiskeria.cr\/index.php?rest_route=\/wp\/v2\/product\/18062\/revisions"}],"predecessor-version":[{"id":18469,"href":"https:\/\/lawhiskeria.cr\/index.php?rest_route=\/wp\/v2\/product\/18062\/revisions\/18469"}],"wp:featuredmedia":[{"embeddable":true,"href":"https:\/\/lawhiskeria.cr\/index.php?rest_route=\/wp\/v2\/media\/18063"}],"wp:attachment":[{"href":"https:\/\/lawhiskeria.cr\/index.php?rest_route=%2Fwp%2Fv2%2Fmedia&parent=18062"}],"wp:term":[{"taxonomy":"product_brand","embeddable":true,"href":"https:\/\/lawhiskeria.cr\/index.php?rest_route=%2Fwp%2Fv2%2Fproduct_brand&post=18062"},{"taxonomy":"product_cat","embeddable":true,"href":"https:\/\/lawhiskeria.cr\/index.php?rest_route=%2Fwp%2Fv2%2Fproduct_cat&post=18062"},{"taxonomy":"product_tag","embeddable":true,"href":"https:\/\/lawhiskeria.cr\/index.php?rest_route=%2Fwp%2Fv2%2Fproduct_tag&post=18062"}],"curies":[{"name":"wp","href":"https:\/\/api.w.org\/{rel}","templated":true}]}}