{"id":18050,"date":"2024-12-19T06:16:26","date_gmt":"2024-12-19T06:16:26","guid":{"rendered":"https:\/\/lawhiskeria.cr\/?post_type=product&#038;p=18050"},"modified":"2026-04-13T21:44:31","modified_gmt":"2026-04-13T21:44:31","slug":"corazon-loco-verdejo-bodega-iniesta","status":"publish","type":"product","link":"https:\/\/lawhiskeria.cr\/?product=corazon-loco-verdejo-bodega-iniesta","title":{"rendered":"Coraz\u00f3n Loco Verdejo &#8211; Bodega Iniesta"},"content":{"rendered":"<p><strong>Elaboraci\u00f3n:<\/strong><br \/>\n<strong>Fermentaci\u00f3n<\/strong>: breve maceraci\u00f3n prefermentativa a 10\u00baC despu\u00e9s de paso por sistema Boreal. Fermentaci\u00f3n a temperatura controlada de 16\u00baC en dep\u00f3sitos de acero inoxidable.<br \/>\nConservaci\u00f3n: en oscuridad a temperatura constante inferior a 16\u00baC. Humedad de 70-75%. Temperatura de servicio: 6\u00baC. Contiene sulfitos.<br \/>\n<strong>Viticultura:<\/strong><br \/>\n<strong>Edad de los vi\u00f1edos:<\/strong> 20-30 a\u00f1os<br \/>\n<strong>Formaci\u00f3n del vi\u00f1edo:<\/strong> Espaldera<br \/>\n<strong>Terru\u00f1o:<\/strong> Suelos de textura arcillosa-limosa<br \/>\n<strong>Orograf\u00eda:<\/strong> Bancales y laderas suaves. Orientaci\u00f3n S\/O.<br \/>\n<strong>Altitud:<\/strong> 660-700v m.s.n.m.<br \/>\n<strong>Clima:<\/strong> Mediterr\u00e1neo con rasgos continentales. Alta variaci\u00f3n t\u00e9rmica con pronunciados contrastes entre el d\u00eda y la noche. M\u00e1s de 3000h de sol al a\u00f1o.<br \/>\n<strong>Pluviometr\u00eda anual:<\/strong> &lt;400 mm.<br \/>\n<strong>Irrigaci\u00f3n:<\/strong> Solo en casos extremos y estados fenol\u00f3gicos concretos.<br \/>\n<strong>Vendimia:<\/strong> Primera quincena de septiembre<\/p>\n","protected":false},"excerpt":{"rendered":"<p><strong>Tipo de vino:<\/strong> blanco joven<br \/>\n<strong>Variedad de uva:<\/strong> Verdejo<br \/>\n<strong>A\u00f1ada:<\/strong> 2023<br \/>\n<strong>Pa\u00eds:<\/strong> Espa\u00f1a<br \/>\n<strong>Localizaci\u00f3n:<\/strong> Fuentealbilla, Albacete.<br \/>\n<strong>Regi\u00f3n viticultora:<\/strong> D.O. Manchuela<br \/>\n<strong>Bodega productora:<\/strong> Bodega Iniesta S.L.U.<br \/>\n<strong>Notas de Cata:<\/strong><br \/>\n<strong>Vista:<\/strong> Color amarillo pajizo con destellos verdosos, brillante.<br \/>\n<strong>Nariz:<\/strong> Intensidad arom\u00e1tica alta,destacan las frutas tropicales y los aromas varietales del Verdejo.<br \/>\n<strong>Boca:<\/strong> Destaca por la gran amplitud, frescura y persistencia.<br \/>\n<strong>Maridaje:<\/strong> Marisco fresco y pescados blancos. Todo tipo de arroces. Pastas gratinadas y carnes blancas.<br \/>\n<strong>ABV 12% &#8211; 750 ml.<\/strong><\/p>\n<p><iframe loading=\"lazy\" title=\"YouTube video player\" src=\"https:\/\/www.youtube.com\/embed\/xa1edtvUll0?si=fotizhonVN_2-b2d&amp;start=1700\" width=\"560\" height=\"315\" frameborder=\"0\" allowfullscreen=\"allowfullscreen\"><\/iframe><\/p>\n","protected":false},"featured_media":18051,"comment_status":"open","ping_status":"closed","template":"","meta":[],"product_brand":[],"product_cat":[421,29],"product_tag":[269,159,149],"class_list":{"0":"post-18050","1":"product","2":"type-product","3":"status-publish","4":"has-post-thumbnail","6":"product_cat-blanco-y-rosado","7":"product_cat-vinos","8":"product_tag-verdejo","9":"product_tag-vino-blanco","10":"product_tag-vino-espanol","12":"first","13":"instock","14":"shipping-taxable","15":"purchasable","16":"product-type-simple"},"_links":{"self":[{"href":"https:\/\/lawhiskeria.cr\/index.php?rest_route=\/wp\/v2\/product\/18050","targetHints":{"allow":["GET"]}}],"collection":[{"href":"https:\/\/lawhiskeria.cr\/index.php?rest_route=\/wp\/v2\/product"}],"about":[{"href":"https:\/\/lawhiskeria.cr\/index.php?rest_route=\/wp\/v2\/types\/product"}],"replies":[{"embeddable":true,"href":"https:\/\/lawhiskeria.cr\/index.php?rest_route=%2Fwp%2Fv2%2Fcomments&post=18050"}],"version-history":[{"count":5,"href":"https:\/\/lawhiskeria.cr\/index.php?rest_route=\/wp\/v2\/product\/18050\/revisions"}],"predecessor-version":[{"id":19344,"href":"https:\/\/lawhiskeria.cr\/index.php?rest_route=\/wp\/v2\/product\/18050\/revisions\/19344"}],"wp:featuredmedia":[{"embeddable":true,"href":"https:\/\/lawhiskeria.cr\/index.php?rest_route=\/wp\/v2\/media\/18051"}],"wp:attachment":[{"href":"https:\/\/lawhiskeria.cr\/index.php?rest_route=%2Fwp%2Fv2%2Fmedia&parent=18050"}],"wp:term":[{"taxonomy":"product_brand","embeddable":true,"href":"https:\/\/lawhiskeria.cr\/index.php?rest_route=%2Fwp%2Fv2%2Fproduct_brand&post=18050"},{"taxonomy":"product_cat","embeddable":true,"href":"https:\/\/lawhiskeria.cr\/index.php?rest_route=%2Fwp%2Fv2%2Fproduct_cat&post=18050"},{"taxonomy":"product_tag","embeddable":true,"href":"https:\/\/lawhiskeria.cr\/index.php?rest_route=%2Fwp%2Fv2%2Fproduct_tag&post=18050"}],"curies":[{"name":"wp","href":"https:\/\/api.w.org\/{rel}","templated":true}]}}