{"id":18020,"date":"2024-12-10T20:54:51","date_gmt":"2024-12-10T20:54:51","guid":{"rendered":"https:\/\/lawhiskeria.cr\/?post_type=product&#038;p=18020"},"modified":"2025-11-09T23:00:39","modified_gmt":"2025-11-09T23:00:39","slug":"ron-abuelo-finish-collection-3-pack","status":"publish","type":"product","link":"https:\/\/lawhiskeria.cr\/?product=ron-abuelo-finish-collection-3-pack","title":{"rendered":"Ron Abuelo Finish Collection 3 Pack"},"content":{"rendered":"","protected":false},"excerpt":{"rendered":"<p><strong>Finish Collection<\/strong><\/p>\n<p><strong>Ron Abuelo Finish Collection tiene un coraz\u00f3n paname\u00f1o pero alma pionera.<\/strong><\/p>\n<p><strong>Traspasando los l\u00edmites de la elaboraci\u00f3n artesanal, buscamos inspiraci\u00f3n m\u00e1s all\u00e1 de Panam\u00e1, y terminamos nuestros tres excepcionales rones en barricas de Jerez, Co\u00f1ac y Porto para lograr una variedad de sabores aventureros.<\/strong><\/p>\n<p><strong>Este pack incluye: <\/strong><\/p>\n<ul>\n<li><strong>1 Ron Abuelo Oloroso, tiene un acabado \u00fanico en barricas de Jerez de Espa\u00f1a para una dulzura de fruta bellamente equilibrada con suntuosas notas c\u00edtricas.<\/strong><\/li>\n<li><strong>1<\/strong> <strong>Ron Abuelo<\/strong> <strong>Tawny, tiene un acabado innovador en barricas de Porto de Portugal para una audaz expresi\u00f3n de frutos rojos dulces y opulentas bayas de verano.<\/strong><\/li>\n<li><strong>1<\/strong> <strong>Ron Abuelo<\/strong> <strong>Napole\u00f3n, este hace gala de un experto acabado en barricas de Co\u00f1ac de Francia para una profunda explosi\u00f3n de fruta madura de oto\u00f1o con elegantes toques de roble y chocolate amargo.<\/strong><\/li>\n<\/ul>\n<p><strong>Cada Botella es de 200 ml. con un ABV del 40%.<\/strong><\/p>\n","protected":false},"featured_media":18021,"comment_status":"open","ping_status":"closed","template":"","meta":[],"product_brand":[],"product_cat":[427,20],"product_tag":[225,201,279,145,274],"class_list":{"0":"post-18020","1":"product","2":"type-product","3":"status-publish","4":"has-post-thumbnail","6":"product_cat-ron","7":"product_cat-lpremium","8":"product_tag-barrica-de-cognac","9":"product_tag-barrica-jerez-oloroso","10":"product_tag-barricas-de-porto","11":"product_tag-ron","12":"product_tag-ron-panameno","14":"first","15":"instock","16":"shipping-taxable","17":"purchasable","18":"product-type-simple"},"_links":{"self":[{"href":"https:\/\/lawhiskeria.cr\/index.php?rest_route=\/wp\/v2\/product\/18020","targetHints":{"allow":["GET"]}}],"collection":[{"href":"https:\/\/lawhiskeria.cr\/index.php?rest_route=\/wp\/v2\/product"}],"about":[{"href":"https:\/\/lawhiskeria.cr\/index.php?rest_route=\/wp\/v2\/types\/product"}],"replies":[{"embeddable":true,"href":"https:\/\/lawhiskeria.cr\/index.php?rest_route=%2Fwp%2Fv2%2Fcomments&post=18020"}],"version-history":[{"count":1,"href":"https:\/\/lawhiskeria.cr\/index.php?rest_route=\/wp\/v2\/product\/18020\/revisions"}],"predecessor-version":[{"id":18022,"href":"https:\/\/lawhiskeria.cr\/index.php?rest_route=\/wp\/v2\/product\/18020\/revisions\/18022"}],"wp:featuredmedia":[{"embeddable":true,"href":"https:\/\/lawhiskeria.cr\/index.php?rest_route=\/wp\/v2\/media\/18021"}],"wp:attachment":[{"href":"https:\/\/lawhiskeria.cr\/index.php?rest_route=%2Fwp%2Fv2%2Fmedia&parent=18020"}],"wp:term":[{"taxonomy":"product_brand","embeddable":true,"href":"https:\/\/lawhiskeria.cr\/index.php?rest_route=%2Fwp%2Fv2%2Fproduct_brand&post=18020"},{"taxonomy":"product_cat","embeddable":true,"href":"https:\/\/lawhiskeria.cr\/index.php?rest_route=%2Fwp%2Fv2%2Fproduct_cat&post=18020"},{"taxonomy":"product_tag","embeddable":true,"href":"https:\/\/lawhiskeria.cr\/index.php?rest_route=%2Fwp%2Fv2%2Fproduct_tag&post=18020"}],"curies":[{"name":"wp","href":"https:\/\/api.w.org\/{rel}","templated":true}]}}