{"id":18009,"date":"2024-12-07T02:27:23","date_gmt":"2024-12-07T02:27:23","guid":{"rendered":"https:\/\/lawhiskeria.cr\/?post_type=product&#038;p=18009"},"modified":"2025-11-26T19:37:51","modified_gmt":"2025-11-26T19:37:51","slug":"redbreast-12-anos-single-pot-still","status":"publish","type":"product","link":"https:\/\/lawhiskeria.cr\/?product=redbreast-12-anos-single-pot-still","title":{"rendered":"Redbreast 12 a\u00f1os Single Pot Still"},"content":{"rendered":"<p><strong>Durante m\u00e1s de un siglo, Redbreast se ha mantenido fiel a la tradici\u00f3n irlandesa de elaboraci\u00f3n de whisky Pot Still. Hoy en d\u00eda, se considera la expresi\u00f3n definitiva de este estilo por excelencia de elaboraci\u00f3n de whisky irland\u00e9s: un legado vivo.<\/strong><\/p>\n<p><strong>El whisky de alambique \u00fanico se ha conservado y cuidado bajo la atenta mirada de la destiler\u00eda Midleton durante casi doscientos a\u00f1os. Redbreast se considera con orgullo la m\u00e1xima expresi\u00f3n de este arte de alambique \u00fanico.<\/strong><\/p>\n<p><strong>Cada whisky de alambique se elabora con una mezcla de cebada malteada y no malteada de granjas de la regi\u00f3n de Munster que rodea nuestra destiler\u00eda. El agua blanda y clara que utilizamos en la destiler\u00eda Midleton proviene del r\u00edo Dungourney, que fluye a trav\u00e9s de las exuberantes colinas verdes de la vecina Clonmult.<\/strong><\/p>\n","protected":false},"excerpt":{"rendered":"<p><strong>Redbreast 12 a\u00f1os<\/strong><\/p>\n<p><strong>El whisky de alambique \u00fanico m\u00e1s premiado del mundo. Reconocido como uno de los mejores whiskies irlandeses del mundo.\u202f<\/strong><\/p>\n<p><strong>Cada whisky de alambique se elabora con una mezcla de cebada malteada y no malteada de granjas de la regi\u00f3n de Munster que rodea nuestra destiler\u00eda. El agua blanda y clara que utilizamos en la destiler\u00eda Midleton proviene del r\u00edo Dungourney, que fluye a trav\u00e9s de las exuberantes colinas verdes de la vecina Clonmult.<\/strong><\/p>\n<p><strong>Nuestro embotellado exclusivo, Redbreast 12 a\u00f1os, cuenta con la complejidad y las cualidades distintivas del whisky de alambique (Pot Still). Madurado en una combinaci\u00f3n de barricas de bourbon y jerez, el estilo distintivo de jerez Redbreast es un placer para la vista en cada botella.<\/strong><\/p>\n<p><strong>Redbreast 12, elaborado a partir de una mezcla de cebada malteada y sin maltear y destilado tres veces en alambiques de cobre, es una experiencia que querr\u00e1s saborear.<\/strong><\/p>\n<p><strong>Notas de cata<\/strong><\/p>\n<p><strong>Nariz: Un aroma complejo, especiado y afrutado con notas de madera tostada.<\/strong><\/p>\n<p><strong>Gusto: De gran sabor y complejidad, suave como la seda, con un equilibrio armonioso de notas especiadas, afrutadas, tostadas y de jerez.<\/strong><\/p>\n<p><strong>Finalizar: Satisfactoriamente largo. Los sabores complejos persisten en el paladar.<\/strong><\/p>\n<p><strong>ABV 40% &#8211; 750 ml.<\/strong><\/p>\n","protected":false},"featured_media":18010,"comment_status":"open","ping_status":"closed","template":"","meta":[],"product_brand":[],"product_cat":[32,72],"product_tag":[117,187],"class_list":{"0":"post-18009","1":"product","2":"type-product","3":"status-publish","4":"has-post-thumbnail","6":"product_cat-whisky","7":"product_cat-single-malt","8":"product_tag-single-pot-still","9":"product_tag-whiskey-irlandes","11":"first","12":"outofstock","13":"shipping-taxable","14":"purchasable","15":"product-type-simple"},"_links":{"self":[{"href":"https:\/\/lawhiskeria.cr\/index.php?rest_route=\/wp\/v2\/product\/18009","targetHints":{"allow":["GET"]}}],"collection":[{"href":"https:\/\/lawhiskeria.cr\/index.php?rest_route=\/wp\/v2\/product"}],"about":[{"href":"https:\/\/lawhiskeria.cr\/index.php?rest_route=\/wp\/v2\/types\/product"}],"replies":[{"embeddable":true,"href":"https:\/\/lawhiskeria.cr\/index.php?rest_route=%2Fwp%2Fv2%2Fcomments&post=18009"}],"version-history":[{"count":1,"href":"https:\/\/lawhiskeria.cr\/index.php?rest_route=\/wp\/v2\/product\/18009\/revisions"}],"predecessor-version":[{"id":18011,"href":"https:\/\/lawhiskeria.cr\/index.php?rest_route=\/wp\/v2\/product\/18009\/revisions\/18011"}],"wp:featuredmedia":[{"embeddable":true,"href":"https:\/\/lawhiskeria.cr\/index.php?rest_route=\/wp\/v2\/media\/18010"}],"wp:attachment":[{"href":"https:\/\/lawhiskeria.cr\/index.php?rest_route=%2Fwp%2Fv2%2Fmedia&parent=18009"}],"wp:term":[{"taxonomy":"product_brand","embeddable":true,"href":"https:\/\/lawhiskeria.cr\/index.php?rest_route=%2Fwp%2Fv2%2Fproduct_brand&post=18009"},{"taxonomy":"product_cat","embeddable":true,"href":"https:\/\/lawhiskeria.cr\/index.php?rest_route=%2Fwp%2Fv2%2Fproduct_cat&post=18009"},{"taxonomy":"product_tag","embeddable":true,"href":"https:\/\/lawhiskeria.cr\/index.php?rest_route=%2Fwp%2Fv2%2Fproduct_tag&post=18009"}],"curies":[{"name":"wp","href":"https:\/\/api.w.org\/{rel}","templated":true}]}}