{"id":17950,"date":"2024-11-19T03:11:17","date_gmt":"2024-11-19T03:11:17","guid":{"rendered":"https:\/\/lawhiskeria.cr\/?post_type=product&#038;p=17950"},"modified":"2025-11-09T23:01:20","modified_gmt":"2025-11-09T23:01:20","slug":"ron-abuelo-xv-tawny-finish-collection","status":"publish","type":"product","link":"https:\/\/lawhiskeria.cr\/?product=ron-abuelo-xv-tawny-finish-collection","title":{"rendered":"Ron Abuelo XV Tawny Finish Collection"},"content":{"rendered":"<p><strong>Finish Collection<\/strong><\/p>\n<p><strong>Ron Abuelo Finish Collection tiene un coraz\u00f3n paname\u00f1o pero alma pionera. <\/strong><\/p>\n<p><strong>Traspasando los l\u00edmites de la elaboraci\u00f3n artesanal, buscamos inspiraci\u00f3n m\u00e1s all\u00e1 de Panam\u00e1, y terminamos nuestros tres excepcionales rones en barricas de Jerez, Co\u00f1ac y Porto para lograr una variedad de sabores aventureros.<\/strong><\/p>\n","protected":false},"excerpt":{"rendered":"<p><strong>Tawny &#8211; Nuestra aventura portuguesa.<\/strong><\/p>\n<p><strong>Tawny tiene un acabado innovador en barricas de Porto de Portugal para una audaz expresi\u00f3n de frutos rojos dulces y opulentas bayas de verano.<\/strong><\/p>\n<p><strong>Color: Profundo y rojizo caoba.<\/strong><\/p>\n<p><strong>Aroma: Frutos rojos, frutos silvestres maduros y cerezas. Madera intensa con delicadas notas de frutos secos.<\/strong><\/p>\n<p><strong>Sabor: Intenso y opulento. Notas de higo maduro con final maderoso.<\/strong><\/p>\n<p><strong>Textura: Sedoso, redondo y denso. Final largo y astringente. <\/strong><\/p>\n<p><strong>Maridaje: Quesos maduros y\/o azules. Chocolate con fruta roja.<\/strong><\/p>\n<p><strong>ABV 40% &#8211; 750 ml.<\/strong><\/p>\n","protected":false},"featured_media":17951,"comment_status":"open","ping_status":"closed","template":"","meta":[],"product_brand":[],"product_cat":[427,20],"product_tag":[279,145,276,274,278],"class_list":{"0":"post-17950","1":"product","2":"type-product","3":"status-publish","4":"has-post-thumbnail","6":"product_cat-ron","7":"product_cat-lpremium","8":"product_tag-barricas-de-porto","9":"product_tag-ron","10":"product_tag-ron-15-anos","11":"product_tag-ron-panameno","12":"product_tag-tawny","14":"first","15":"instock","16":"shipping-taxable","17":"purchasable","18":"product-type-simple"},"_links":{"self":[{"href":"https:\/\/lawhiskeria.cr\/index.php?rest_route=\/wp\/v2\/product\/17950","targetHints":{"allow":["GET"]}}],"collection":[{"href":"https:\/\/lawhiskeria.cr\/index.php?rest_route=\/wp\/v2\/product"}],"about":[{"href":"https:\/\/lawhiskeria.cr\/index.php?rest_route=\/wp\/v2\/types\/product"}],"replies":[{"embeddable":true,"href":"https:\/\/lawhiskeria.cr\/index.php?rest_route=%2Fwp%2Fv2%2Fcomments&post=17950"}],"version-history":[{"count":1,"href":"https:\/\/lawhiskeria.cr\/index.php?rest_route=\/wp\/v2\/product\/17950\/revisions"}],"predecessor-version":[{"id":17952,"href":"https:\/\/lawhiskeria.cr\/index.php?rest_route=\/wp\/v2\/product\/17950\/revisions\/17952"}],"wp:featuredmedia":[{"embeddable":true,"href":"https:\/\/lawhiskeria.cr\/index.php?rest_route=\/wp\/v2\/media\/17951"}],"wp:attachment":[{"href":"https:\/\/lawhiskeria.cr\/index.php?rest_route=%2Fwp%2Fv2%2Fmedia&parent=17950"}],"wp:term":[{"taxonomy":"product_brand","embeddable":true,"href":"https:\/\/lawhiskeria.cr\/index.php?rest_route=%2Fwp%2Fv2%2Fproduct_brand&post=17950"},{"taxonomy":"product_cat","embeddable":true,"href":"https:\/\/lawhiskeria.cr\/index.php?rest_route=%2Fwp%2Fv2%2Fproduct_cat&post=17950"},{"taxonomy":"product_tag","embeddable":true,"href":"https:\/\/lawhiskeria.cr\/index.php?rest_route=%2Fwp%2Fv2%2Fproduct_tag&post=17950"}],"curies":[{"name":"wp","href":"https:\/\/api.w.org\/{rel}","templated":true}]}}