{"id":17921,"date":"2024-11-12T07:05:16","date_gmt":"2024-11-12T07:05:16","guid":{"rendered":"https:\/\/lawhiskeria.cr\/?post_type=product&#038;p=17921"},"modified":"2024-12-06T02:16:24","modified_gmt":"2024-12-06T02:16:24","slug":"jack-daniels-mclxjd-2024-limited-edition","status":"publish","type":"product","link":"https:\/\/lawhiskeria.cr\/?product=jack-daniels-mclxjd-2024-limited-edition","title":{"rendered":"Jack Daniel&#8217;s McLXJD 2024 Limited Edition"},"content":{"rendered":"","protected":false},"excerpt":{"rendered":"<p><strong>Botella Edici\u00f3n Limitada 2024<\/strong><\/p>\n<p><strong>La botella conmemorativa de McLaren Racing de edici\u00f3n limitada es el cl\u00e1sico whisky Tennessee de Jack Daniel&#8217;s con 80% de ma\u00edz, 8% de centeno y 12% de cebada malteada, embotellada a 80 grados (40 % vol.). Destilado en Lynchburg, Tennessee, el whisky se suaviza gota a gota a trav\u00e9s de 10 pies de carb\u00f3n antes de madurar en barricas nuevas de roble blanco americano hechas a mano con los m\u00e1s altos est\u00e1ndares.\u00a0<\/strong><\/p>\n<p><strong>UNIENDO DOS MARCAS IC\u00d3NICAS<\/strong><\/p>\n<p><strong>Jack Daniel&#8217;s y McLaren Racing anunciaron una asociaci\u00f3n de varios a\u00f1os que convierte a Jack Daniel&#8217;s Tennessee Whisky en socio oficial del equipo de F\u00f3rmula 1 de McLaren a partir de 2023. Jack Daniel&#8217;s tiene m\u00e1s de 155 a\u00f1os de experiencia en la elaboraci\u00f3n de whisky y entrar\u00e1 en la F\u00f3rmula 1 por primera vez con McLaren para evolucionar su presencia global y llegar a nuevos consumidores.<\/strong><\/p>\n<p><strong>ABV 40% &#8211; 1000 ml.<\/strong><\/p>\n","protected":false},"featured_media":17923,"comment_status":"open","ping_status":"closed","template":"","meta":[],"product_brand":[],"product_cat":[70],"product_tag":[79,101],"class_list":{"0":"post-17921","1":"product","2":"type-product","3":"status-publish","4":"has-post-thumbnail","6":"product_cat-bourbon-american-whiskey","7":"product_tag-american-whiskey","8":"product_tag-tennesse-whiskey","10":"first","11":"instock","12":"shipping-taxable","13":"purchasable","14":"product-type-simple"},"_links":{"self":[{"href":"https:\/\/lawhiskeria.cr\/index.php?rest_route=\/wp\/v2\/product\/17921","targetHints":{"allow":["GET"]}}],"collection":[{"href":"https:\/\/lawhiskeria.cr\/index.php?rest_route=\/wp\/v2\/product"}],"about":[{"href":"https:\/\/lawhiskeria.cr\/index.php?rest_route=\/wp\/v2\/types\/product"}],"replies":[{"embeddable":true,"href":"https:\/\/lawhiskeria.cr\/index.php?rest_route=%2Fwp%2Fv2%2Fcomments&post=17921"}],"version-history":[{"count":1,"href":"https:\/\/lawhiskeria.cr\/index.php?rest_route=\/wp\/v2\/product\/17921\/revisions"}],"predecessor-version":[{"id":17924,"href":"https:\/\/lawhiskeria.cr\/index.php?rest_route=\/wp\/v2\/product\/17921\/revisions\/17924"}],"wp:featuredmedia":[{"embeddable":true,"href":"https:\/\/lawhiskeria.cr\/index.php?rest_route=\/wp\/v2\/media\/17923"}],"wp:attachment":[{"href":"https:\/\/lawhiskeria.cr\/index.php?rest_route=%2Fwp%2Fv2%2Fmedia&parent=17921"}],"wp:term":[{"taxonomy":"product_brand","embeddable":true,"href":"https:\/\/lawhiskeria.cr\/index.php?rest_route=%2Fwp%2Fv2%2Fproduct_brand&post=17921"},{"taxonomy":"product_cat","embeddable":true,"href":"https:\/\/lawhiskeria.cr\/index.php?rest_route=%2Fwp%2Fv2%2Fproduct_cat&post=17921"},{"taxonomy":"product_tag","embeddable":true,"href":"https:\/\/lawhiskeria.cr\/index.php?rest_route=%2Fwp%2Fv2%2Fproduct_tag&post=17921"}],"curies":[{"name":"wp","href":"https:\/\/api.w.org\/{rel}","templated":true}]}}