{"id":17912,"date":"2024-11-12T06:15:48","date_gmt":"2024-11-12T06:15:48","guid":{"rendered":"https:\/\/lawhiskeria.cr\/?post_type=product&#038;p=17912"},"modified":"2025-10-10T20:33:46","modified_gmt":"2025-10-10T20:33:46","slug":"glencadam-10-anos","status":"publish","type":"product","link":"https:\/\/lawhiskeria.cr\/?product=glencadam-10-anos","title":{"rendered":"Glencadam 10 a\u00f1os"},"content":{"rendered":"<p><strong>La destiler\u00eda Glencadam abri\u00f3 sus puertas en 1825. Desde entonces, poco ha cambiado y nuestro galardonado whisky escoc\u00e9s de pura malta todav\u00eda se produce utilizando los mismos m\u00e9todos de producci\u00f3n tradicionales y artesanales que se han utilizado durante casi 200 a\u00f1os.<\/strong><\/p>\n<p><strong>Glencadam se encuentra en la antigua ciudad de Brechin, en las Tierras Altas del Este de Escocia.\u00a0 En 2021, se volvi\u00f3 a instalar una rueda hidr\u00e1ulica en funcionamiento en el coraz\u00f3n de la destiler\u00eda Glencadam, un gui\u00f1o a c\u00f3mo funcionaba la destiler\u00eda en 1825.<\/strong><\/p>\n<p><strong>Excepcionalmente, los alambiques de Glencadam tienen brazos lineales que corren en un \u00e1ngulo ascendente, esto fomenta un reflujo significativo que ayuda a producir un whisky de malta simple que se caracteriza por sus sabores de frutas tropicales y de huerto.<\/strong><\/p>\n<p><strong>Todos nuestros whiskies con declaraci\u00f3n de edad se embotellan al 46% y no se filtran en fr\u00edo ni se colorean para conservar las caracter\u00edsticas naturales del whisky.<\/strong><\/p>\n","protected":false},"excerpt":{"rendered":"<p><strong>El galardonado Glencadam 10 Years Old es fragante, con una frescura herb\u00e1cea y notas de c\u00edtricos y especias, al tiempo que mantiene una suavidad redondeada en el paladar.<\/strong><\/p>\n<p><strong>Glencadam 10 Years Old, madurado exclusivamente en barricas de roble americano que antes eran de bourbon, muestra una dulzura natural, un roble suave pero especiado y sabores c\u00edtricos limpios y frescos. Adem\u00e1s, este whisky de pura malta bien equilibrado no est\u00e1 coloreado ni filtrado en fr\u00edo.<\/strong><\/p>\n<p><strong>NOTAS DE CATA<\/strong><\/p>\n<p><strong>Color natural<\/strong><\/p>\n<p><strong>Nariz: Picante y fresco, con aromas de frutas tropicales y c\u00edtricos combinados con una suave dulzura de vainilla y especias para hornear.<\/strong><\/p>\n<p><strong>Paladar: Brillante y herb\u00e1ceo, con capas de pi\u00f1a, crema de lim\u00f3n y brioche con reflejos de c\u00e1scara de c\u00edtricos.<\/strong><\/p>\n<p><strong>Final: Limpio y fresco con notas de frutas amarillas, vaina de vainilla y especias de nuez moscada.<\/strong><\/p>\n<p><strong>ABV 46% &#8211; 700 ml.<\/strong><\/p>\n<p><strong>Medalla de Oro 2024 \u2013 IWSC. Medalla de Oro 2024 &#8211; International Spirits Challenge entre muchos otros premios.<\/strong><\/p>\n<p><iframe loading=\"lazy\" title=\"YouTube video player\" src=\"https:\/\/www.youtube.com\/embed\/wWm_AAjMVkY?si=hLky8jMNVFD0It5c&amp;start=2681\" width=\"560\" height=\"315\" frameborder=\"0\" allowfullscreen=\"allowfullscreen\"><\/iframe><\/p>\n","protected":false},"featured_media":17913,"comment_status":"open","ping_status":"closed","template":"","meta":[],"product_brand":[],"product_cat":[72],"product_tag":[271,108,110],"class_list":{"0":"post-17912","1":"product","2":"type-product","3":"status-publish","4":"has-post-thumbnail","6":"product_cat-single-malt","7":"product_tag-highlands","8":"product_tag-single-malt","9":"product_tag-whisky-escoces","11":"first","12":"instock","13":"shipping-taxable","14":"purchasable","15":"product-type-simple"},"_links":{"self":[{"href":"https:\/\/lawhiskeria.cr\/index.php?rest_route=\/wp\/v2\/product\/17912","targetHints":{"allow":["GET"]}}],"collection":[{"href":"https:\/\/lawhiskeria.cr\/index.php?rest_route=\/wp\/v2\/product"}],"about":[{"href":"https:\/\/lawhiskeria.cr\/index.php?rest_route=\/wp\/v2\/types\/product"}],"replies":[{"embeddable":true,"href":"https:\/\/lawhiskeria.cr\/index.php?rest_route=%2Fwp%2Fv2%2Fcomments&post=17912"}],"version-history":[{"count":4,"href":"https:\/\/lawhiskeria.cr\/index.php?rest_route=\/wp\/v2\/product\/17912\/revisions"}],"predecessor-version":[{"id":18045,"href":"https:\/\/lawhiskeria.cr\/index.php?rest_route=\/wp\/v2\/product\/17912\/revisions\/18045"}],"wp:featuredmedia":[{"embeddable":true,"href":"https:\/\/lawhiskeria.cr\/index.php?rest_route=\/wp\/v2\/media\/17913"}],"wp:attachment":[{"href":"https:\/\/lawhiskeria.cr\/index.php?rest_route=%2Fwp%2Fv2%2Fmedia&parent=17912"}],"wp:term":[{"taxonomy":"product_brand","embeddable":true,"href":"https:\/\/lawhiskeria.cr\/index.php?rest_route=%2Fwp%2Fv2%2Fproduct_brand&post=17912"},{"taxonomy":"product_cat","embeddable":true,"href":"https:\/\/lawhiskeria.cr\/index.php?rest_route=%2Fwp%2Fv2%2Fproduct_cat&post=17912"},{"taxonomy":"product_tag","embeddable":true,"href":"https:\/\/lawhiskeria.cr\/index.php?rest_route=%2Fwp%2Fv2%2Fproduct_tag&post=17912"}],"curies":[{"name":"wp","href":"https:\/\/api.w.org\/{rel}","templated":true}]}}