{"id":17906,"date":"2024-11-12T05:35:29","date_gmt":"2024-11-12T05:35:29","guid":{"rendered":"https:\/\/lawhiskeria.cr\/?post_type=product&#038;p=17906"},"modified":"2025-10-30T21:33:18","modified_gmt":"2025-10-30T21:33:18","slug":"finca-el-carril-hechicero-bodega-iniesta","status":"publish","type":"product","link":"https:\/\/lawhiskeria.cr\/?product=finca-el-carril-hechicero-bodega-iniesta","title":{"rendered":"Finca El Carril Hechicero &#8211; Bodega Iniesta"},"content":{"rendered":"","protected":false},"excerpt":{"rendered":"<p><strong>Vino tinto fermentado en barrica<\/strong><\/p>\n<p><strong>Un vino de corte moderno, con influencias mediterr\u00e1neas, c\u00e1lido que combina perfectamente la fruta y estructura.<\/strong><\/p>\n<p><strong>A\u00f1ada: 2017<\/strong><\/p>\n<p><strong>Variedades de uva: Syrah, Petit Verdot, Tempranillo y Cabernet Sauvignon<\/strong><\/p>\n<p><strong>Crianza: 12 meses en barrica de roble (80% franc\u00e9s, 20% americano) (300L.)<\/strong><\/p>\n<p><strong>Alcohol: 14% vol.<\/strong><\/p>\n<p><strong>Lugar de origen: Fuentealbilla<\/strong><\/p>\n<p><strong>Denominaci\u00f3n de Origen Manchuela.<\/strong><\/p>\n<p><strong>Notas de Cata<\/strong><\/p>\n<p><strong>Vista: Rojo cereza intenso y profundo con reflejos rub\u00ed. Nariz: Tiene una nariz muy potente y expresiva donde armonizan los frutos rojos, notas especiadas y un toque elegante de tofe y recuerdos de cacao, como resultado de su paso por barrica de roble nueva. Boca: Tiene una boca carnosa, estructurada, con unos taninos elegantes, fruto de un rendimiento equilibrado en campo, una larga maceraci\u00f3n y una cuidadosa crianza. *La posible aparici\u00f3n de precipitados es natural ya que no est\u00e1 sometido a filtraci\u00f3n indicando la calidad y pureza de este vino.<\/strong><\/p>\n<p><strong>Maridaje: Vino ideal para acompa\u00f1ar arroces, todo tipo de quesos, carnes rojas, guisos y caza.<\/strong><\/p>\n<p><strong>Conservar en oscuridad a temperatura constante inferior a 16\u00baC. Humedad de 70-75%. Temperatura de servicio: 16-18\u00baC.<\/strong><\/p>\n","protected":false},"featured_media":17907,"comment_status":"open","ping_status":"closed","template":"","meta":[],"product_brand":[],"product_cat":[420,29],"product_tag":[158,195,169,162,149,247],"class_list":{"0":"post-17906","1":"product","2":"type-product","3":"status-publish","4":"has-post-thumbnail","6":"product_cat-tinto","7":"product_cat-vinos","8":"product_tag-cabernet-sauvignon","9":"product_tag-petit-verdot","10":"product_tag-syrah","11":"product_tag-tempranillo","12":"product_tag-vino-espanol","13":"product_tag-vino-tinto","15":"first","16":"instock","17":"shipping-taxable","18":"purchasable","19":"product-type-simple"},"_links":{"self":[{"href":"https:\/\/lawhiskeria.cr\/index.php?rest_route=\/wp\/v2\/product\/17906","targetHints":{"allow":["GET"]}}],"collection":[{"href":"https:\/\/lawhiskeria.cr\/index.php?rest_route=\/wp\/v2\/product"}],"about":[{"href":"https:\/\/lawhiskeria.cr\/index.php?rest_route=\/wp\/v2\/types\/product"}],"replies":[{"embeddable":true,"href":"https:\/\/lawhiskeria.cr\/index.php?rest_route=%2Fwp%2Fv2%2Fcomments&post=17906"}],"version-history":[{"count":1,"href":"https:\/\/lawhiskeria.cr\/index.php?rest_route=\/wp\/v2\/product\/17906\/revisions"}],"predecessor-version":[{"id":17908,"href":"https:\/\/lawhiskeria.cr\/index.php?rest_route=\/wp\/v2\/product\/17906\/revisions\/17908"}],"wp:featuredmedia":[{"embeddable":true,"href":"https:\/\/lawhiskeria.cr\/index.php?rest_route=\/wp\/v2\/media\/17907"}],"wp:attachment":[{"href":"https:\/\/lawhiskeria.cr\/index.php?rest_route=%2Fwp%2Fv2%2Fmedia&parent=17906"}],"wp:term":[{"taxonomy":"product_brand","embeddable":true,"href":"https:\/\/lawhiskeria.cr\/index.php?rest_route=%2Fwp%2Fv2%2Fproduct_brand&post=17906"},{"taxonomy":"product_cat","embeddable":true,"href":"https:\/\/lawhiskeria.cr\/index.php?rest_route=%2Fwp%2Fv2%2Fproduct_cat&post=17906"},{"taxonomy":"product_tag","embeddable":true,"href":"https:\/\/lawhiskeria.cr\/index.php?rest_route=%2Fwp%2Fv2%2Fproduct_tag&post=17906"}],"curies":[{"name":"wp","href":"https:\/\/api.w.org\/{rel}","templated":true}]}}