{"id":17902,"date":"2024-11-12T05:24:30","date_gmt":"2024-11-12T05:24:30","guid":{"rendered":"https:\/\/lawhiskeria.cr\/?post_type=product&#038;p=17902"},"modified":"2025-10-28T00:19:48","modified_gmt":"2025-10-28T00:19:48","slug":"corazon-loco-bobal-bodega-iniesta","status":"publish","type":"product","link":"https:\/\/lawhiskeria.cr\/?product=corazon-loco-bobal-bodega-iniesta","title":{"rendered":"Coraz\u00f3n Loco Bobal &#8211; Bodega Iniesta"},"content":{"rendered":"","protected":false},"excerpt":{"rendered":"<p><strong>Coraz\u00f3n Loco Bobal se descubre tras un manto profundo de color rojo cereza con brillantes reflejos viol\u00e1ceos.<\/strong><\/p>\n<p><strong>A\u00f1ada: 2019<\/strong><\/p>\n<p><strong>Variedad de uva: Bobal<\/strong><\/p>\n<p><strong>Crianza: 4 meses en barrica de roble franc\u00e9s y americano.<\/strong><\/p>\n<p><strong>Alcohol: 14% vol.<\/strong><\/p>\n<p><strong>Lugar de origen: Fuentealbilla<\/strong><\/p>\n<p><strong>Denominaci\u00f3n de Origen Manchuela.<\/strong><\/p>\n<p><strong>Notas de Cata<\/strong><\/p>\n<p><strong>Vista: Profundo color rojo cereza con brillantes reflejos viol\u00e1ceos. Nariz: Tiene una presencia que queda envuelta por elegantes aromas a frutos del bosque, con recuerdos a moras, grosellas y frambuesas. Boca: Nos seduce con una agradable impresi\u00f3n inicial, aportando sensaciones untuosas que quedan armonizadas con el nervio de una acidez delicada y la tensi\u00f3n de un tanino que refleja la firmeza del vidu\u00f1o bobal. Un placer para los sentidos.<\/strong><\/p>\n<p><strong>Maridaje: Vino muy vers\u00e1til de armonizar, apropiado para acompa\u00f1ar con todo tipo de quesos, carnes y guisos.<\/strong><\/p>\n<p><strong>Conservar en oscuridad a temperatura constante inferior a 16\u00baC. Humedad de 70-75%. Temperatura de servicio: 16\u00baC.<\/strong><\/p>\n<p><iframe loading=\"lazy\" title=\"YouTube video player\" src=\"https:\/\/www.youtube.com\/embed\/ck2i0BGYbd4?si=ZaXsq2n87xjlrMQV&amp;start=4081\" width=\"560\" height=\"315\" frameborder=\"0\" allowfullscreen=\"allowfullscreen\"><\/iframe><\/p>\n","protected":false},"featured_media":17903,"comment_status":"open","ping_status":"closed","template":"","meta":[],"product_brand":[],"product_cat":[420,29],"product_tag":[270,149,247],"class_list":{"0":"post-17902","1":"product","2":"type-product","3":"status-publish","4":"has-post-thumbnail","6":"product_cat-tinto","7":"product_cat-vinos","8":"product_tag-bobal","9":"product_tag-vino-espanol","10":"product_tag-vino-tinto","12":"first","13":"instock","14":"shipping-taxable","15":"purchasable","16":"product-type-simple"},"_links":{"self":[{"href":"https:\/\/lawhiskeria.cr\/index.php?rest_route=\/wp\/v2\/product\/17902","targetHints":{"allow":["GET"]}}],"collection":[{"href":"https:\/\/lawhiskeria.cr\/index.php?rest_route=\/wp\/v2\/product"}],"about":[{"href":"https:\/\/lawhiskeria.cr\/index.php?rest_route=\/wp\/v2\/types\/product"}],"replies":[{"embeddable":true,"href":"https:\/\/lawhiskeria.cr\/index.php?rest_route=%2Fwp%2Fv2%2Fcomments&post=17902"}],"version-history":[{"count":3,"href":"https:\/\/lawhiskeria.cr\/index.php?rest_route=\/wp\/v2\/product\/17902\/revisions"}],"predecessor-version":[{"id":18057,"href":"https:\/\/lawhiskeria.cr\/index.php?rest_route=\/wp\/v2\/product\/17902\/revisions\/18057"}],"wp:featuredmedia":[{"embeddable":true,"href":"https:\/\/lawhiskeria.cr\/index.php?rest_route=\/wp\/v2\/media\/17903"}],"wp:attachment":[{"href":"https:\/\/lawhiskeria.cr\/index.php?rest_route=%2Fwp%2Fv2%2Fmedia&parent=17902"}],"wp:term":[{"taxonomy":"product_brand","embeddable":true,"href":"https:\/\/lawhiskeria.cr\/index.php?rest_route=%2Fwp%2Fv2%2Fproduct_brand&post=17902"},{"taxonomy":"product_cat","embeddable":true,"href":"https:\/\/lawhiskeria.cr\/index.php?rest_route=%2Fwp%2Fv2%2Fproduct_cat&post=17902"},{"taxonomy":"product_tag","embeddable":true,"href":"https:\/\/lawhiskeria.cr\/index.php?rest_route=%2Fwp%2Fv2%2Fproduct_tag&post=17902"}],"curies":[{"name":"wp","href":"https:\/\/api.w.org\/{rel}","templated":true}]}}