{"id":17896,"date":"2024-11-12T05:07:02","date_gmt":"2024-11-12T05:07:02","guid":{"rendered":"https:\/\/lawhiskeria.cr\/?post_type=product&#038;p=17896"},"modified":"2026-03-10T19:08:22","modified_gmt":"2026-03-10T19:08:22","slug":"corazon-loco-seleccion-bodega-iniesta","status":"publish","type":"product","link":"https:\/\/lawhiskeria.cr\/?product=corazon-loco-seleccion-bodega-iniesta","title":{"rendered":"Coraz\u00f3n Loco Selecci\u00f3n &#8211; Bodega Iniesta"},"content":{"rendered":"","protected":false},"excerpt":{"rendered":"<p><strong>Vino tinto fermentado en barrica<\/strong><\/p>\n<p><strong>Primer Crianza de la gama Coraz\u00f3n Loco.<\/strong><\/p>\n<p><strong>A\u00f1ada: 2017<\/strong><\/p>\n<p><strong>Variedades de uva: Syrah, Petit Verdot, Tempranillo y Cabernet Sauvignon<\/strong><\/p>\n<p><strong>Crianza: 12 meses en barrica de roble 80% franc\u00e9s, 20% americano (300L.)<\/strong><\/p>\n<p><strong>Alcohol: 14% vol.<\/strong><\/p>\n<p><strong>Lugar de origen: Fuentealbilla<\/strong><\/p>\n<p><strong>Denominaci\u00f3n de Origen Manchuela.<\/strong><\/p>\n<p><strong>Notas de Cata<\/strong><\/p>\n<p><strong>Vista: Color rojo picota. Nariz: Aroma muy intenso con recuerdos de frutos rojos muy maduros, notas a vainilla, regaliz, clavo y toffee. Boca: En boca nos regala la elegancia de la fruta y los tostados de la madera combinados con aromas bals\u00e1micos. *La posible aparici\u00f3n de precipitados es natural ya que no est\u00e1 sometido a filtraci\u00f3n indicando la calidad y pureza de este vino.<\/strong><\/p>\n<p><strong>Maridaje: Excelente como aperitivo, acompa\u00f1ando a ensaladas, quesos frescos. Vino ideal para acompa\u00f1ar todo tipo de quesos, carnes rojas, guisos y caza.<\/strong><\/p>\n<p><strong>Conservar en oscuridad a temperatura constante inferior a 16\u00ba. Humedad de 70-75%. Temperatura servicio: 16-18\u00baC.<\/strong><\/p>\n<p><iframe loading=\"lazy\" title=\"YouTube video player\" src=\"https:\/\/www.youtube.com\/embed\/xa1edtvUll0?si=JsQHG_ilieIx-Ca1&amp;start=3203\" width=\"560\" height=\"315\" frameborder=\"0\" allowfullscreen=\"allowfullscreen\"><\/iframe><\/p>\n","protected":false},"featured_media":17897,"comment_status":"open","ping_status":"closed","template":"","meta":[],"product_brand":[],"product_cat":[420,29],"product_tag":[158,220,195,169,162,149,247],"class_list":{"0":"post-17896","1":"product","2":"type-product","3":"status-publish","4":"has-post-thumbnail","6":"product_cat-tinto","7":"product_cat-vinos","8":"product_tag-cabernet-sauvignon","9":"product_tag-crianza","10":"product_tag-petit-verdot","11":"product_tag-syrah","12":"product_tag-tempranillo","13":"product_tag-vino-espanol","14":"product_tag-vino-tinto","16":"first","17":"instock","18":"shipping-taxable","19":"purchasable","20":"product-type-simple"},"_links":{"self":[{"href":"https:\/\/lawhiskeria.cr\/index.php?rest_route=\/wp\/v2\/product\/17896","targetHints":{"allow":["GET"]}}],"collection":[{"href":"https:\/\/lawhiskeria.cr\/index.php?rest_route=\/wp\/v2\/product"}],"about":[{"href":"https:\/\/lawhiskeria.cr\/index.php?rest_route=\/wp\/v2\/types\/product"}],"replies":[{"embeddable":true,"href":"https:\/\/lawhiskeria.cr\/index.php?rest_route=%2Fwp%2Fv2%2Fcomments&post=17896"}],"version-history":[{"count":3,"href":"https:\/\/lawhiskeria.cr\/index.php?rest_route=\/wp\/v2\/product\/17896\/revisions"}],"predecessor-version":[{"id":19343,"href":"https:\/\/lawhiskeria.cr\/index.php?rest_route=\/wp\/v2\/product\/17896\/revisions\/19343"}],"wp:featuredmedia":[{"embeddable":true,"href":"https:\/\/lawhiskeria.cr\/index.php?rest_route=\/wp\/v2\/media\/17897"}],"wp:attachment":[{"href":"https:\/\/lawhiskeria.cr\/index.php?rest_route=%2Fwp%2Fv2%2Fmedia&parent=17896"}],"wp:term":[{"taxonomy":"product_brand","embeddable":true,"href":"https:\/\/lawhiskeria.cr\/index.php?rest_route=%2Fwp%2Fv2%2Fproduct_brand&post=17896"},{"taxonomy":"product_cat","embeddable":true,"href":"https:\/\/lawhiskeria.cr\/index.php?rest_route=%2Fwp%2Fv2%2Fproduct_cat&post=17896"},{"taxonomy":"product_tag","embeddable":true,"href":"https:\/\/lawhiskeria.cr\/index.php?rest_route=%2Fwp%2Fv2%2Fproduct_tag&post=17896"}],"curies":[{"name":"wp","href":"https:\/\/api.w.org\/{rel}","templated":true}]}}