{"id":17893,"date":"2024-11-12T05:00:29","date_gmt":"2024-11-12T05:00:29","guid":{"rendered":"https:\/\/lawhiskeria.cr\/?post_type=product&#038;p=17893"},"modified":"2026-04-13T21:39:39","modified_gmt":"2026-04-13T21:39:39","slug":"corazon-loco-premium-bodega-iniesta","status":"publish","type":"product","link":"https:\/\/lawhiskeria.cr\/?product=corazon-loco-premium-bodega-iniesta","title":{"rendered":"Coraz\u00f3n Loco Premium &#8211; Bodega Iniesta"},"content":{"rendered":"","protected":false},"excerpt":{"rendered":"<p><strong>Vino tinto fermentado en barrica<\/strong><\/p>\n<p><strong>Primer Reserva de Bodega Andr\u00e9s Iniesta. Coraz\u00f3n Loco Premium, representa toda la pasi\u00f3n, esfuerzo, dedicaci\u00f3n y amor con el que la familia Iniesta-Luj\u00e1n ha trabajado la tierra.<\/strong><\/p>\n<p><strong>A\u00f1ada: 2017<\/strong><\/p>\n<p><strong>Variedades de uva: Syrah, Petit Verdot y Cabernet Sauvignon<\/strong><\/p>\n<p><strong>Crianza: 18 meses en barrica de roble 100% franc\u00e9s (300L.). 12 meses en botellero en bodega<\/strong><\/p>\n<p><strong>Alcohol: 14,5% vol.<\/strong><\/p>\n<p><strong>Lugar de origen: Fuentealbilla<\/strong><\/p>\n<p><strong>Denominaci\u00f3n de Origen Manchuela.<\/strong><\/p>\n<p><strong>Notas de Cata<\/strong><\/p>\n<p><strong>Vista: Profundo rojo picota con reflejos color rub\u00ed. Nariz: Aromas a incienso, cacao, clavo, regaliz y fruta muy madura. Boca: Boca aterciopelada, golosa e intensa. *La posible aparici\u00f3n de precipitados es natural ya que no est\u00e1 sometido a filtraci\u00f3n indicando la calidad y pureza de este vino.<\/strong><\/p>\n<p><strong>Maridaje: Vino ideal para acompa\u00f1ar quesos curados, carnes rojas, cocidos, guisos y caza.<\/strong><\/p>\n<p><strong>Conservar en oscuridad a temperatura constante inferior a 16\u00ba. Humedad de 70-75%. Temperatura servicio: 16-18\u00baC.<\/strong><\/p>\n","protected":false},"featured_media":17894,"comment_status":"open","ping_status":"closed","template":"","meta":[],"product_brand":[],"product_cat":[420,29],"product_tag":[158,195,169,149,247],"class_list":{"0":"post-17893","1":"product","2":"type-product","3":"status-publish","4":"has-post-thumbnail","6":"product_cat-tinto","7":"product_cat-vinos","8":"product_tag-cabernet-sauvignon","9":"product_tag-petit-verdot","10":"product_tag-syrah","11":"product_tag-vino-espanol","12":"product_tag-vino-tinto","14":"first","15":"instock","16":"shipping-taxable","17":"purchasable","18":"product-type-simple"},"_links":{"self":[{"href":"https:\/\/lawhiskeria.cr\/index.php?rest_route=\/wp\/v2\/product\/17893","targetHints":{"allow":["GET"]}}],"collection":[{"href":"https:\/\/lawhiskeria.cr\/index.php?rest_route=\/wp\/v2\/product"}],"about":[{"href":"https:\/\/lawhiskeria.cr\/index.php?rest_route=\/wp\/v2\/types\/product"}],"replies":[{"embeddable":true,"href":"https:\/\/lawhiskeria.cr\/index.php?rest_route=%2Fwp%2Fv2%2Fcomments&post=17893"}],"version-history":[{"count":1,"href":"https:\/\/lawhiskeria.cr\/index.php?rest_route=\/wp\/v2\/product\/17893\/revisions"}],"predecessor-version":[{"id":17895,"href":"https:\/\/lawhiskeria.cr\/index.php?rest_route=\/wp\/v2\/product\/17893\/revisions\/17895"}],"wp:featuredmedia":[{"embeddable":true,"href":"https:\/\/lawhiskeria.cr\/index.php?rest_route=\/wp\/v2\/media\/17894"}],"wp:attachment":[{"href":"https:\/\/lawhiskeria.cr\/index.php?rest_route=%2Fwp%2Fv2%2Fmedia&parent=17893"}],"wp:term":[{"taxonomy":"product_brand","embeddable":true,"href":"https:\/\/lawhiskeria.cr\/index.php?rest_route=%2Fwp%2Fv2%2Fproduct_brand&post=17893"},{"taxonomy":"product_cat","embeddable":true,"href":"https:\/\/lawhiskeria.cr\/index.php?rest_route=%2Fwp%2Fv2%2Fproduct_cat&post=17893"},{"taxonomy":"product_tag","embeddable":true,"href":"https:\/\/lawhiskeria.cr\/index.php?rest_route=%2Fwp%2Fv2%2Fproduct_tag&post=17893"}],"curies":[{"name":"wp","href":"https:\/\/api.w.org\/{rel}","templated":true}]}}