{"id":17820,"date":"2024-11-01T18:11:52","date_gmt":"2024-11-01T18:11:52","guid":{"rendered":"https:\/\/lawhiskeria.cr\/?post_type=product&#038;p=17820"},"modified":"2025-10-10T20:22:16","modified_gmt":"2025-10-10T20:22:16","slug":"copa-glencairn-original","status":"publish","type":"product","link":"https:\/\/lawhiskeria.cr\/?product=copa-glencairn-original","title":{"rendered":"Copa Glencairn Original"},"content":{"rendered":"","protected":false},"excerpt":{"rendered":"<p><strong>Descubra la copa Glencairn, dise\u00f1ada para los amantes del whisky de todo el mundo. Nuestro galardonado vaso Glencairn es el vaso oficial para whisky, utilizado por maestros mezcladores y conocedores.<\/strong><\/p>\n<p><strong>C\u00e1liz con forma vertical en la apertura, para una experiencia balanceada en nariz y boca.<\/strong><\/p>\n<p><strong>C\u00e1liz en forma de tulip\u00e1n para disfrutar los aromas de manera \u00f3ptima.<\/strong><\/p>\n<p><strong>Copa sin tallo, para una experiencia m\u00e1s pr\u00e1ctica y funcional.<\/strong><\/p>\n<p><strong>La base es robusta y estable, para una mayor durabilidad y seguridad.<\/strong><\/p>\n<p><strong>Marca: Glencairn. Origen: Escocia, Reino Unido.<\/strong><\/p>\n<p><strong>Altura: 114 mm. <\/strong><strong>Capacidad: 170 ml.<\/strong><\/p>\n<p><strong>Di\u00e1metro de la apertura: 46 mm. <\/strong><strong>Di\u00e1metro del cuerpo: 67 mm.<\/strong><\/p>\n<p><strong>Material: Cristal sin plomo.<\/strong><\/p>\n<p>&nbsp;<\/p>\n<p><iframe loading=\"lazy\" title=\"YouTube video player\" src=\"https:\/\/www.youtube.com\/embed\/3ovPhzHcyW8?si=dDS6P10XTyvCIdIY\" width=\"560\" height=\"315\" frameborder=\"0\" allowfullscreen=\"allowfullscreen\"><\/iframe><\/p>\n","protected":false},"featured_media":17821,"comment_status":"open","ping_status":"closed","template":"","meta":[],"product_brand":[],"product_cat":[28],"product_tag":[265,264,266,267],"class_list":{"0":"post-17820","1":"product","2":"type-product","3":"status-publish","4":"has-post-thumbnail","6":"product_cat-accesorios","7":"product_tag-cata-de-whisky","8":"product_tag-copa-de-cata","9":"product_tag-copa-de-cristal","10":"product_tag-glencairn","12":"first","13":"outofstock","14":"shipping-taxable","15":"purchasable","16":"product-type-simple"},"_links":{"self":[{"href":"https:\/\/lawhiskeria.cr\/index.php?rest_route=\/wp\/v2\/product\/17820","targetHints":{"allow":["GET"]}}],"collection":[{"href":"https:\/\/lawhiskeria.cr\/index.php?rest_route=\/wp\/v2\/product"}],"about":[{"href":"https:\/\/lawhiskeria.cr\/index.php?rest_route=\/wp\/v2\/types\/product"}],"replies":[{"embeddable":true,"href":"https:\/\/lawhiskeria.cr\/index.php?rest_route=%2Fwp%2Fv2%2Fcomments&post=17820"}],"version-history":[{"count":4,"href":"https:\/\/lawhiskeria.cr\/index.php?rest_route=\/wp\/v2\/product\/17820\/revisions"}],"predecessor-version":[{"id":19262,"href":"https:\/\/lawhiskeria.cr\/index.php?rest_route=\/wp\/v2\/product\/17820\/revisions\/19262"}],"wp:featuredmedia":[{"embeddable":true,"href":"https:\/\/lawhiskeria.cr\/index.php?rest_route=\/wp\/v2\/media\/17821"}],"wp:attachment":[{"href":"https:\/\/lawhiskeria.cr\/index.php?rest_route=%2Fwp%2Fv2%2Fmedia&parent=17820"}],"wp:term":[{"taxonomy":"product_brand","embeddable":true,"href":"https:\/\/lawhiskeria.cr\/index.php?rest_route=%2Fwp%2Fv2%2Fproduct_brand&post=17820"},{"taxonomy":"product_cat","embeddable":true,"href":"https:\/\/lawhiskeria.cr\/index.php?rest_route=%2Fwp%2Fv2%2Fproduct_cat&post=17820"},{"taxonomy":"product_tag","embeddable":true,"href":"https:\/\/lawhiskeria.cr\/index.php?rest_route=%2Fwp%2Fv2%2Fproduct_tag&post=17820"}],"curies":[{"name":"wp","href":"https:\/\/api.w.org\/{rel}","templated":true}]}}