{"id":17813,"date":"2024-10-31T22:16:48","date_gmt":"2024-10-31T22:16:48","guid":{"rendered":"https:\/\/lawhiskeria.cr\/?post_type=product&#038;p=17813"},"modified":"2025-10-28T03:16:07","modified_gmt":"2025-10-28T03:16:07","slug":"yaya-riesling","status":"publish","type":"product","link":"https:\/\/lawhiskeria.cr\/?product=yaya-riesling","title":{"rendered":"Yaya Riesling"},"content":{"rendered":"","protected":false},"excerpt":{"rendered":"<p><strong>Origen: Pfalz, Alemania<\/strong><\/p>\n<p><strong>Variedad: Riesling<\/strong><\/p>\n<p><strong>Grado: 12,0% Vol.<\/strong><\/p>\n<p><strong>Notas de Cata: <\/strong><\/p>\n<p><strong>En nariz cuenta con notas atractivas de melocot\u00f3n, mango y c\u00edtricos. Sus aromas a hierbas de verano recuerdan a un paseo por la pradera del Palatino. Tensi\u00f3n en boca: cremoso, lleno de extracto, intenso, con una acidez maravillosamente integrada, que dota al vino de impresionante persistencia. El arte de la viticultura alemana a los pies de todo aficionado al Riesling.<\/strong><\/p>\n<p><strong>Maridaje: Delicioso con mariscos, filetes de pescado frito o platos de verduras a la planta o en tempura. Si quieres marcar la diferencia, s\u00edrvelo con un carpaccio de at\u00fan con lima y alcaparras.<\/strong><\/p>\n","protected":false},"featured_media":17814,"comment_status":"open","ping_status":"closed","template":"","meta":[],"product_brand":[],"product_cat":[421,29],"product_tag":[133,262,260,159],"class_list":{"0":"post-17813","1":"product","2":"type-product","3":"status-publish","4":"has-post-thumbnail","6":"product_cat-blanco-y-rosado","7":"product_cat-vinos","8":"product_tag-alemania","9":"product_tag-riesling","10":"product_tag-vino-aleman","11":"product_tag-vino-blanco","13":"first","14":"instock","15":"shipping-taxable","16":"purchasable","17":"product-type-simple"},"_links":{"self":[{"href":"https:\/\/lawhiskeria.cr\/index.php?rest_route=\/wp\/v2\/product\/17813","targetHints":{"allow":["GET"]}}],"collection":[{"href":"https:\/\/lawhiskeria.cr\/index.php?rest_route=\/wp\/v2\/product"}],"about":[{"href":"https:\/\/lawhiskeria.cr\/index.php?rest_route=\/wp\/v2\/types\/product"}],"replies":[{"embeddable":true,"href":"https:\/\/lawhiskeria.cr\/index.php?rest_route=%2Fwp%2Fv2%2Fcomments&post=17813"}],"version-history":[{"count":1,"href":"https:\/\/lawhiskeria.cr\/index.php?rest_route=\/wp\/v2\/product\/17813\/revisions"}],"predecessor-version":[{"id":17815,"href":"https:\/\/lawhiskeria.cr\/index.php?rest_route=\/wp\/v2\/product\/17813\/revisions\/17815"}],"wp:featuredmedia":[{"embeddable":true,"href":"https:\/\/lawhiskeria.cr\/index.php?rest_route=\/wp\/v2\/media\/17814"}],"wp:attachment":[{"href":"https:\/\/lawhiskeria.cr\/index.php?rest_route=%2Fwp%2Fv2%2Fmedia&parent=17813"}],"wp:term":[{"taxonomy":"product_brand","embeddable":true,"href":"https:\/\/lawhiskeria.cr\/index.php?rest_route=%2Fwp%2Fv2%2Fproduct_brand&post=17813"},{"taxonomy":"product_cat","embeddable":true,"href":"https:\/\/lawhiskeria.cr\/index.php?rest_route=%2Fwp%2Fv2%2Fproduct_cat&post=17813"},{"taxonomy":"product_tag","embeddable":true,"href":"https:\/\/lawhiskeria.cr\/index.php?rest_route=%2Fwp%2Fv2%2Fproduct_tag&post=17813"}],"curies":[{"name":"wp","href":"https:\/\/api.w.org\/{rel}","templated":true}]}}