{"id":17809,"date":"2024-10-31T22:09:17","date_gmt":"2024-10-31T22:09:17","guid":{"rendered":"https:\/\/lawhiskeria.cr\/?post_type=product&#038;p=17809"},"modified":"2025-10-28T03:16:50","modified_gmt":"2025-10-28T03:16:50","slug":"yaya-pinot-noir","status":"publish","type":"product","link":"https:\/\/lawhiskeria.cr\/?product=yaya-pinot-noir","title":{"rendered":"Yaya Pinot Noir"},"content":{"rendered":"","protected":false},"excerpt":{"rendered":"<p><strong>Origen:<\/strong> Pfalz, Alemania.<\/p>\n<p><strong>Variedad:<\/strong> Pinot Noir.<\/p>\n<p><strong>Grado:<\/strong> 13,5% Vol.<\/p>\n<p><strong>Notas de Cata:<\/strong><\/p>\n<p><strong>La a\u00f1ada 2022<\/strong> fue especialmente c\u00e1lida, capturando maravillosos aromas de canela y regaliz. Haciendo malabares con el momento de la cosecha, el equipo de MSV ha conseguido mantener el car\u00e1cter delicado varietal, sin que el vino parezca demasiado voluminoso.<\/p>\n<p><strong>Maridaje:<\/strong> Combina gustosamente con pato asado, alb\u00f3ndigas caseras, manzanas asadas y col lombarda. Cualquiera que ame las carnes blancas o pescados grasos encontrar\u00e1 en este vino el compa\u00f1ero perfecto, ya sea con ensalada a la naranja o con fideos fritos.<\/p>\n","protected":false},"featured_media":17810,"comment_status":"open","ping_status":"closed","template":"","meta":[],"product_brand":[],"product_cat":[420,29],"product_tag":[133,177,260,261],"class_list":{"0":"post-17809","1":"product","2":"type-product","3":"status-publish","4":"has-post-thumbnail","6":"product_cat-tinto","7":"product_cat-vinos","8":"product_tag-alemania","9":"product_tag-pinot-noir","10":"product_tag-vino-aleman","11":"product_tag-vino-tintoalemania","13":"first","14":"instock","15":"shipping-taxable","16":"purchasable","17":"product-type-simple"},"_links":{"self":[{"href":"https:\/\/lawhiskeria.cr\/index.php?rest_route=\/wp\/v2\/product\/17809","targetHints":{"allow":["GET"]}}],"collection":[{"href":"https:\/\/lawhiskeria.cr\/index.php?rest_route=\/wp\/v2\/product"}],"about":[{"href":"https:\/\/lawhiskeria.cr\/index.php?rest_route=\/wp\/v2\/types\/product"}],"replies":[{"embeddable":true,"href":"https:\/\/lawhiskeria.cr\/index.php?rest_route=%2Fwp%2Fv2%2Fcomments&post=17809"}],"version-history":[{"count":2,"href":"https:\/\/lawhiskeria.cr\/index.php?rest_route=\/wp\/v2\/product\/17809\/revisions"}],"predecessor-version":[{"id":17812,"href":"https:\/\/lawhiskeria.cr\/index.php?rest_route=\/wp\/v2\/product\/17809\/revisions\/17812"}],"wp:featuredmedia":[{"embeddable":true,"href":"https:\/\/lawhiskeria.cr\/index.php?rest_route=\/wp\/v2\/media\/17810"}],"wp:attachment":[{"href":"https:\/\/lawhiskeria.cr\/index.php?rest_route=%2Fwp%2Fv2%2Fmedia&parent=17809"}],"wp:term":[{"taxonomy":"product_brand","embeddable":true,"href":"https:\/\/lawhiskeria.cr\/index.php?rest_route=%2Fwp%2Fv2%2Fproduct_brand&post=17809"},{"taxonomy":"product_cat","embeddable":true,"href":"https:\/\/lawhiskeria.cr\/index.php?rest_route=%2Fwp%2Fv2%2Fproduct_cat&post=17809"},{"taxonomy":"product_tag","embeddable":true,"href":"https:\/\/lawhiskeria.cr\/index.php?rest_route=%2Fwp%2Fv2%2Fproduct_tag&post=17809"}],"curies":[{"name":"wp","href":"https:\/\/api.w.org\/{rel}","templated":true}]}}