{"id":17794,"date":"2024-10-31T19:31:49","date_gmt":"2024-10-31T19:31:49","guid":{"rendered":"https:\/\/lawhiskeria.cr\/?post_type=product&#038;p=17794"},"modified":"2025-11-09T23:25:26","modified_gmt":"2025-11-09T23:25:26","slug":"ron-casa-maestri-flask","status":"publish","type":"product","link":"https:\/\/lawhiskeria.cr\/?product=ron-casa-maestri-flask","title":{"rendered":"Ron Casa Maestri Flask"},"content":{"rendered":"","protected":false},"excerpt":{"rendered":"<p>Durante siglos la gente ha usado petacas para beber alcohol, pero nadie ha usado esta botella que se vende lista para beber\u2026 \u00a1hasta ahora!<\/p>\n<p>Delicioso y suave ron mexicano de 4 a\u00f1os de a\u00f1ejamiento, producido en Veracruz, uno de los lugares productores m\u00e1s reconocidos en el mundo.<\/p>\n<p>\u00a1Ideal para mezclar con tus c\u00f3cteles favoritos o para disfrutar de un sorbo!<\/p>\n<p>El ron viene envasado en un flask (petaca) reutilizable de acero inoxidable.<\/p>\n<p>ABV 40% &#8211; 200 ml.<\/p>\n<p><iframe loading=\"lazy\" title=\"YouTube video player\" src=\"https:\/\/www.youtube.com\/embed\/LQIXGs5_PZQ?si=cIP8kGVqxERTlBPA\" width=\"560\" height=\"315\" frameborder=\"0\" allowfullscreen=\"allowfullscreen\"><\/iframe><\/p>\n","protected":false},"featured_media":17795,"comment_status":"open","ping_status":"closed","template":"","meta":[],"product_brand":[],"product_cat":[427,20,28],"product_tag":[258,182,135,145],"class_list":{"0":"post-17794","1":"product","2":"type-product","3":"status-publish","4":"has-post-thumbnail","6":"product_cat-ron","7":"product_cat-lpremium","8":"product_cat-accesorios","9":"product_tag-flask","10":"product_tag-mexico","11":"product_tag-petaca","12":"product_tag-ron","14":"first","15":"instock","16":"shipping-taxable","17":"purchasable","18":"product-type-simple"},"_links":{"self":[{"href":"https:\/\/lawhiskeria.cr\/index.php?rest_route=\/wp\/v2\/product\/17794","targetHints":{"allow":["GET"]}}],"collection":[{"href":"https:\/\/lawhiskeria.cr\/index.php?rest_route=\/wp\/v2\/product"}],"about":[{"href":"https:\/\/lawhiskeria.cr\/index.php?rest_route=\/wp\/v2\/types\/product"}],"replies":[{"embeddable":true,"href":"https:\/\/lawhiskeria.cr\/index.php?rest_route=%2Fwp%2Fv2%2Fcomments&post=17794"}],"version-history":[{"count":4,"href":"https:\/\/lawhiskeria.cr\/index.php?rest_route=\/wp\/v2\/product\/17794\/revisions"}],"predecessor-version":[{"id":19441,"href":"https:\/\/lawhiskeria.cr\/index.php?rest_route=\/wp\/v2\/product\/17794\/revisions\/19441"}],"wp:featuredmedia":[{"embeddable":true,"href":"https:\/\/lawhiskeria.cr\/index.php?rest_route=\/wp\/v2\/media\/17795"}],"wp:attachment":[{"href":"https:\/\/lawhiskeria.cr\/index.php?rest_route=%2Fwp%2Fv2%2Fmedia&parent=17794"}],"wp:term":[{"taxonomy":"product_brand","embeddable":true,"href":"https:\/\/lawhiskeria.cr\/index.php?rest_route=%2Fwp%2Fv2%2Fproduct_brand&post=17794"},{"taxonomy":"product_cat","embeddable":true,"href":"https:\/\/lawhiskeria.cr\/index.php?rest_route=%2Fwp%2Fv2%2Fproduct_cat&post=17794"},{"taxonomy":"product_tag","embeddable":true,"href":"https:\/\/lawhiskeria.cr\/index.php?rest_route=%2Fwp%2Fv2%2Fproduct_tag&post=17794"}],"curies":[{"name":"wp","href":"https:\/\/api.w.org\/{rel}","templated":true}]}}