{"id":17604,"date":"2024-10-25T21:55:58","date_gmt":"2024-10-25T21:55:58","guid":{"rendered":"https:\/\/lawhiskeria.cr\/?post_type=product&#038;p=17604"},"modified":"2026-02-28T20:26:44","modified_gmt":"2026-02-28T20:26:44","slug":"gyokusendo-peak-japanese-whisky","status":"publish","type":"product","link":"https:\/\/lawhiskeria.cr\/?product=gyokusendo-peak-japanese-whisky","title":{"rendered":"Gyokusendo Peak Japanese Whisky"},"content":{"rendered":"<p><strong>Destiler\u00eda:<\/strong> Gyokusendo Shuzo<br \/>\n<strong>Fecha de fundaci\u00f3n:<\/strong> 2007<br \/>\n<strong>Ubicaci\u00f3n de la destiler\u00eda:<\/strong> Prefectura de Gifu<br \/>\n<strong>Perfil:<\/strong> La cervecer\u00eda produce principalmente sake, pero tambi\u00e9n produce mirin, shochu, umeshu, whisky y otros licores. La empresa est\u00e1 ubicada en Yoro, prefectura de Gifu, donde cuenta con abundante agua subterr\u00e1nea blanda adecuada para la elaboraci\u00f3n de cerveza.<\/p>\n","protected":false},"excerpt":{"rendered":"<p><strong>Este whisky de lote peque\u00f1o es una mezcla de malta importada y algo de grano, lo que le da un sabor rico y redondo, as\u00ed como un final intenso y brillante. <\/strong><\/p>\n<p><strong>El agua subterr\u00e1nea suave proporciona la textura suave y aterciopelada del whisky, lo que permite funcionar muy bien en c\u00f3cteles. <\/strong><\/p>\n<p><strong>Muestra suaves aromas de miel cruda, incienso de templo antiguo y hierbas secas; con toques de miel de flores silvestres, malta, pl\u00e1tano y c\u00edtricos en boca.<\/strong><\/p>\n<p><strong>Un favorito local en la ciudad natal de Gyokusendo, Yoro, donde solo se producen 7500 Litros al a\u00f1o.<\/strong><\/p>\n<p><strong>Tipo de barrica: Barricas de jerez <\/strong><\/p>\n<p><strong>ABV: 43% &#8211; 750 ml.<\/strong><\/p>\n<p><strong>Maridajes: Ceviches, mariscos, ensaladas con frutas, pato ahumado, nueces, canap\u00e9s, etc., y tambi\u00e9n recomendado con fondue de queso.<\/strong><\/p>\n","protected":false},"featured_media":17605,"comment_status":"open","ping_status":"closed","template":"","meta":[],"product_brand":[],"product_cat":[32,71],"product_tag":[257,186],"class_list":{"0":"post-17604","1":"product","2":"type-product","3":"status-publish","4":"has-post-thumbnail","6":"product_cat-whisky","7":"product_cat-blends","8":"product_tag-japanese-whisky","9":"product_tag-whisky-japones","11":"first","12":"instock","13":"shipping-taxable","14":"purchasable","15":"product-type-simple"},"_links":{"self":[{"href":"https:\/\/lawhiskeria.cr\/index.php?rest_route=\/wp\/v2\/product\/17604","targetHints":{"allow":["GET"]}}],"collection":[{"href":"https:\/\/lawhiskeria.cr\/index.php?rest_route=\/wp\/v2\/product"}],"about":[{"href":"https:\/\/lawhiskeria.cr\/index.php?rest_route=\/wp\/v2\/types\/product"}],"replies":[{"embeddable":true,"href":"https:\/\/lawhiskeria.cr\/index.php?rest_route=%2Fwp%2Fv2%2Fcomments&post=17604"}],"version-history":[{"count":2,"href":"https:\/\/lawhiskeria.cr\/index.php?rest_route=\/wp\/v2\/product\/17604\/revisions"}],"predecessor-version":[{"id":17609,"href":"https:\/\/lawhiskeria.cr\/index.php?rest_route=\/wp\/v2\/product\/17604\/revisions\/17609"}],"wp:featuredmedia":[{"embeddable":true,"href":"https:\/\/lawhiskeria.cr\/index.php?rest_route=\/wp\/v2\/media\/17605"}],"wp:attachment":[{"href":"https:\/\/lawhiskeria.cr\/index.php?rest_route=%2Fwp%2Fv2%2Fmedia&parent=17604"}],"wp:term":[{"taxonomy":"product_brand","embeddable":true,"href":"https:\/\/lawhiskeria.cr\/index.php?rest_route=%2Fwp%2Fv2%2Fproduct_brand&post=17604"},{"taxonomy":"product_cat","embeddable":true,"href":"https:\/\/lawhiskeria.cr\/index.php?rest_route=%2Fwp%2Fv2%2Fproduct_cat&post=17604"},{"taxonomy":"product_tag","embeddable":true,"href":"https:\/\/lawhiskeria.cr\/index.php?rest_route=%2Fwp%2Fv2%2Fproduct_tag&post=17604"}],"curies":[{"name":"wp","href":"https:\/\/api.w.org\/{rel}","templated":true}]}}