{"id":17527,"date":"2024-10-10T22:40:29","date_gmt":"2024-10-10T22:40:29","guid":{"rendered":"https:\/\/lawhiskeria.cr\/?post_type=product&#038;p=17527"},"modified":"2025-10-28T00:08:43","modified_gmt":"2025-10-28T00:08:43","slug":"catena-malbec","status":"publish","type":"product","link":"https:\/\/lawhiskeria.cr\/?product=catena-malbec","title":{"rendered":"Catena Malbec"},"content":{"rendered":"<p><strong>VI\u00d1EDOS DE ALTURA DE LA FAMILIA CATENA <\/strong><\/p>\n<p><strong>Los vinos Catena son el resultado de cortes especiales de diferentes vi\u00f1edos de la familia Catena, elaborados por Laura Catena, cuarta generaci\u00f3n de viticultores, y Alejandro Vigil, En\u00f3logo Jefe de Catena Zapata. Si bien los vinos Catena pueden consumirse en el momento de su lanzamiento, han demostrado tener un maravilloso potencial de guarda, de entre diez y veinte a\u00f1os.\u00a0 <\/strong><\/p>\n<p><strong>Luego de varias d\u00e9cadas de estudio e investigaci\u00f3n de los diferentes microclimas de altura de Mendoza, la familia Catena ha identificado las mejores zonas para la plantaci\u00f3n de los vi\u00f1edos de la familia. Este vino, corte de dichos vi\u00f1edos hist\u00f3ricos, es un Malbec de car\u00e1cter \u00fanico, de excelente tipicidad, balance y concentraci\u00f3n.<\/strong><\/p>\n<p><strong>VINIFICACI\u00d3N <\/strong><\/p>\n<p><strong>5 d\u00edas de maceraci\u00f3n en fr\u00edo pre-fermentativa a 8,8\u00baC para mayor extracci\u00f3n de aromas. 12 d\u00edas de fermentaci\u00f3n. 19-22 d\u00edas de maceraci\u00f3n postfermentativa. Levaduras ind\u00edgenas. A\u00f1ejamiento: 12 meses en roble. Selecci\u00f3n de roble en funci\u00f3n del vi\u00f1edo y las caracter\u00edsticas de la cosecha. Barricas de primer, segundo y tercer uso.<\/strong><\/p>\n","protected":false},"excerpt":{"rendered":"<p><strong>VI\u00d1EDOS <\/strong><\/p>\n<p><strong>Corte de Tres Vi\u00f1edos \u2013 los vi\u00f1edos se dividen en lotes, que se cosechan por separado. <\/strong><\/p>\n<p><strong>Lunlunta: altitud 920 msnm. Sabores de ciruela madura. Textura sedosa. <\/strong><\/p>\n<p><strong>El Cepillo: altitud 1090 msnm. Aromas de frutos negros. Excelente estructura. <\/strong><\/p>\n<p><strong>Gualtallary: altitud 1.450 msnm. Explosivos aromas florales. Paladar voluptuoso y concentrado.<\/strong><\/p>\n<p><strong>INFORMACI\u00d3N T\u00c9CNICA <\/strong><\/p>\n<p><strong>En\u00f3logo: Alejandro Vigil <\/strong><\/p>\n<p><strong>Varietal: 100% Malbec <\/strong><\/p>\n<p><strong>Alcohol: 13.60% <\/strong><\/p>\n<p><strong>Acidez Total: 5.25 gr\/l de \u00e1cido tart\u00e1rico<\/strong><\/p>\n<p><strong>pH: 3.7<\/strong><\/p>\n","protected":false},"featured_media":17528,"comment_status":"open","ping_status":"closed","template":"","meta":[],"product_brand":[],"product_cat":[420,29],"product_tag":[152,151,247],"class_list":{"0":"post-17527","1":"product","2":"type-product","3":"status-publish","4":"has-post-thumbnail","6":"product_cat-tinto","7":"product_cat-vinos","8":"product_tag-malbec","9":"product_tag-vino-argentino","10":"product_tag-vino-tinto","12":"first","13":"instock","14":"shipping-taxable","15":"purchasable","16":"product-type-simple"},"_links":{"self":[{"href":"https:\/\/lawhiskeria.cr\/index.php?rest_route=\/wp\/v2\/product\/17527","targetHints":{"allow":["GET"]}}],"collection":[{"href":"https:\/\/lawhiskeria.cr\/index.php?rest_route=\/wp\/v2\/product"}],"about":[{"href":"https:\/\/lawhiskeria.cr\/index.php?rest_route=\/wp\/v2\/types\/product"}],"replies":[{"embeddable":true,"href":"https:\/\/lawhiskeria.cr\/index.php?rest_route=%2Fwp%2Fv2%2Fcomments&post=17527"}],"version-history":[{"count":1,"href":"https:\/\/lawhiskeria.cr\/index.php?rest_route=\/wp\/v2\/product\/17527\/revisions"}],"predecessor-version":[{"id":17529,"href":"https:\/\/lawhiskeria.cr\/index.php?rest_route=\/wp\/v2\/product\/17527\/revisions\/17529"}],"wp:featuredmedia":[{"embeddable":true,"href":"https:\/\/lawhiskeria.cr\/index.php?rest_route=\/wp\/v2\/media\/17528"}],"wp:attachment":[{"href":"https:\/\/lawhiskeria.cr\/index.php?rest_route=%2Fwp%2Fv2%2Fmedia&parent=17527"}],"wp:term":[{"taxonomy":"product_brand","embeddable":true,"href":"https:\/\/lawhiskeria.cr\/index.php?rest_route=%2Fwp%2Fv2%2Fproduct_brand&post=17527"},{"taxonomy":"product_cat","embeddable":true,"href":"https:\/\/lawhiskeria.cr\/index.php?rest_route=%2Fwp%2Fv2%2Fproduct_cat&post=17527"},{"taxonomy":"product_tag","embeddable":true,"href":"https:\/\/lawhiskeria.cr\/index.php?rest_route=%2Fwp%2Fv2%2Fproduct_tag&post=17527"}],"curies":[{"name":"wp","href":"https:\/\/api.w.org\/{rel}","templated":true}]}}