{"id":17513,"date":"2024-10-07T23:30:13","date_gmt":"2024-10-07T23:30:13","guid":{"rendered":"https:\/\/lawhiskeria.cr\/?post_type=product&#038;p=17513"},"modified":"2025-04-27T20:36:37","modified_gmt":"2025-04-27T20:36:37","slug":"sazerac-straight-rye","status":"publish","type":"product","link":"https:\/\/lawhiskeria.cr\/?product=sazerac-straight-rye","title":{"rendered":"Sazerac Straight Rye"},"content":{"rendered":"<p><strong>RESE\u00d1AS<\/strong><\/p>\n<p><strong>Puntuaci\u00f3n 94,5<\/strong><\/p>\n<p><strong>\u2013La Biblia del whisky de Jim Murray<\/strong><\/p>\n<p><strong>\u201cSi estuviera m\u00e1s crujiente, el vidrio se romper\u00eda\u2026 \u00a1Una joya rara y valiosa!\u201d<\/strong><\/p>\n<p><strong>-Jim Murray<\/strong><\/p>\n<p><strong>&#8220;Vers\u00e1til, fresco y una combinaci\u00f3n ideal para c\u00f3cteles que tambi\u00e9n incluyen licor de naranja, as\u00ed como su c\u00f3ctel cl\u00e1sico hom\u00f3nimo. Los aromas ligeros incluyen vainilla y un toque de c\u00edtricos jugosos. Los sabores van desde la naranja amarga, el chocolate negro y el t\u00e9 negro, hasta terminar con un toque de pimienta. Sensaci\u00f3n aterciopelada, a pesar del alcohol vigoroso. Mejor compra. 95 puntos &#8211; Wine Enthusiast.<\/strong><\/p>\n<p><strong>Premios m\u00e1s recientes:<\/strong><\/p>\n<p><strong>Desaf\u00edo mundial del whisky Gold 2024<\/strong><\/p>\n<p><strong>Concurso Internacional de Vinos y Licores Plata 2024<\/strong><\/p>\n<p><strong>Whisky de oro del mundo 2024<\/strong><\/p>\n<p><strong>Maestros del whisky americano de oro 2024<\/strong><\/p>\n<p><strong>Concurso de whisky y bourbon de Am\u00e9rica del Norte 2024<\/strong><\/p>\n<p><strong>Concurso Mundial de Bebidas Espirituosas de Singapur Plata 2024<\/strong><\/p>\n<p><strong>Concurso internacional de bebidas espirituosas Gold Denver 2024<\/strong><\/p>\n<p><strong>Concurso mundial de bebidas espirituosas Silver San Francisco 2024<\/strong><\/p>\n<p><strong>Premios ASCOT de oro 2024<\/strong><\/p>\n<p><strong>Desaf\u00edo Internacional de Bebidas Espirituosas Gold 2024<\/strong><\/p>\n","protected":false},"excerpt":{"rendered":"<p><strong>WHISKY DE CENTENO PUR\u00cdSIMO<\/strong><\/p>\n<p><strong>El \u00fanico y original whisky de centeno de Nueva Orleans. El whisky de centeno Sazerac simboliza la tradici\u00f3n y la historia de Nueva Orleans. El whisky de centeno se remonta al siglo XIX, cuando los salones, disfrazados de cafeter\u00edas, comenzaron a alinearse en las calles de Nueva Orleans. Fue en la cafeter\u00eda Sazerac de Royal Street donde se sirvieron a los clientes locales ponches hechos con whisky de centeno y bitters de Peychaud. La bebida se conoci\u00f3 como &#8220;Sazerac&#8221; y naci\u00f3 el primer c\u00f3ctel de marca de Estados Unidos. Este es el whisky con el que empez\u00f3 todo.<\/strong><\/p>\n<p><strong>NOTAS DE CATA<\/strong><\/p>\n<p><strong>Aromas de clavo, vainilla, an\u00eds y pimienta. <\/strong><\/p>\n<p><strong>Sutiles notas de especias confitadas y c\u00edtricos. <\/strong><\/p>\n<p><strong>El final es suave y persistente con toques de regaliz.<\/strong><\/p>\n<p><strong>ABV 45% &#8211; 750 ml.<\/strong><\/p>\n<p><iframe loading=\"lazy\" title=\"YouTube video player\" src=\"https:\/\/www.youtube.com\/embed\/exKyPg0G5bE?si=KBFrf65-5t1-diOL&amp;start=4227\" width=\"560\" height=\"315\" frameborder=\"0\" allowfullscreen=\"allowfullscreen\"><\/iframe><\/p>\n","protected":false},"featured_media":17514,"comment_status":"open","ping_status":"closed","template":"","meta":[],"product_brand":[],"product_cat":[70],"product_tag":[79,98,211],"class_list":{"0":"post-17513","1":"product","2":"type-product","3":"status-publish","4":"has-post-thumbnail","6":"product_cat-bourbon-american-whiskey","7":"product_tag-american-whiskey","8":"product_tag-rye","9":"product_tag-rye-whiskey","11":"first","12":"instock","13":"shipping-taxable","14":"purchasable","15":"product-type-simple"},"_links":{"self":[{"href":"https:\/\/lawhiskeria.cr\/index.php?rest_route=\/wp\/v2\/product\/17513","targetHints":{"allow":["GET"]}}],"collection":[{"href":"https:\/\/lawhiskeria.cr\/index.php?rest_route=\/wp\/v2\/product"}],"about":[{"href":"https:\/\/lawhiskeria.cr\/index.php?rest_route=\/wp\/v2\/types\/product"}],"replies":[{"embeddable":true,"href":"https:\/\/lawhiskeria.cr\/index.php?rest_route=%2Fwp%2Fv2%2Fcomments&post=17513"}],"version-history":[{"count":4,"href":"https:\/\/lawhiskeria.cr\/index.php?rest_route=\/wp\/v2\/product\/17513\/revisions"}],"predecessor-version":[{"id":18596,"href":"https:\/\/lawhiskeria.cr\/index.php?rest_route=\/wp\/v2\/product\/17513\/revisions\/18596"}],"wp:featuredmedia":[{"embeddable":true,"href":"https:\/\/lawhiskeria.cr\/index.php?rest_route=\/wp\/v2\/media\/17514"}],"wp:attachment":[{"href":"https:\/\/lawhiskeria.cr\/index.php?rest_route=%2Fwp%2Fv2%2Fmedia&parent=17513"}],"wp:term":[{"taxonomy":"product_brand","embeddable":true,"href":"https:\/\/lawhiskeria.cr\/index.php?rest_route=%2Fwp%2Fv2%2Fproduct_brand&post=17513"},{"taxonomy":"product_cat","embeddable":true,"href":"https:\/\/lawhiskeria.cr\/index.php?rest_route=%2Fwp%2Fv2%2Fproduct_cat&post=17513"},{"taxonomy":"product_tag","embeddable":true,"href":"https:\/\/lawhiskeria.cr\/index.php?rest_route=%2Fwp%2Fv2%2Fproduct_tag&post=17513"}],"curies":[{"name":"wp","href":"https:\/\/api.w.org\/{rel}","templated":true}]}}